{"id":6149,"date":"2026-02-27T14:58:23","date_gmt":"2026-02-27T14:58:23","guid":{"rendered":"https:\/\/nueva.tododiabetes.co\/?post_type=product&#038;p=6149"},"modified":"2026-02-27T14:59:03","modified_gmt":"2026-02-27T14:59:03","slug":"lancetas-accu-chek-softclix-caja-x-100","status":"publish","type":"product","link":"https:\/\/nueva.tododiabetes.co\/en\/product\/lancetas-accu-chek-softclix-caja-x-100\/","title":{"rendered":"Lancetas Accu-Chek Softclix Caja X 100"},"content":{"rendered":"<ul>\n<li><b>Punci\u00f3n Pr\u00e1cticamente Indolora<\/b>: La tecnolog\u00eda <b>Clixmotion\u00ae<\/b> de las lancetas <b>Accu-Chek Softclix<\/b> asegura un movimiento guiado y una velocidad controlada de la aguja. Esto minimiza la vibraci\u00f3n y el dolor durante la punci\u00f3n, lo que es vital para personas que se pinchan varias veces al d\u00eda.<\/li>\n<li><b>Compatibilidad Exclusiva<\/b>: Estas lancetas son compatibles <b>exclusivamente<\/b> con los dispositivos de punci\u00f3n <b>Accu-Chek Softclix<\/b> y <b>Accu-Chek Aviva Softclix<\/b>. Al destacar esta compatibilidad, atraemos a usuarios que ya poseen este tipo de punzador y est\u00e1n buscando repuestos fiables.<\/li>\n<li><b>Seguridad y Desechabilidad<\/b>: Cada lanceta es de un solo uso y viene est\u00e9ril para garantizar la m\u00e1xima higiene y reducir el riesgo de infecciones. Su dise\u00f1o permite una inserci\u00f3n y remoci\u00f3n sencilla sin que el usuario tenga contacto directo con la aguja, lo que a\u00f1ade un extra de seguridad.<\/li>\n<li><b>Paquete Econ\u00f3mico<\/b>: El empaque de 100 unidades ofrece una soluci\u00f3n pr\u00e1ctica y duradera, asegurando que siempre tengas lancetas disponibles para tu monitoreo diario.<\/li>\n<\/ul>","protected":false},"excerpt":{"rendered":"<ul>\n<li>Punta esterilizada en forma de diamante y cubierta de silic\u00f3n<\/li>\n<li>Disminuyen el dolor de la punci\u00f3n<\/li>\n<li>Su sistema de punci\u00f3n extrae f\u00e1cilmente sangre capilar de la yema del dedo.<\/li>\n<li>Mayor facilidad de uso, cuenta con capuch\u00f3n de seguridad.<\/li>\n<li>La avanzada tecnolog\u00eda Clixmotion\u00ae evita la oscilaci\u00f3n de la lanceta y con ello\u00a0 la ruptura innecesaria de tejidos.<\/li>\n<li>Penetraci\u00f3n a gran velocidad con retracci\u00f3n activa de la aguja<\/li>\n<li>No hay contacto con la lanceta, se podr\u00e1 insertar y retirar f\u00e1cilmente sin\u00a0 ning\u00fan riesgo<\/li>\n<\/ul>","protected":false},"featured_media":6245,"comment_status":"open","ping_status":"closed","template":"","meta":[],"product_brand":[74],"product_cat":[79,72],"product_tag":[],"class_list":{"0":"post-6149","1":"product","2":"type-product","3":"status-publish","4":"has-post-thumbnail","6":"product_brand-accu-chek","7":"product_cat-aplicacion-de-insulina","8":"product_cat-glucometros-y-tiras","10":"first","11":"instock","12":"sale","13":"taxable","14":"shipping-taxable","15":"purchasable","16":"product-type-simple"},"yoast_head":"<!-- This site is optimized with the Yoast SEO plugin v27.2 - https:\/\/yoast.com\/product\/yoast-seo-wordpress\/ -->\n<title>Lancetas Accu-Chek Softclix Caja X 100 - Tododiabetes \u2764\ufe0f<\/title>\n<meta name=\"description\" content=\"Lancetas Accu-Chek Softclix Caja X 100. Dise\u00f1adas para ser utilizadas con el dispositivo de punci\u00f3n Accu-Chek Softclix. \u260e\ufe0f 6019195560 Envios a toda Colombia\" \/>\n<meta name=\"robots\" content=\"noindex, follow, max-snippet:-1, max-image-preview:large, max-video-preview:-1\" \/>\n<meta property=\"og:locale\" content=\"en_US\" \/>\n<meta property=\"og:type\" content=\"article\" \/>\n<meta property=\"og:title\" content=\"Lancetas Accu-Chek Softclix Caja X 100 - Tododiabetes \u2764\ufe0f\" \/>\n<meta property=\"og:description\" content=\"Lancetas Accu-Chek Softclix Caja X 100. Dise\u00f1adas para ser utilizadas con el dispositivo de punci\u00f3n Accu-Chek Softclix. \u260e\ufe0f 6019195560 Envios a toda Colombia\" \/>\n<meta property=\"og:url\" content=\"https:\/\/nueva.tododiabetes.co\/en\/product\/lancetas-accu-chek-softclix-caja-x-100\/\" \/>\n<meta property=\"og:site_name\" content=\"Tododiabetes \u2764\ufe0f\" \/>\n<meta property=\"article:modified_time\" content=\"2026-02-27T14:59:03+00:00\" \/>\n<meta property=\"og:image\" content=\"https:\/\/nueva.tododiabetes.co\/wp-content\/uploads\/2026\/02\/Lancetas-Accu-Chek-Softclix-Caja-X-100.jpg\" \/>\n\t<meta property=\"og:image:width\" content=\"600\" \/>\n\t<meta property=\"og:image:height\" content=\"600\" \/>\n\t<meta property=\"og:image:type\" content=\"image\/jpeg\" \/>\n<meta name=\"twitter:card\" content=\"summary_large_image\" \/>\n<meta name=\"twitter:label1\" content=\"Est. reading time\" \/>\n\t<meta name=\"twitter:data1\" content=\"1 minute\" \/>\n<script type=\"application\/ld+json\" class=\"yoast-schema-graph\">{\"@context\":\"https:\/\/schema.org\",\"@graph\":[{\"@type\":\"WebPage\",\"@id\":\"https:\/\/nueva.tododiabetes.co\/product\/lancetas-accu-chek-softclix-caja-x-100\/\",\"url\":\"https:\/\/nueva.tododiabetes.co\/product\/lancetas-accu-chek-softclix-caja-x-100\/\",\"name\":\"Lancetas Accu-Chek Softclix Caja X 100 - Tododiabetes \u2764\ufe0f\",\"isPartOf\":{\"@id\":\"https:\/\/nueva.tododiabetes.co\/#website\"},\"primaryImageOfPage\":{\"@id\":\"https:\/\/nueva.tododiabetes.co\/product\/lancetas-accu-chek-softclix-caja-x-100\/#primaryimage\"},\"image\":{\"@id\":\"https:\/\/nueva.tododiabetes.co\/product\/lancetas-accu-chek-softclix-caja-x-100\/#primaryimage\"},\"thumbnailUrl\":\"https:\/\/nueva.tododiabetes.co\/wp-content\/uploads\/2026\/02\/Lancetas-Accu-Chek-Softclix-Caja-X-100.jpg\",\"datePublished\":\"2026-02-27T14:58:23+00:00\",\"dateModified\":\"2026-02-27T14:59:03+00:00\",\"description\":\"Lancetas Accu-Chek Softclix Caja X 100. Dise\u00f1adas para ser utilizadas con el dispositivo de punci\u00f3n Accu-Chek Softclix. \u260e\ufe0f 6019195560 Envios a toda Colombia\",\"breadcrumb\":{\"@id\":\"https:\/\/nueva.tododiabetes.co\/product\/lancetas-accu-chek-softclix-caja-x-100\/#breadcrumb\"},\"inLanguage\":\"en-US\",\"potentialAction\":[{\"@type\":\"ReadAction\",\"target\":[\"https:\/\/nueva.tododiabetes.co\/product\/lancetas-accu-chek-softclix-caja-x-100\/\"]}]},{\"@type\":\"ImageObject\",\"inLanguage\":\"en-US\",\"@id\":\"https:\/\/nueva.tododiabetes.co\/product\/lancetas-accu-chek-softclix-caja-x-100\/#primaryimage\",\"url\":\"https:\/\/nueva.tododiabetes.co\/wp-content\/uploads\/2026\/02\/Lancetas-Accu-Chek-Softclix-Caja-X-100.jpg\",\"contentUrl\":\"https:\/\/nueva.tododiabetes.co\/wp-content\/uploads\/2026\/02\/Lancetas-Accu-Chek-Softclix-Caja-X-100.jpg\",\"width\":600,\"height\":600},{\"@type\":\"BreadcrumbList\",\"@id\":\"https:\/\/nueva.tododiabetes.co\/product\/lancetas-accu-chek-softclix-caja-x-100\/#breadcrumb\",\"itemListElement\":[{\"@type\":\"ListItem\",\"position\":1,\"name\":\"Home\",\"item\":\"https:\/\/nueva.tododiabetes.co\/\"},{\"@type\":\"ListItem\",\"position\":2,\"name\":\"Tienda\",\"item\":\"https:\/\/nueva.tododiabetes.co\/tienda\/\"},{\"@type\":\"ListItem\",\"position\":3,\"name\":\"Lancetas Accu-Chek Softclix Caja X 100\"}]},{\"@type\":\"WebSite\",\"@id\":\"https:\/\/nueva.tododiabetes.co\/#website\",\"url\":\"https:\/\/nueva.tododiabetes.co\/\",\"name\":\"Tododiabetes \u2764\ufe0f\",\"description\":\"Tienda de productos para Diabetes e Hipertensi\u00f3n \u260e\ufe0f 6019195560\",\"publisher\":{\"@id\":\"https:\/\/nueva.tododiabetes.co\/#organization\"},\"potentialAction\":[{\"@type\":\"SearchAction\",\"target\":{\"@type\":\"EntryPoint\",\"urlTemplate\":\"https:\/\/nueva.tododiabetes.co\/?s={search_term_string}\"},\"query-input\":{\"@type\":\"PropertyValueSpecification\",\"valueRequired\":true,\"valueName\":\"search_term_string\"}}],\"inLanguage\":\"en-US\"},{\"@type\":\"Organization\",\"@id\":\"https:\/\/nueva.tododiabetes.co\/#organization\",\"name\":\"Tododiabetes \u2764\ufe0f\",\"url\":\"https:\/\/nueva.tododiabetes.co\/\",\"logo\":{\"@type\":\"ImageObject\",\"inLanguage\":\"en-US\",\"@id\":\"https:\/\/nueva.tododiabetes.co\/#\/schema\/logo\/image\/\",\"url\":\"https:\/\/nueva.tododiabetes.co\/wp-content\/uploads\/2021\/02\/Logo-tododiabetes.webp\",\"contentUrl\":\"https:\/\/nueva.tododiabetes.co\/wp-content\/uploads\/2021\/02\/Logo-tododiabetes.webp\",\"width\":1024,\"height\":137,\"caption\":\"Tododiabetes \u2764\ufe0f\"},\"image\":{\"@id\":\"https:\/\/nueva.tododiabetes.co\/#\/schema\/logo\/image\/\"}}]}<\/script>\n<!-- \/ Yoast SEO plugin. -->","yoast_head_json":{"title":"Lancetas Accu-Chek Softclix Caja X 100 - Tododiabetes \u2764\ufe0f","description":"Lancetas Accu-Chek Softclix Caja X 100. Dise\u00f1adas para ser utilizadas con el dispositivo de punci\u00f3n Accu-Chek Softclix. \u260e\ufe0f 6019195560 Envios a toda Colombia","robots":{"index":"noindex","follow":"follow","max-snippet":"max-snippet:-1","max-image-preview":"max-image-preview:large","max-video-preview":"max-video-preview:-1"},"og_locale":"en_US","og_type":"article","og_title":"Lancetas Accu-Chek Softclix Caja X 100 - Tododiabetes \u2764\ufe0f","og_description":"Lancetas Accu-Chek Softclix Caja X 100. Dise\u00f1adas para ser utilizadas con el dispositivo de punci\u00f3n Accu-Chek Softclix. \u260e\ufe0f 6019195560 Envios a toda Colombia","og_url":"https:\/\/nueva.tododiabetes.co\/en\/product\/lancetas-accu-chek-softclix-caja-x-100\/","og_site_name":"Tododiabetes \u2764\ufe0f","article_modified_time":"2026-02-27T14:59:03+00:00","og_image":[{"width":600,"height":600,"url":"https:\/\/nueva.tododiabetes.co\/wp-content\/uploads\/2026\/02\/Lancetas-Accu-Chek-Softclix-Caja-X-100.jpg","type":"image\/jpeg"}],"twitter_card":"summary_large_image","twitter_misc":{"Est. reading time":"1 minute"},"schema":{"@context":"https:\/\/schema.org","@graph":[{"@type":"WebPage","@id":"https:\/\/nueva.tododiabetes.co\/product\/lancetas-accu-chek-softclix-caja-x-100\/","url":"https:\/\/nueva.tododiabetes.co\/product\/lancetas-accu-chek-softclix-caja-x-100\/","name":"Lancetas Accu-Chek Softclix Caja X 100 - Tododiabetes \u2764\ufe0f","isPartOf":{"@id":"https:\/\/nueva.tododiabetes.co\/#website"},"primaryImageOfPage":{"@id":"https:\/\/nueva.tododiabetes.co\/product\/lancetas-accu-chek-softclix-caja-x-100\/#primaryimage"},"image":{"@id":"https:\/\/nueva.tododiabetes.co\/product\/lancetas-accu-chek-softclix-caja-x-100\/#primaryimage"},"thumbnailUrl":"https:\/\/nueva.tododiabetes.co\/wp-content\/uploads\/2026\/02\/Lancetas-Accu-Chek-Softclix-Caja-X-100.jpg","datePublished":"2026-02-27T14:58:23+00:00","dateModified":"2026-02-27T14:59:03+00:00","description":"Lancetas Accu-Chek Softclix Caja X 100. Dise\u00f1adas para ser utilizadas con el dispositivo de punci\u00f3n Accu-Chek Softclix. \u260e\ufe0f 6019195560 Envios a toda Colombia","breadcrumb":{"@id":"https:\/\/nueva.tododiabetes.co\/product\/lancetas-accu-chek-softclix-caja-x-100\/#breadcrumb"},"inLanguage":"en-US","potentialAction":[{"@type":"ReadAction","target":["https:\/\/nueva.tododiabetes.co\/product\/lancetas-accu-chek-softclix-caja-x-100\/"]}]},{"@type":"ImageObject","inLanguage":"en-US","@id":"https:\/\/nueva.tododiabetes.co\/product\/lancetas-accu-chek-softclix-caja-x-100\/#primaryimage","url":"https:\/\/nueva.tododiabetes.co\/wp-content\/uploads\/2026\/02\/Lancetas-Accu-Chek-Softclix-Caja-X-100.jpg","contentUrl":"https:\/\/nueva.tododiabetes.co\/wp-content\/uploads\/2026\/02\/Lancetas-Accu-Chek-Softclix-Caja-X-100.jpg","width":600,"height":600},{"@type":"BreadcrumbList","@id":"https:\/\/nueva.tododiabetes.co\/product\/lancetas-accu-chek-softclix-caja-x-100\/#breadcrumb","itemListElement":[{"@type":"ListItem","position":1,"name":"Home","item":"https:\/\/nueva.tododiabetes.co\/"},{"@type":"ListItem","position":2,"name":"Tienda","item":"https:\/\/nueva.tododiabetes.co\/tienda\/"},{"@type":"ListItem","position":3,"name":"Lancetas Accu-Chek Softclix Caja X 100"}]},{"@type":"WebSite","@id":"https:\/\/nueva.tododiabetes.co\/#website","url":"https:\/\/nueva.tododiabetes.co\/","name":"Tododiabetes \u2764\ufe0f","description":"Tienda de productos para Diabetes e Hipertensi\u00f3n \u260e\ufe0f 6019195560","publisher":{"@id":"https:\/\/nueva.tododiabetes.co\/#organization"},"potentialAction":[{"@type":"SearchAction","target":{"@type":"EntryPoint","urlTemplate":"https:\/\/nueva.tododiabetes.co\/?s={search_term_string}"},"query-input":{"@type":"PropertyValueSpecification","valueRequired":true,"valueName":"search_term_string"}}],"inLanguage":"en-US"},{"@type":"Organization","@id":"https:\/\/nueva.tododiabetes.co\/#organization","name":"Tododiabetes \u2764\ufe0f","url":"https:\/\/nueva.tododiabetes.co\/","logo":{"@type":"ImageObject","inLanguage":"en-US","@id":"https:\/\/nueva.tododiabetes.co\/#\/schema\/logo\/image\/","url":"https:\/\/nueva.tododiabetes.co\/wp-content\/uploads\/2021\/02\/Logo-tododiabetes.webp","contentUrl":"https:\/\/nueva.tododiabetes.co\/wp-content\/uploads\/2021\/02\/Logo-tododiabetes.webp","width":1024,"height":137,"caption":"Tododiabetes \u2764\ufe0f"},"image":{"@id":"https:\/\/nueva.tododiabetes.co\/#\/schema\/logo\/image\/"}}]}},"_links":{"self":[{"href":"https:\/\/nueva.tododiabetes.co\/en\/wp-json\/wp\/v2\/product\/6149","targetHints":{"allow":["GET"]}}],"collection":[{"href":"https:\/\/nueva.tododiabetes.co\/en\/wp-json\/wp\/v2\/product"}],"about":[{"href":"https:\/\/nueva.tododiabetes.co\/en\/wp-json\/wp\/v2\/types\/product"}],"replies":[{"embeddable":true,"href":"https:\/\/nueva.tododiabetes.co\/en\/wp-json\/wp\/v2\/comments?post=6149"}],"version-history":[{"count":1,"href":"https:\/\/nueva.tododiabetes.co\/en\/wp-json\/wp\/v2\/product\/6149\/revisions"}],"predecessor-version":[{"id":6246,"href":"https:\/\/nueva.tododiabetes.co\/en\/wp-json\/wp\/v2\/product\/6149\/revisions\/6246"}],"wp:featuredmedia":[{"embeddable":true,"href":"https:\/\/nueva.tododiabetes.co\/en\/wp-json\/wp\/v2\/media\/6245"}],"wp:attachment":[{"href":"https:\/\/nueva.tododiabetes.co\/en\/wp-json\/wp\/v2\/media?parent=6149"}],"wp:term":[{"taxonomy":"product_brand","embeddable":true,"href":"https:\/\/nueva.tododiabetes.co\/en\/wp-json\/wp\/v2\/product_brand?post=6149"},{"taxonomy":"product_cat","embeddable":true,"href":"https:\/\/nueva.tododiabetes.co\/en\/wp-json\/wp\/v2\/product_cat?post=6149"},{"taxonomy":"product_tag","embeddable":true,"href":"https:\/\/nueva.tododiabetes.co\/en\/wp-json\/wp\/v2\/product_tag?post=6149"}],"curies":[{"name":"wp","href":"https:\/\/api.w.org\/{rel}","templated":true}]}}