{"id":6146,"date":"2026-02-27T14:58:22","date_gmt":"2026-02-27T14:58:22","guid":{"rendered":"https:\/\/nueva.tododiabetes.co\/?post_type=product&#038;p=6146"},"modified":"2026-02-27T22:47:39","modified_gmt":"2026-02-27T22:47:39","slug":"plan-de-suscripcion-6-meses-de-tiras-para-glucometro-g30a-_-100-tiras-glucoquick-g30a-100-lancetas","status":"publish","type":"product","link":"https:\/\/nueva.tododiabetes.co\/en\/product\/plan-de-suscripcion-6-meses-de-tiras-para-glucometro-g30a-_-100-tiras-glucoquick-g30a-100-lancetas\/","title":{"rendered":"Plan de suscripci\u00f3n 6 meses de Tiras para Glucometro G30a _ 100 tiras Glucoquick G30a + 100 lancetas"},"content":{"rendered":"<p>Recibe mensual en la puerta de tu casa:<\/p>\n<ul>\n<li>100 tiras y 100 lancetas, cada mes debes pagar $110.000<\/li>\n<li>Envio gratis.<\/li>\n<\/ul>","protected":false},"excerpt":{"rendered":"<p>Despreocupate de tus tiras por 12 meses con nuestros planes anuales y toma el control de tu Diabetes.<\/p>\n<ul>\n<li>100 tiras y 100 lancetas mensuales<\/li>\n<li><strong><em><span style=\"color: #0000ff;\">Ahorra $84.000<\/span><\/em><\/strong> al a\u00f1o en env\u00edos para Bogot\u00e1 o <span style=\"color: #0000ff;\"><em><strong>$120.000<\/strong><\/em><\/span> al a\u00f1o en env\u00edos para a nivel nacional<\/li>\n<li>Descuento del 38<strong>%<\/strong>. <span style=\"color: #0000ff;\"><strong><em>Ahorra $60.800<\/em><\/strong><\/span> mensual en tus tiras<\/li>\n<li>Cada glucometr\u00eda te saldr\u00eda por <strong><span style=\"color: #0000ff;\"><em>$1.100<\/em><\/span><\/strong><\/li>\n<li>12 meses de producto<\/li>\n<li>Entrega mensual en la puerta de tu casa<\/li>\n<\/ul>","protected":false},"featured_media":6239,"comment_status":"open","ping_status":"closed","template":"","meta":[],"product_brand":[77,90],"product_cat":[72,247,80,158,159],"product_tag":[],"class_list":{"0":"post-6146","1":"product","2":"type-product","3":"status-publish","4":"has-post-thumbnail","6":"product_brand-glucoquick","7":"product_brand-procaps","8":"product_cat-glucometros-y-tiras","9":"product_cat-glucoquick-g30a","10":"product_cat-ofertas","11":"product_cat-planes-de-ahorro-tiras","12":"product_cat-suscripciones","14":"first","15":"instock","16":"sale","17":"featured","18":"sold-individually","19":"purchasable","20":"product-type-simple"},"yoast_head":"<!-- This site is optimized with the Yoast SEO plugin v27.2 - https:\/\/yoast.com\/product\/yoast-seo-wordpress\/ -->\n<title>Plan de suscripci\u00f3n 6 meses de Tiras para Glucometro G30a _ 100 tiras Glucoquick G30a + 100 lancetas - Tododiabetes \u2764\ufe0f<\/title>\n<meta name=\"description\" content=\"Plan de suscripci\u00f3n anual de Tiras para Glucometro Glucoquick G30a, Recibe 100 tiras y 100 lancetas mensuales en la puerta de tu casa por solo $99.000. % %\" \/>\n<meta name=\"robots\" content=\"noindex, follow, max-snippet:-1, max-image-preview:large, max-video-preview:-1\" \/>\n<meta property=\"og:locale\" content=\"en_US\" \/>\n<meta property=\"og:type\" content=\"article\" \/>\n<meta property=\"og:title\" content=\"Plan de suscripci\u00f3n 6 meses de Tiras para Glucometro G30a _ 100 tiras Glucoquick G30a + 100 lancetas - Tododiabetes \u2764\ufe0f\" \/>\n<meta property=\"og:description\" content=\"Plan de suscripci\u00f3n anual de Tiras para Glucometro Glucoquick G30a, Recibe 100 tiras y 100 lancetas mensuales en la puerta de tu casa por solo $99.000. % %\" \/>\n<meta property=\"og:url\" content=\"https:\/\/nueva.tododiabetes.co\/en\/product\/plan-de-suscripcion-6-meses-de-tiras-para-glucometro-g30a-_-100-tiras-glucoquick-g30a-100-lancetas\/\" \/>\n<meta property=\"og:site_name\" content=\"Tododiabetes \u2764\ufe0f\" \/>\n<meta property=\"article:modified_time\" content=\"2026-02-27T22:47:39+00:00\" \/>\n<meta property=\"og:image\" content=\"https:\/\/nueva.tododiabetes.co\/wp-content\/uploads\/2026\/02\/PLAN-6-MESES-TIRAS-GLUCOQUICK-DIAMOND-G30a.png\" \/>\n\t<meta property=\"og:image:width\" content=\"600\" \/>\n\t<meta property=\"og:image:height\" content=\"600\" \/>\n\t<meta property=\"og:image:type\" content=\"image\/png\" \/>\n<meta name=\"twitter:card\" content=\"summary_large_image\" \/>\n<meta name=\"twitter:label1\" content=\"Est. reading time\" \/>\n\t<meta name=\"twitter:data1\" content=\"1 minute\" \/>\n<script type=\"application\/ld+json\" class=\"yoast-schema-graph\">{\"@context\":\"https:\/\/schema.org\",\"@graph\":[{\"@type\":\"WebPage\",\"@id\":\"https:\/\/nueva.tododiabetes.co\/product\/plan-de-suscripcion-6-meses-de-tiras-para-glucometro-g30a-_-100-tiras-glucoquick-g30a-100-lancetas\/\",\"url\":\"https:\/\/nueva.tododiabetes.co\/product\/plan-de-suscripcion-6-meses-de-tiras-para-glucometro-g30a-_-100-tiras-glucoquick-g30a-100-lancetas\/\",\"name\":\"Plan de suscripci\u00f3n 6 meses de Tiras para Glucometro G30a _ 100 tiras Glucoquick G30a + 100 lancetas - Tododiabetes \u2764\ufe0f\",\"isPartOf\":{\"@id\":\"https:\/\/nueva.tododiabetes.co\/#website\"},\"primaryImageOfPage\":{\"@id\":\"https:\/\/nueva.tododiabetes.co\/product\/plan-de-suscripcion-6-meses-de-tiras-para-glucometro-g30a-_-100-tiras-glucoquick-g30a-100-lancetas\/#primaryimage\"},\"image\":{\"@id\":\"https:\/\/nueva.tododiabetes.co\/product\/plan-de-suscripcion-6-meses-de-tiras-para-glucometro-g30a-_-100-tiras-glucoquick-g30a-100-lancetas\/#primaryimage\"},\"thumbnailUrl\":\"https:\/\/nueva.tododiabetes.co\/wp-content\/uploads\/2026\/02\/PLAN-6-MESES-TIRAS-GLUCOQUICK-DIAMOND-G30a.png\",\"datePublished\":\"2026-02-27T14:58:22+00:00\",\"dateModified\":\"2026-02-27T22:47:39+00:00\",\"description\":\"Plan de suscripci\u00f3n anual de Tiras para Glucometro Glucoquick G30a, Recibe 100 tiras y 100 lancetas mensuales en la puerta de tu casa por solo $99.000. % %\",\"breadcrumb\":{\"@id\":\"https:\/\/nueva.tododiabetes.co\/product\/plan-de-suscripcion-6-meses-de-tiras-para-glucometro-g30a-_-100-tiras-glucoquick-g30a-100-lancetas\/#breadcrumb\"},\"inLanguage\":\"en-US\",\"potentialAction\":[{\"@type\":\"ReadAction\",\"target\":[\"https:\/\/nueva.tododiabetes.co\/product\/plan-de-suscripcion-6-meses-de-tiras-para-glucometro-g30a-_-100-tiras-glucoquick-g30a-100-lancetas\/\"]}]},{\"@type\":\"ImageObject\",\"inLanguage\":\"en-US\",\"@id\":\"https:\/\/nueva.tododiabetes.co\/product\/plan-de-suscripcion-6-meses-de-tiras-para-glucometro-g30a-_-100-tiras-glucoquick-g30a-100-lancetas\/#primaryimage\",\"url\":\"https:\/\/nueva.tododiabetes.co\/wp-content\/uploads\/2026\/02\/PLAN-6-MESES-TIRAS-GLUCOQUICK-DIAMOND-G30a.png\",\"contentUrl\":\"https:\/\/nueva.tododiabetes.co\/wp-content\/uploads\/2026\/02\/PLAN-6-MESES-TIRAS-GLUCOQUICK-DIAMOND-G30a.png\",\"width\":600,\"height\":600},{\"@type\":\"BreadcrumbList\",\"@id\":\"https:\/\/nueva.tododiabetes.co\/product\/plan-de-suscripcion-6-meses-de-tiras-para-glucometro-g30a-_-100-tiras-glucoquick-g30a-100-lancetas\/#breadcrumb\",\"itemListElement\":[{\"@type\":\"ListItem\",\"position\":1,\"name\":\"Home\",\"item\":\"https:\/\/nueva.tododiabetes.co\/\"},{\"@type\":\"ListItem\",\"position\":2,\"name\":\"Tienda\",\"item\":\"https:\/\/nueva.tododiabetes.co\/tienda\/\"},{\"@type\":\"ListItem\",\"position\":3,\"name\":\"Plan de suscripci\u00f3n 6 meses de Tiras para Glucometro G30a _ 100 tiras Glucoquick G30a + 100 lancetas\"}]},{\"@type\":\"WebSite\",\"@id\":\"https:\/\/nueva.tododiabetes.co\/#website\",\"url\":\"https:\/\/nueva.tododiabetes.co\/\",\"name\":\"Tododiabetes \u2764\ufe0f\",\"description\":\"Tienda de productos para Diabetes e Hipertensi\u00f3n \u260e\ufe0f 6019195560\",\"publisher\":{\"@id\":\"https:\/\/nueva.tododiabetes.co\/#organization\"},\"potentialAction\":[{\"@type\":\"SearchAction\",\"target\":{\"@type\":\"EntryPoint\",\"urlTemplate\":\"https:\/\/nueva.tododiabetes.co\/?s={search_term_string}\"},\"query-input\":{\"@type\":\"PropertyValueSpecification\",\"valueRequired\":true,\"valueName\":\"search_term_string\"}}],\"inLanguage\":\"en-US\"},{\"@type\":\"Organization\",\"@id\":\"https:\/\/nueva.tododiabetes.co\/#organization\",\"name\":\"Tododiabetes \u2764\ufe0f\",\"url\":\"https:\/\/nueva.tododiabetes.co\/\",\"logo\":{\"@type\":\"ImageObject\",\"inLanguage\":\"en-US\",\"@id\":\"https:\/\/nueva.tododiabetes.co\/#\/schema\/logo\/image\/\",\"url\":\"https:\/\/nueva.tododiabetes.co\/wp-content\/uploads\/2021\/02\/Logo-tododiabetes.webp\",\"contentUrl\":\"https:\/\/nueva.tododiabetes.co\/wp-content\/uploads\/2021\/02\/Logo-tododiabetes.webp\",\"width\":1024,\"height\":137,\"caption\":\"Tododiabetes \u2764\ufe0f\"},\"image\":{\"@id\":\"https:\/\/nueva.tododiabetes.co\/#\/schema\/logo\/image\/\"}}]}<\/script>\n<!-- \/ Yoast SEO plugin. -->","yoast_head_json":{"title":"Plan de suscripci\u00f3n 6 meses de Tiras para Glucometro G30a _ 100 tiras Glucoquick G30a + 100 lancetas - Tododiabetes \u2764\ufe0f","description":"Plan de suscripci\u00f3n anual de Tiras para Glucometro Glucoquick G30a, Recibe 100 tiras y 100 lancetas mensuales en la puerta de tu casa por solo $99.000. % %","robots":{"index":"noindex","follow":"follow","max-snippet":"max-snippet:-1","max-image-preview":"max-image-preview:large","max-video-preview":"max-video-preview:-1"},"og_locale":"en_US","og_type":"article","og_title":"Plan de suscripci\u00f3n 6 meses de Tiras para Glucometro G30a _ 100 tiras Glucoquick G30a + 100 lancetas - Tododiabetes \u2764\ufe0f","og_description":"Plan de suscripci\u00f3n anual de Tiras para Glucometro Glucoquick G30a, Recibe 100 tiras y 100 lancetas mensuales en la puerta de tu casa por solo $99.000. % %","og_url":"https:\/\/nueva.tododiabetes.co\/en\/product\/plan-de-suscripcion-6-meses-de-tiras-para-glucometro-g30a-_-100-tiras-glucoquick-g30a-100-lancetas\/","og_site_name":"Tododiabetes \u2764\ufe0f","article_modified_time":"2026-02-27T22:47:39+00:00","og_image":[{"width":600,"height":600,"url":"https:\/\/nueva.tododiabetes.co\/wp-content\/uploads\/2026\/02\/PLAN-6-MESES-TIRAS-GLUCOQUICK-DIAMOND-G30a.png","type":"image\/png"}],"twitter_card":"summary_large_image","twitter_misc":{"Est. reading time":"1 minute"},"schema":{"@context":"https:\/\/schema.org","@graph":[{"@type":"WebPage","@id":"https:\/\/nueva.tododiabetes.co\/product\/plan-de-suscripcion-6-meses-de-tiras-para-glucometro-g30a-_-100-tiras-glucoquick-g30a-100-lancetas\/","url":"https:\/\/nueva.tododiabetes.co\/product\/plan-de-suscripcion-6-meses-de-tiras-para-glucometro-g30a-_-100-tiras-glucoquick-g30a-100-lancetas\/","name":"Plan de suscripci\u00f3n 6 meses de Tiras para Glucometro G30a _ 100 tiras Glucoquick G30a + 100 lancetas - Tododiabetes \u2764\ufe0f","isPartOf":{"@id":"https:\/\/nueva.tododiabetes.co\/#website"},"primaryImageOfPage":{"@id":"https:\/\/nueva.tododiabetes.co\/product\/plan-de-suscripcion-6-meses-de-tiras-para-glucometro-g30a-_-100-tiras-glucoquick-g30a-100-lancetas\/#primaryimage"},"image":{"@id":"https:\/\/nueva.tododiabetes.co\/product\/plan-de-suscripcion-6-meses-de-tiras-para-glucometro-g30a-_-100-tiras-glucoquick-g30a-100-lancetas\/#primaryimage"},"thumbnailUrl":"https:\/\/nueva.tododiabetes.co\/wp-content\/uploads\/2026\/02\/PLAN-6-MESES-TIRAS-GLUCOQUICK-DIAMOND-G30a.png","datePublished":"2026-02-27T14:58:22+00:00","dateModified":"2026-02-27T22:47:39+00:00","description":"Plan de suscripci\u00f3n anual de Tiras para Glucometro Glucoquick G30a, Recibe 100 tiras y 100 lancetas mensuales en la puerta de tu casa por solo $99.000. % %","breadcrumb":{"@id":"https:\/\/nueva.tododiabetes.co\/product\/plan-de-suscripcion-6-meses-de-tiras-para-glucometro-g30a-_-100-tiras-glucoquick-g30a-100-lancetas\/#breadcrumb"},"inLanguage":"en-US","potentialAction":[{"@type":"ReadAction","target":["https:\/\/nueva.tododiabetes.co\/product\/plan-de-suscripcion-6-meses-de-tiras-para-glucometro-g30a-_-100-tiras-glucoquick-g30a-100-lancetas\/"]}]},{"@type":"ImageObject","inLanguage":"en-US","@id":"https:\/\/nueva.tododiabetes.co\/product\/plan-de-suscripcion-6-meses-de-tiras-para-glucometro-g30a-_-100-tiras-glucoquick-g30a-100-lancetas\/#primaryimage","url":"https:\/\/nueva.tododiabetes.co\/wp-content\/uploads\/2026\/02\/PLAN-6-MESES-TIRAS-GLUCOQUICK-DIAMOND-G30a.png","contentUrl":"https:\/\/nueva.tododiabetes.co\/wp-content\/uploads\/2026\/02\/PLAN-6-MESES-TIRAS-GLUCOQUICK-DIAMOND-G30a.png","width":600,"height":600},{"@type":"BreadcrumbList","@id":"https:\/\/nueva.tododiabetes.co\/product\/plan-de-suscripcion-6-meses-de-tiras-para-glucometro-g30a-_-100-tiras-glucoquick-g30a-100-lancetas\/#breadcrumb","itemListElement":[{"@type":"ListItem","position":1,"name":"Home","item":"https:\/\/nueva.tododiabetes.co\/"},{"@type":"ListItem","position":2,"name":"Tienda","item":"https:\/\/nueva.tododiabetes.co\/tienda\/"},{"@type":"ListItem","position":3,"name":"Plan de suscripci\u00f3n 6 meses de Tiras para Glucometro G30a _ 100 tiras Glucoquick G30a + 100 lancetas"}]},{"@type":"WebSite","@id":"https:\/\/nueva.tododiabetes.co\/#website","url":"https:\/\/nueva.tododiabetes.co\/","name":"Tododiabetes \u2764\ufe0f","description":"Tienda de productos para Diabetes e Hipertensi\u00f3n \u260e\ufe0f 6019195560","publisher":{"@id":"https:\/\/nueva.tododiabetes.co\/#organization"},"potentialAction":[{"@type":"SearchAction","target":{"@type":"EntryPoint","urlTemplate":"https:\/\/nueva.tododiabetes.co\/?s={search_term_string}"},"query-input":{"@type":"PropertyValueSpecification","valueRequired":true,"valueName":"search_term_string"}}],"inLanguage":"en-US"},{"@type":"Organization","@id":"https:\/\/nueva.tododiabetes.co\/#organization","name":"Tododiabetes \u2764\ufe0f","url":"https:\/\/nueva.tododiabetes.co\/","logo":{"@type":"ImageObject","inLanguage":"en-US","@id":"https:\/\/nueva.tododiabetes.co\/#\/schema\/logo\/image\/","url":"https:\/\/nueva.tododiabetes.co\/wp-content\/uploads\/2021\/02\/Logo-tododiabetes.webp","contentUrl":"https:\/\/nueva.tododiabetes.co\/wp-content\/uploads\/2021\/02\/Logo-tododiabetes.webp","width":1024,"height":137,"caption":"Tododiabetes \u2764\ufe0f"},"image":{"@id":"https:\/\/nueva.tododiabetes.co\/#\/schema\/logo\/image\/"}}]}},"_links":{"self":[{"href":"https:\/\/nueva.tododiabetes.co\/en\/wp-json\/wp\/v2\/product\/6146","targetHints":{"allow":["GET"]}}],"collection":[{"href":"https:\/\/nueva.tododiabetes.co\/en\/wp-json\/wp\/v2\/product"}],"about":[{"href":"https:\/\/nueva.tododiabetes.co\/en\/wp-json\/wp\/v2\/types\/product"}],"replies":[{"embeddable":true,"href":"https:\/\/nueva.tododiabetes.co\/en\/wp-json\/wp\/v2\/comments?post=6146"}],"version-history":[{"count":1,"href":"https:\/\/nueva.tododiabetes.co\/en\/wp-json\/wp\/v2\/product\/6146\/revisions"}],"predecessor-version":[{"id":6240,"href":"https:\/\/nueva.tododiabetes.co\/en\/wp-json\/wp\/v2\/product\/6146\/revisions\/6240"}],"wp:featuredmedia":[{"embeddable":true,"href":"https:\/\/nueva.tododiabetes.co\/en\/wp-json\/wp\/v2\/media\/6239"}],"wp:attachment":[{"href":"https:\/\/nueva.tododiabetes.co\/en\/wp-json\/wp\/v2\/media?parent=6146"}],"wp:term":[{"taxonomy":"product_brand","embeddable":true,"href":"https:\/\/nueva.tododiabetes.co\/en\/wp-json\/wp\/v2\/product_brand?post=6146"},{"taxonomy":"product_cat","embeddable":true,"href":"https:\/\/nueva.tododiabetes.co\/en\/wp-json\/wp\/v2\/product_cat?post=6146"},{"taxonomy":"product_tag","embeddable":true,"href":"https:\/\/nueva.tododiabetes.co\/en\/wp-json\/wp\/v2\/product_tag?post=6146"}],"curies":[{"name":"wp","href":"https:\/\/api.w.org\/{rel}","templated":true}]}}