{"id":6143,"date":"2026-02-27T14:58:22","date_gmt":"2026-02-27T14:58:22","guid":{"rendered":"https:\/\/nueva.tododiabetes.co\/?post_type=product&#038;p=6143"},"modified":"2026-02-27T22:53:11","modified_gmt":"2026-02-27T22:53:11","slug":"funda-de-silicona-para-lector-freestyle-libre-20-parches-para-sensor-freestyle-libre-2","status":"publish","type":"product","link":"https:\/\/nueva.tododiabetes.co\/en\/product\/funda-de-silicona-para-lector-freestyle-libre-20-parches-para-sensor-freestyle-libre-2\/","title":{"rendered":"Funda de silicona para lector freestyle libre + 20 parches para sensor Freestyle libre"},"content":{"rendered":"<p data-sourcepos=\"3:1-3:53\"><strong>Protege tu Freestyle Libre con estilo y seguridad<\/strong><\/p>\n<p data-sourcepos=\"5:1-5:235\">\u00bfCansado de que tu lector Freestyle Libre se raye o se da\u00f1e? Nuestra funda de silicona es la soluci\u00f3n perfecta para mantenerlo seguro y como nuevo. Adem\u00e1s, incluye 20 parches para el sensor, garantizando una fijaci\u00f3n segura y duradera.<\/p>\n<p data-sourcepos=\"7:1-7:44\"><strong>\u00bfPor qu\u00e9 elegir nuestra funda y parches?<\/strong><\/p>\n<ul data-sourcepos=\"9:1-19:0\">\n<li data-sourcepos=\"9:1-13:95\"><strong>Funda de silicona:<\/strong>\n<ul data-sourcepos=\"10:5-13:95\">\n<li data-sourcepos=\"10:5-10:95\"><strong>Protecci\u00f3n total:<\/strong> Cubre tu lector por completo, evitando ara\u00f1azos, golpes y suciedad.<\/li>\n<li data-sourcepos=\"11:5-11:92\"><strong>Dise\u00f1o delgado y elegante:<\/strong> Se adapta perfectamente a tu lector sin a\u00f1adir volumen.<\/li>\n<li data-sourcepos=\"12:5-12:58\"><strong>F\u00e1cil de usar:<\/strong> Se coloca y se quita en segundos.<\/li>\n<li data-sourcepos=\"13:5-13:95\"><strong>Material de alta calidad:<\/strong> Silicona suave y duradera que proporciona un agarre seguro.<\/li>\n<\/ul>\n<\/li>\n<li data-sourcepos=\"14:1-19:0\"><strong>Parches para sensor:<\/strong>\n<ul data-sourcepos=\"15:5-19:0\">\n<li data-sourcepos=\"15:5-15:133\"><strong>Fijaci\u00f3n segura:<\/strong> Garantizan que tu sensor se mantenga en su lugar durante todo el d\u00eda, incluso durante actividades f\u00edsicas.<\/li>\n<li data-sourcepos=\"16:5-16:70\"><strong>Comodidad:<\/strong> Dise\u00f1ados para ser suaves y discretos en la piel.<\/li>\n<li data-sourcepos=\"17:5-17:54\"><strong>Durabilidad:<\/strong> Resistentes al agua y al sudor.<\/li>\n<li data-sourcepos=\"18:5-19:0\"><strong>Cantidad:<\/strong> 20 parches para un uso prolongado.<\/li>\n<\/ul>\n<\/li>\n<\/ul>\n<p data-sourcepos=\"20:1-20:15\"><strong>Beneficios:<\/strong><\/p>\n<ul data-sourcepos=\"22:1-26:0\">\n<li data-sourcepos=\"22:1-22:97\"><strong>Mayor durabilidad del lector:<\/strong> Protege tu inversi\u00f3n y alarga la vida \u00fatil de tu dispositivo.<\/li>\n<li data-sourcepos=\"23:1-23:79\"><strong>Lecturas precisas:<\/strong> Un sensor bien fijado garantiza resultados confiables.<\/li>\n<li data-sourcepos=\"24:1-24:76\"><strong>Comodidad:<\/strong> Disfruta de una mayor comodidad al usar tu Freestyle Libre.<\/li>\n<li data-sourcepos=\"25:1-26:0\"><strong>Estilo:<\/strong> Personaliza tu dispositivo con nuestra variedad de colores y dise\u00f1os.<\/li>\n<\/ul>\n<p data-sourcepos=\"27:1-27:20\"><strong>Caracter\u00edsticas:<\/strong><\/p>\n<ul data-sourcepos=\"29:1-32:0\">\n<li data-sourcepos=\"29:1-29:78\"><strong>Compatibilidad:<\/strong> Dise\u00f1ada espec\u00edficamente para el lector Freestyle Libre.<\/li>\n<li data-sourcepos=\"30:1-30:67\"><strong>Material:<\/strong> Silicona de alta calidad y parches hipoalerg\u00e9nicos.<\/li>\n<li data-sourcepos=\"31:1-32:0\"><strong>Dise\u00f1o:<\/strong> Elegante y funcional.<\/li>\n<\/ul>","protected":false},"excerpt":{"rendered":"<p>&nbsp;<\/p>\n<p>&nbsp;<\/p>\n<p><strong>Funda de silicona + 20 parches para Freestyle Libre.<\/strong><\/p>\n<p>Protege tu lector y sensor. \u00a1M\u00e1xima seguridad y comodidad!<\/p>\n<p><strong>Incluye:<\/strong><\/p>\n<ul>\n<li><span class=\"a-list-item\">1 funda de silicona<\/span><\/li>\n<li><span class=\"a-list-item\">20 fundas para sensores color piel.\u00a0<\/span><\/li>\n<\/ul>\n<p>&nbsp;<\/p>\n<p><strong><span class=\"a-list-item\"> NOTA: El sensor y el lector Freestyle Libre no est\u00e1n incluidos.<\/span><\/strong><\/p>\n<p>&nbsp;<\/p>","protected":false},"featured_media":6231,"comment_status":"open","ping_status":"closed","template":"","meta":[],"product_brand":[141,150],"product_cat":[91,80],"product_tag":[175,81,241,232,199,242,203,207,243],"class_list":{"0":"post-6143","1":"product","2":"type-product","3":"status-publish","4":"has-post-thumbnail","6":"product_brand-abbott","7":"product_brand-freestyle","8":"product_cat-accesorios","9":"product_cat-ofertas","10":"product_tag-comodidad","11":"product_tag-diabetes","12":"product_tag-estilo","13":"product_tag-funda-freestyle-libre","14":"product_tag-glucosa","15":"product_tag-parches-freestyle-libre","16":"product_tag-proteccion","17":"product_tag-sensor","18":"product_tag-silicona","20":"first","21":"outofstock","22":"featured","23":"taxable","24":"shipping-taxable","25":"purchasable","26":"product-type-simple"},"yoast_head":"<!-- This site is optimized with the Yoast SEO plugin v27.2 - https:\/\/yoast.com\/product\/yoast-seo-wordpress\/ -->\n<title>Funda de silicona para lector freestyle libre + 20 parches para sensor Freestyle libre - Tododiabetes \u2764\ufe0f<\/title>\n<meta name=\"description\" content=\"Descubre nuestra funda de silicona y parches para Freestyle Libre. Protege tu lector y sensor de da\u00f1os, y disfruta de una mayor comodidad.\" \/>\n<meta name=\"robots\" content=\"noindex, follow, max-snippet:-1, max-image-preview:large, max-video-preview:-1\" \/>\n<meta property=\"og:locale\" content=\"en_US\" \/>\n<meta property=\"og:type\" content=\"article\" \/>\n<meta property=\"og:title\" content=\"Funda de silicona para lector freestyle libre + 20 parches para sensor Freestyle libre - Tododiabetes \u2764\ufe0f\" \/>\n<meta property=\"og:description\" content=\"Descubre nuestra funda de silicona y parches para Freestyle Libre. Protege tu lector y sensor de da\u00f1os, y disfruta de una mayor comodidad.\" \/>\n<meta property=\"og:url\" content=\"https:\/\/nueva.tododiabetes.co\/en\/product\/funda-de-silicona-para-lector-freestyle-libre-20-parches-para-sensor-freestyle-libre-2\/\" \/>\n<meta property=\"og:site_name\" content=\"Tododiabetes \u2764\ufe0f\" \/>\n<meta property=\"article:modified_time\" content=\"2026-02-27T22:53:11+00:00\" \/>\n<meta property=\"og:image\" content=\"https:\/\/nueva.tododiabetes.co\/wp-content\/uploads\/2026\/02\/FUNDA-FREESTYLE-LIBRE-SILICONA-NEGRO-PARCHES-1.webp\" \/>\n\t<meta property=\"og:image:width\" content=\"600\" \/>\n\t<meta property=\"og:image:height\" content=\"600\" \/>\n\t<meta property=\"og:image:type\" content=\"image\/webp\" \/>\n<meta name=\"twitter:card\" content=\"summary_large_image\" \/>\n<meta name=\"twitter:label1\" content=\"Est. reading time\" \/>\n\t<meta name=\"twitter:data1\" content=\"2 minutes\" \/>\n<script type=\"application\/ld+json\" class=\"yoast-schema-graph\">{\"@context\":\"https:\/\/schema.org\",\"@graph\":[{\"@type\":\"WebPage\",\"@id\":\"https:\/\/nueva.tododiabetes.co\/product\/funda-de-silicona-para-lector-freestyle-libre-20-parches-para-sensor-freestyle-libre-2\/\",\"url\":\"https:\/\/nueva.tododiabetes.co\/product\/funda-de-silicona-para-lector-freestyle-libre-20-parches-para-sensor-freestyle-libre-2\/\",\"name\":\"Funda de silicona para lector freestyle libre + 20 parches para sensor Freestyle libre - Tododiabetes \u2764\ufe0f\",\"isPartOf\":{\"@id\":\"https:\/\/nueva.tododiabetes.co\/#website\"},\"primaryImageOfPage\":{\"@id\":\"https:\/\/nueva.tododiabetes.co\/product\/funda-de-silicona-para-lector-freestyle-libre-20-parches-para-sensor-freestyle-libre-2\/#primaryimage\"},\"image\":{\"@id\":\"https:\/\/nueva.tododiabetes.co\/product\/funda-de-silicona-para-lector-freestyle-libre-20-parches-para-sensor-freestyle-libre-2\/#primaryimage\"},\"thumbnailUrl\":\"https:\/\/nueva.tododiabetes.co\/wp-content\/uploads\/2026\/02\/FUNDA-FREESTYLE-LIBRE-SILICONA-NEGRO-PARCHES-1.webp\",\"datePublished\":\"2026-02-27T14:58:22+00:00\",\"dateModified\":\"2026-02-27T22:53:11+00:00\",\"description\":\"Descubre nuestra funda de silicona y parches para Freestyle Libre. Protege tu lector y sensor de da\u00f1os, y disfruta de una mayor comodidad.\",\"breadcrumb\":{\"@id\":\"https:\/\/nueva.tododiabetes.co\/product\/funda-de-silicona-para-lector-freestyle-libre-20-parches-para-sensor-freestyle-libre-2\/#breadcrumb\"},\"inLanguage\":\"en-US\",\"potentialAction\":[{\"@type\":\"ReadAction\",\"target\":[\"https:\/\/nueva.tododiabetes.co\/product\/funda-de-silicona-para-lector-freestyle-libre-20-parches-para-sensor-freestyle-libre-2\/\"]}]},{\"@type\":\"ImageObject\",\"inLanguage\":\"en-US\",\"@id\":\"https:\/\/nueva.tododiabetes.co\/product\/funda-de-silicona-para-lector-freestyle-libre-20-parches-para-sensor-freestyle-libre-2\/#primaryimage\",\"url\":\"https:\/\/nueva.tododiabetes.co\/wp-content\/uploads\/2026\/02\/FUNDA-FREESTYLE-LIBRE-SILICONA-NEGRO-PARCHES-1.webp\",\"contentUrl\":\"https:\/\/nueva.tododiabetes.co\/wp-content\/uploads\/2026\/02\/FUNDA-FREESTYLE-LIBRE-SILICONA-NEGRO-PARCHES-1.webp\",\"width\":600,\"height\":600},{\"@type\":\"BreadcrumbList\",\"@id\":\"https:\/\/nueva.tododiabetes.co\/product\/funda-de-silicona-para-lector-freestyle-libre-20-parches-para-sensor-freestyle-libre-2\/#breadcrumb\",\"itemListElement\":[{\"@type\":\"ListItem\",\"position\":1,\"name\":\"Home\",\"item\":\"https:\/\/nueva.tododiabetes.co\/\"},{\"@type\":\"ListItem\",\"position\":2,\"name\":\"Tienda\",\"item\":\"https:\/\/nueva.tododiabetes.co\/tienda\/\"},{\"@type\":\"ListItem\",\"position\":3,\"name\":\"Funda de silicona para lector freestyle libre + 20 parches para sensor Freestyle libre\"}]},{\"@type\":\"WebSite\",\"@id\":\"https:\/\/nueva.tododiabetes.co\/#website\",\"url\":\"https:\/\/nueva.tododiabetes.co\/\",\"name\":\"Tododiabetes \u2764\ufe0f\",\"description\":\"Tienda de productos para Diabetes e Hipertensi\u00f3n \u260e\ufe0f 6019195560\",\"publisher\":{\"@id\":\"https:\/\/nueva.tododiabetes.co\/#organization\"},\"potentialAction\":[{\"@type\":\"SearchAction\",\"target\":{\"@type\":\"EntryPoint\",\"urlTemplate\":\"https:\/\/nueva.tododiabetes.co\/?s={search_term_string}\"},\"query-input\":{\"@type\":\"PropertyValueSpecification\",\"valueRequired\":true,\"valueName\":\"search_term_string\"}}],\"inLanguage\":\"en-US\"},{\"@type\":\"Organization\",\"@id\":\"https:\/\/nueva.tododiabetes.co\/#organization\",\"name\":\"Tododiabetes \u2764\ufe0f\",\"url\":\"https:\/\/nueva.tododiabetes.co\/\",\"logo\":{\"@type\":\"ImageObject\",\"inLanguage\":\"en-US\",\"@id\":\"https:\/\/nueva.tododiabetes.co\/#\/schema\/logo\/image\/\",\"url\":\"https:\/\/nueva.tododiabetes.co\/wp-content\/uploads\/2021\/02\/Logo-tododiabetes.webp\",\"contentUrl\":\"https:\/\/nueva.tododiabetes.co\/wp-content\/uploads\/2021\/02\/Logo-tododiabetes.webp\",\"width\":1024,\"height\":137,\"caption\":\"Tododiabetes \u2764\ufe0f\"},\"image\":{\"@id\":\"https:\/\/nueva.tododiabetes.co\/#\/schema\/logo\/image\/\"}}]}<\/script>\n<!-- \/ Yoast SEO plugin. -->","yoast_head_json":{"title":"Funda de silicona para lector freestyle libre + 20 parches para sensor Freestyle libre - Tododiabetes \u2764\ufe0f","description":"Descubre nuestra funda de silicona y parches para Freestyle Libre. Protege tu lector y sensor de da\u00f1os, y disfruta de una mayor comodidad.","robots":{"index":"noindex","follow":"follow","max-snippet":"max-snippet:-1","max-image-preview":"max-image-preview:large","max-video-preview":"max-video-preview:-1"},"og_locale":"en_US","og_type":"article","og_title":"Funda de silicona para lector freestyle libre + 20 parches para sensor Freestyle libre - Tododiabetes \u2764\ufe0f","og_description":"Descubre nuestra funda de silicona y parches para Freestyle Libre. Protege tu lector y sensor de da\u00f1os, y disfruta de una mayor comodidad.","og_url":"https:\/\/nueva.tododiabetes.co\/en\/product\/funda-de-silicona-para-lector-freestyle-libre-20-parches-para-sensor-freestyle-libre-2\/","og_site_name":"Tododiabetes \u2764\ufe0f","article_modified_time":"2026-02-27T22:53:11+00:00","og_image":[{"width":600,"height":600,"url":"https:\/\/nueva.tododiabetes.co\/wp-content\/uploads\/2026\/02\/FUNDA-FREESTYLE-LIBRE-SILICONA-NEGRO-PARCHES-1.webp","type":"image\/webp"}],"twitter_card":"summary_large_image","twitter_misc":{"Est. reading time":"2 minutes"},"schema":{"@context":"https:\/\/schema.org","@graph":[{"@type":"WebPage","@id":"https:\/\/nueva.tododiabetes.co\/product\/funda-de-silicona-para-lector-freestyle-libre-20-parches-para-sensor-freestyle-libre-2\/","url":"https:\/\/nueva.tododiabetes.co\/product\/funda-de-silicona-para-lector-freestyle-libre-20-parches-para-sensor-freestyle-libre-2\/","name":"Funda de silicona para lector freestyle libre + 20 parches para sensor Freestyle libre - Tododiabetes \u2764\ufe0f","isPartOf":{"@id":"https:\/\/nueva.tododiabetes.co\/#website"},"primaryImageOfPage":{"@id":"https:\/\/nueva.tododiabetes.co\/product\/funda-de-silicona-para-lector-freestyle-libre-20-parches-para-sensor-freestyle-libre-2\/#primaryimage"},"image":{"@id":"https:\/\/nueva.tododiabetes.co\/product\/funda-de-silicona-para-lector-freestyle-libre-20-parches-para-sensor-freestyle-libre-2\/#primaryimage"},"thumbnailUrl":"https:\/\/nueva.tododiabetes.co\/wp-content\/uploads\/2026\/02\/FUNDA-FREESTYLE-LIBRE-SILICONA-NEGRO-PARCHES-1.webp","datePublished":"2026-02-27T14:58:22+00:00","dateModified":"2026-02-27T22:53:11+00:00","description":"Descubre nuestra funda de silicona y parches para Freestyle Libre. Protege tu lector y sensor de da\u00f1os, y disfruta de una mayor comodidad.","breadcrumb":{"@id":"https:\/\/nueva.tododiabetes.co\/product\/funda-de-silicona-para-lector-freestyle-libre-20-parches-para-sensor-freestyle-libre-2\/#breadcrumb"},"inLanguage":"en-US","potentialAction":[{"@type":"ReadAction","target":["https:\/\/nueva.tododiabetes.co\/product\/funda-de-silicona-para-lector-freestyle-libre-20-parches-para-sensor-freestyle-libre-2\/"]}]},{"@type":"ImageObject","inLanguage":"en-US","@id":"https:\/\/nueva.tododiabetes.co\/product\/funda-de-silicona-para-lector-freestyle-libre-20-parches-para-sensor-freestyle-libre-2\/#primaryimage","url":"https:\/\/nueva.tododiabetes.co\/wp-content\/uploads\/2026\/02\/FUNDA-FREESTYLE-LIBRE-SILICONA-NEGRO-PARCHES-1.webp","contentUrl":"https:\/\/nueva.tododiabetes.co\/wp-content\/uploads\/2026\/02\/FUNDA-FREESTYLE-LIBRE-SILICONA-NEGRO-PARCHES-1.webp","width":600,"height":600},{"@type":"BreadcrumbList","@id":"https:\/\/nueva.tododiabetes.co\/product\/funda-de-silicona-para-lector-freestyle-libre-20-parches-para-sensor-freestyle-libre-2\/#breadcrumb","itemListElement":[{"@type":"ListItem","position":1,"name":"Home","item":"https:\/\/nueva.tododiabetes.co\/"},{"@type":"ListItem","position":2,"name":"Tienda","item":"https:\/\/nueva.tododiabetes.co\/tienda\/"},{"@type":"ListItem","position":3,"name":"Funda de silicona para lector freestyle libre + 20 parches para sensor Freestyle libre"}]},{"@type":"WebSite","@id":"https:\/\/nueva.tododiabetes.co\/#website","url":"https:\/\/nueva.tododiabetes.co\/","name":"Tododiabetes \u2764\ufe0f","description":"Tienda de productos para Diabetes e Hipertensi\u00f3n \u260e\ufe0f 6019195560","publisher":{"@id":"https:\/\/nueva.tododiabetes.co\/#organization"},"potentialAction":[{"@type":"SearchAction","target":{"@type":"EntryPoint","urlTemplate":"https:\/\/nueva.tododiabetes.co\/?s={search_term_string}"},"query-input":{"@type":"PropertyValueSpecification","valueRequired":true,"valueName":"search_term_string"}}],"inLanguage":"en-US"},{"@type":"Organization","@id":"https:\/\/nueva.tododiabetes.co\/#organization","name":"Tododiabetes \u2764\ufe0f","url":"https:\/\/nueva.tododiabetes.co\/","logo":{"@type":"ImageObject","inLanguage":"en-US","@id":"https:\/\/nueva.tododiabetes.co\/#\/schema\/logo\/image\/","url":"https:\/\/nueva.tododiabetes.co\/wp-content\/uploads\/2021\/02\/Logo-tododiabetes.webp","contentUrl":"https:\/\/nueva.tododiabetes.co\/wp-content\/uploads\/2021\/02\/Logo-tododiabetes.webp","width":1024,"height":137,"caption":"Tododiabetes \u2764\ufe0f"},"image":{"@id":"https:\/\/nueva.tododiabetes.co\/#\/schema\/logo\/image\/"}}]}},"_links":{"self":[{"href":"https:\/\/nueva.tododiabetes.co\/en\/wp-json\/wp\/v2\/product\/6143","targetHints":{"allow":["GET"]}}],"collection":[{"href":"https:\/\/nueva.tododiabetes.co\/en\/wp-json\/wp\/v2\/product"}],"about":[{"href":"https:\/\/nueva.tododiabetes.co\/en\/wp-json\/wp\/v2\/types\/product"}],"replies":[{"embeddable":true,"href":"https:\/\/nueva.tododiabetes.co\/en\/wp-json\/wp\/v2\/comments?post=6143"}],"version-history":[{"count":1,"href":"https:\/\/nueva.tododiabetes.co\/en\/wp-json\/wp\/v2\/product\/6143\/revisions"}],"predecessor-version":[{"id":6232,"href":"https:\/\/nueva.tododiabetes.co\/en\/wp-json\/wp\/v2\/product\/6143\/revisions\/6232"}],"wp:featuredmedia":[{"embeddable":true,"href":"https:\/\/nueva.tododiabetes.co\/en\/wp-json\/wp\/v2\/media\/6231"}],"wp:attachment":[{"href":"https:\/\/nueva.tododiabetes.co\/en\/wp-json\/wp\/v2\/media?parent=6143"}],"wp:term":[{"taxonomy":"product_brand","embeddable":true,"href":"https:\/\/nueva.tododiabetes.co\/en\/wp-json\/wp\/v2\/product_brand?post=6143"},{"taxonomy":"product_cat","embeddable":true,"href":"https:\/\/nueva.tododiabetes.co\/en\/wp-json\/wp\/v2\/product_cat?post=6143"},{"taxonomy":"product_tag","embeddable":true,"href":"https:\/\/nueva.tododiabetes.co\/en\/wp-json\/wp\/v2\/product_tag?post=6143"}],"curies":[{"name":"wp","href":"https:\/\/api.w.org\/{rel}","templated":true}]}}