{"id":6091,"date":"2026-02-27T14:57:40","date_gmt":"2026-02-27T14:57:40","guid":{"rendered":"https:\/\/nueva.tododiabetes.co\/?post_type=product&#038;p=6091"},"modified":"2026-02-27T22:52:15","modified_gmt":"2026-02-27T22:52:15","slug":"parches-coloridos-para-sensor-freestyle-paquete-x-20-unidades","status":"publish","type":"product","link":"https:\/\/nueva.tododiabetes.co\/en\/product\/parches-coloridos-para-sensor-freestyle-paquete-x-20-unidades\/","title":{"rendered":"Parches coloridos para sensor Freestyle paquete x 20 unidades"},"content":{"rendered":"<h2 class=\"\" data-sourcepos=\"1:1-1:51\">\u00a1Parches coloridos para sensor Freestyle\u00a0 para una vida m\u00e1s alegre!<\/h2>\n<p data-sourcepos=\"3:1-3:75\"><strong>Di adi\u00f3s a la monoton\u00eda y dale un toque de color a tu rutina con nuestros adorables parches para sensor Freestyle<\/strong><strong>.<\/strong><\/p>\n<p data-sourcepos=\"5:1-5:57\"><strong>M\u00e1s que simples parches, estos accesorios te brindan:<\/strong><\/p>\n<ul data-sourcepos=\"7:1-7:39\">\n<li data-sourcepos=\"7:1-7:39\">\n<p data-sourcepos=\"7:3-7:164\"><strong>Comodidad y seguridad:<\/strong> Hechos con adhesivo m\u00e9dico importado de Alemania, libre de l\u00e1tex, para pieles sensibles y ni\u00f1os. Evita erupciones cut\u00e1neas y molestias.<\/p>\n<\/li>\n<li data-sourcepos=\"9:1-9:27\">\n<p data-sourcepos=\"9:3-9:27\"><strong>Protecci\u00f3n adicional:<\/strong> Incluye 2 tapas de cubierta suaves y reutilizables que mantienen tu sensor en su lugar, incluso al cambiar el parche.<\/p>\n<\/li>\n<li data-sourcepos=\"11:1-11:23\">\n<p data-sourcepos=\"11:3-11:23\"><strong>Transpirabilidad:<\/strong> Fabricados con un 95% de algod\u00f3n, permiten que la piel respire y se mantenga fresca, incluso despu\u00e9s de la ducha.<\/p>\n<\/li>\n<li data-sourcepos=\"13:1-14:0\">\n<p data-sourcepos=\"13:3-13:143\"><strong>Estilo \u00fanico:<\/strong> Elige entre una variedad de colores vibrantes (rosa, azul, tostado y negro) para expresar tu personalidad y alegrar tu d\u00eda.<\/p>\n<\/li>\n<\/ul>\n<p data-sourcepos=\"15:1-15:32\"><strong>En cada paquete encontrar\u00e1s:<\/strong><\/p>\n<ul data-sourcepos=\"17:1-22:0\">\n<li data-sourcepos=\"17:1-17:17\">5 parches rosas<\/li>\n<li data-sourcepos=\"18:1-18:18\">5 parches azules<\/li>\n<li data-sourcepos=\"19:1-19:20\">5 parches tostados<\/li>\n<li data-sourcepos=\"20:1-20:18\">5 parches negros<\/li>\n<li data-sourcepos=\"21:1-22:0\">2 tapas de cubierta<\/li>\n<\/ul>\n<p>&nbsp;<\/p>\n<p data-sourcepos=\"27:1-27:94\"><strong>\u00a1No esperes m\u00e1s para darle un toque de color y alegr\u00eda a tu vida con nuestros parches para sensor Freestyle.<\/strong><\/p>\n<p data-sourcepos=\"29:1-29:110\"><strong>Pide tu paquete hoy mismo y comienza a disfrutar de la comodidad, la seguridad y el estilo que te mereces.<\/strong><\/p>\n<p data-sourcepos=\"31:1-31:13\"><strong>Recuerda:<\/strong><\/p>\n<ul data-sourcepos=\"33:1-35:70\">\n<li data-sourcepos=\"33:1-33:62\">Estos parches son compatibles con el sensor Freestyle Libre.<\/li>\n<li data-sourcepos=\"34:1-34:78\">El adhesivo no es impermeable, pero se seca r\u00e1pidamente despu\u00e9s de la ducha.<\/li>\n<li data-sourcepos=\"35:1-35:70\">Para obtener m\u00e1s informaci\u00f3n o asistencia, no dudes en contactarnos.<\/li>\n<\/ul>","protected":false},"excerpt":{"rendered":"<p data-sourcepos=\"15:1-15:32\"><strong>En cada paquete encontrar\u00e1s:<\/strong><\/p>\n<ul data-sourcepos=\"17:1-22:0\">\n<li data-sourcepos=\"17:1-17:17\">5 parches rosas<\/li>\n<li data-sourcepos=\"18:1-18:18\">5 parches azules<\/li>\n<li data-sourcepos=\"19:1-19:20\">5 parches tostados<\/li>\n<li data-sourcepos=\"20:1-20:18\">5 parches negros<\/li>\n<li data-sourcepos=\"21:1-22:0\">2 tapas de cubierta<\/li>\n<\/ul>\n<p>&nbsp;<\/p>\n<p data-sourcepos=\"27:1-27:94\"><strong>\u00a1No esperes m\u00e1s para darle un toque de color y alegr\u00eda a tu vida con nuestros parches para sensor Freestyle.<\/strong><\/p>\n<p data-sourcepos=\"29:1-29:110\"><strong>Pide tu paquete hoy mismo y comienza a disfrutar de la comodidad, la seguridad y el estilo que te mereces.<\/strong><\/p>\n<p data-sourcepos=\"31:1-31:13\"><strong>Recuerda:<\/strong><\/p>\n<ul data-sourcepos=\"33:1-35:70\">\n<li data-sourcepos=\"33:1-33:62\">Estos parches son compatibles con el sensor Freestyle Libre.<\/li>\n<li data-sourcepos=\"34:1-34:78\">El adhesivo no es impermeable, pero se seca r\u00e1pidamente despu\u00e9s de la ducha.<\/li>\n<li data-sourcepos=\"35:1-35:70\">Para obtener m\u00e1s informaci\u00f3n o asistencia, no dudes en contactarnos.<\/li>\n<\/ul>","protected":false},"featured_media":6137,"comment_status":"open","ping_status":"closed","template":"","meta":[],"product_brand":[141],"product_cat":[91,79,67],"product_tag":[],"class_list":{"0":"post-6091","1":"product","2":"type-product","3":"status-publish","4":"has-post-thumbnail","6":"product_brand-abbott","7":"product_cat-accesorios","8":"product_cat-aplicacion-de-insulina","9":"product_cat-cuidado-de-piel","11":"first","12":"outofstock","13":"featured","14":"taxable","15":"shipping-taxable","16":"purchasable","17":"product-type-simple"},"yoast_head":"<!-- This site is optimized with the Yoast SEO plugin v27.2 - https:\/\/yoast.com\/product\/yoast-seo-wordpress\/ -->\n<title>Parches coloridos para sensor Freestyle paquete x 20 unidades - Tododiabetes \u2764\ufe0f<\/title>\n<meta name=\"description\" content=\"Parches coloridos para sensor Freestyle\u00a0 para una vida m\u00e1s alegre Di adi\u00f3s a la monoton\u00eda y dale un toque de color a tu rutina \u260e\ufe0f 3009293084\" \/>\n<meta name=\"robots\" content=\"noindex, follow, max-snippet:-1, max-image-preview:large, max-video-preview:-1\" \/>\n<meta property=\"og:locale\" content=\"en_US\" \/>\n<meta property=\"og:type\" content=\"article\" \/>\n<meta property=\"og:title\" content=\"Parches coloridos para sensor Freestyle paquete x 20 unidades - Tododiabetes \u2764\ufe0f\" \/>\n<meta property=\"og:description\" content=\"Parches coloridos para sensor Freestyle\u00a0 para una vida m\u00e1s alegre Di adi\u00f3s a la monoton\u00eda y dale un toque de color a tu rutina \u260e\ufe0f 3009293084\" \/>\n<meta property=\"og:url\" content=\"https:\/\/nueva.tododiabetes.co\/en\/product\/parches-coloridos-para-sensor-freestyle-paquete-x-20-unidades\/\" \/>\n<meta property=\"og:site_name\" content=\"Tododiabetes \u2764\ufe0f\" \/>\n<meta property=\"article:modified_time\" content=\"2026-02-27T22:52:15+00:00\" \/>\n<meta property=\"og:image\" content=\"https:\/\/nueva.tododiabetes.co\/wp-content\/uploads\/2026\/02\/24.png\" \/>\n\t<meta property=\"og:image:width\" content=\"1600\" \/>\n\t<meta property=\"og:image:height\" content=\"1600\" \/>\n\t<meta property=\"og:image:type\" content=\"image\/png\" \/>\n<meta name=\"twitter:card\" content=\"summary_large_image\" \/>\n<meta name=\"twitter:label1\" content=\"Est. reading time\" \/>\n\t<meta name=\"twitter:data1\" content=\"2 minutes\" \/>\n<script type=\"application\/ld+json\" class=\"yoast-schema-graph\">{\"@context\":\"https:\/\/schema.org\",\"@graph\":[{\"@type\":\"WebPage\",\"@id\":\"https:\/\/nueva.tododiabetes.co\/product\/parches-coloridos-para-sensor-freestyle-paquete-x-20-unidades\/\",\"url\":\"https:\/\/nueva.tododiabetes.co\/product\/parches-coloridos-para-sensor-freestyle-paquete-x-20-unidades\/\",\"name\":\"Parches coloridos para sensor Freestyle paquete x 20 unidades - Tododiabetes \u2764\ufe0f\",\"isPartOf\":{\"@id\":\"https:\/\/nueva.tododiabetes.co\/#website\"},\"primaryImageOfPage\":{\"@id\":\"https:\/\/nueva.tododiabetes.co\/product\/parches-coloridos-para-sensor-freestyle-paquete-x-20-unidades\/#primaryimage\"},\"image\":{\"@id\":\"https:\/\/nueva.tododiabetes.co\/product\/parches-coloridos-para-sensor-freestyle-paquete-x-20-unidades\/#primaryimage\"},\"thumbnailUrl\":\"https:\/\/nueva.tododiabetes.co\/wp-content\/uploads\/2026\/02\/24.png\",\"datePublished\":\"2026-02-27T14:57:40+00:00\",\"dateModified\":\"2026-02-27T22:52:15+00:00\",\"description\":\"Parches coloridos para sensor Freestyle\u00a0 para una vida m\u00e1s alegre Di adi\u00f3s a la monoton\u00eda y dale un toque de color a tu rutina \u260e\ufe0f 3009293084\",\"breadcrumb\":{\"@id\":\"https:\/\/nueva.tododiabetes.co\/product\/parches-coloridos-para-sensor-freestyle-paquete-x-20-unidades\/#breadcrumb\"},\"inLanguage\":\"en-US\",\"potentialAction\":[{\"@type\":\"ReadAction\",\"target\":[\"https:\/\/nueva.tododiabetes.co\/product\/parches-coloridos-para-sensor-freestyle-paquete-x-20-unidades\/\"]}]},{\"@type\":\"ImageObject\",\"inLanguage\":\"en-US\",\"@id\":\"https:\/\/nueva.tododiabetes.co\/product\/parches-coloridos-para-sensor-freestyle-paquete-x-20-unidades\/#primaryimage\",\"url\":\"https:\/\/nueva.tododiabetes.co\/wp-content\/uploads\/2026\/02\/24.png\",\"contentUrl\":\"https:\/\/nueva.tododiabetes.co\/wp-content\/uploads\/2026\/02\/24.png\",\"width\":1600,\"height\":1600},{\"@type\":\"BreadcrumbList\",\"@id\":\"https:\/\/nueva.tododiabetes.co\/product\/parches-coloridos-para-sensor-freestyle-paquete-x-20-unidades\/#breadcrumb\",\"itemListElement\":[{\"@type\":\"ListItem\",\"position\":1,\"name\":\"Home\",\"item\":\"https:\/\/nueva.tododiabetes.co\/\"},{\"@type\":\"ListItem\",\"position\":2,\"name\":\"Tienda\",\"item\":\"https:\/\/nueva.tododiabetes.co\/tienda\/\"},{\"@type\":\"ListItem\",\"position\":3,\"name\":\"Parches coloridos para sensor Freestyle paquete x 20 unidades\"}]},{\"@type\":\"WebSite\",\"@id\":\"https:\/\/nueva.tododiabetes.co\/#website\",\"url\":\"https:\/\/nueva.tododiabetes.co\/\",\"name\":\"Tododiabetes \u2764\ufe0f\",\"description\":\"Tienda de productos para Diabetes e Hipertensi\u00f3n \u260e\ufe0f 6019195560\",\"publisher\":{\"@id\":\"https:\/\/nueva.tododiabetes.co\/#organization\"},\"potentialAction\":[{\"@type\":\"SearchAction\",\"target\":{\"@type\":\"EntryPoint\",\"urlTemplate\":\"https:\/\/nueva.tododiabetes.co\/?s={search_term_string}\"},\"query-input\":{\"@type\":\"PropertyValueSpecification\",\"valueRequired\":true,\"valueName\":\"search_term_string\"}}],\"inLanguage\":\"en-US\"},{\"@type\":\"Organization\",\"@id\":\"https:\/\/nueva.tododiabetes.co\/#organization\",\"name\":\"Tododiabetes \u2764\ufe0f\",\"url\":\"https:\/\/nueva.tododiabetes.co\/\",\"logo\":{\"@type\":\"ImageObject\",\"inLanguage\":\"en-US\",\"@id\":\"https:\/\/nueva.tododiabetes.co\/#\/schema\/logo\/image\/\",\"url\":\"https:\/\/nueva.tododiabetes.co\/wp-content\/uploads\/2021\/02\/Logo-tododiabetes.webp\",\"contentUrl\":\"https:\/\/nueva.tododiabetes.co\/wp-content\/uploads\/2021\/02\/Logo-tododiabetes.webp\",\"width\":1024,\"height\":137,\"caption\":\"Tododiabetes \u2764\ufe0f\"},\"image\":{\"@id\":\"https:\/\/nueva.tododiabetes.co\/#\/schema\/logo\/image\/\"}}]}<\/script>\n<!-- \/ Yoast SEO plugin. -->","yoast_head_json":{"title":"Parches coloridos para sensor Freestyle paquete x 20 unidades - Tododiabetes \u2764\ufe0f","description":"Parches coloridos para sensor Freestyle\u00a0 para una vida m\u00e1s alegre Di adi\u00f3s a la monoton\u00eda y dale un toque de color a tu rutina \u260e\ufe0f 3009293084","robots":{"index":"noindex","follow":"follow","max-snippet":"max-snippet:-1","max-image-preview":"max-image-preview:large","max-video-preview":"max-video-preview:-1"},"og_locale":"en_US","og_type":"article","og_title":"Parches coloridos para sensor Freestyle paquete x 20 unidades - Tododiabetes \u2764\ufe0f","og_description":"Parches coloridos para sensor Freestyle\u00a0 para una vida m\u00e1s alegre Di adi\u00f3s a la monoton\u00eda y dale un toque de color a tu rutina \u260e\ufe0f 3009293084","og_url":"https:\/\/nueva.tododiabetes.co\/en\/product\/parches-coloridos-para-sensor-freestyle-paquete-x-20-unidades\/","og_site_name":"Tododiabetes \u2764\ufe0f","article_modified_time":"2026-02-27T22:52:15+00:00","og_image":[{"width":1600,"height":1600,"url":"https:\/\/nueva.tododiabetes.co\/wp-content\/uploads\/2026\/02\/24.png","type":"image\/png"}],"twitter_card":"summary_large_image","twitter_misc":{"Est. reading time":"2 minutes"},"schema":{"@context":"https:\/\/schema.org","@graph":[{"@type":"WebPage","@id":"https:\/\/nueva.tododiabetes.co\/product\/parches-coloridos-para-sensor-freestyle-paquete-x-20-unidades\/","url":"https:\/\/nueva.tododiabetes.co\/product\/parches-coloridos-para-sensor-freestyle-paquete-x-20-unidades\/","name":"Parches coloridos para sensor Freestyle paquete x 20 unidades - Tododiabetes \u2764\ufe0f","isPartOf":{"@id":"https:\/\/nueva.tododiabetes.co\/#website"},"primaryImageOfPage":{"@id":"https:\/\/nueva.tododiabetes.co\/product\/parches-coloridos-para-sensor-freestyle-paquete-x-20-unidades\/#primaryimage"},"image":{"@id":"https:\/\/nueva.tododiabetes.co\/product\/parches-coloridos-para-sensor-freestyle-paquete-x-20-unidades\/#primaryimage"},"thumbnailUrl":"https:\/\/nueva.tododiabetes.co\/wp-content\/uploads\/2026\/02\/24.png","datePublished":"2026-02-27T14:57:40+00:00","dateModified":"2026-02-27T22:52:15+00:00","description":"Parches coloridos para sensor Freestyle\u00a0 para una vida m\u00e1s alegre Di adi\u00f3s a la monoton\u00eda y dale un toque de color a tu rutina \u260e\ufe0f 3009293084","breadcrumb":{"@id":"https:\/\/nueva.tododiabetes.co\/product\/parches-coloridos-para-sensor-freestyle-paquete-x-20-unidades\/#breadcrumb"},"inLanguage":"en-US","potentialAction":[{"@type":"ReadAction","target":["https:\/\/nueva.tododiabetes.co\/product\/parches-coloridos-para-sensor-freestyle-paquete-x-20-unidades\/"]}]},{"@type":"ImageObject","inLanguage":"en-US","@id":"https:\/\/nueva.tododiabetes.co\/product\/parches-coloridos-para-sensor-freestyle-paquete-x-20-unidades\/#primaryimage","url":"https:\/\/nueva.tododiabetes.co\/wp-content\/uploads\/2026\/02\/24.png","contentUrl":"https:\/\/nueva.tododiabetes.co\/wp-content\/uploads\/2026\/02\/24.png","width":1600,"height":1600},{"@type":"BreadcrumbList","@id":"https:\/\/nueva.tododiabetes.co\/product\/parches-coloridos-para-sensor-freestyle-paquete-x-20-unidades\/#breadcrumb","itemListElement":[{"@type":"ListItem","position":1,"name":"Home","item":"https:\/\/nueva.tododiabetes.co\/"},{"@type":"ListItem","position":2,"name":"Tienda","item":"https:\/\/nueva.tododiabetes.co\/tienda\/"},{"@type":"ListItem","position":3,"name":"Parches coloridos para sensor Freestyle paquete x 20 unidades"}]},{"@type":"WebSite","@id":"https:\/\/nueva.tododiabetes.co\/#website","url":"https:\/\/nueva.tododiabetes.co\/","name":"Tododiabetes \u2764\ufe0f","description":"Tienda de productos para Diabetes e Hipertensi\u00f3n \u260e\ufe0f 6019195560","publisher":{"@id":"https:\/\/nueva.tododiabetes.co\/#organization"},"potentialAction":[{"@type":"SearchAction","target":{"@type":"EntryPoint","urlTemplate":"https:\/\/nueva.tododiabetes.co\/?s={search_term_string}"},"query-input":{"@type":"PropertyValueSpecification","valueRequired":true,"valueName":"search_term_string"}}],"inLanguage":"en-US"},{"@type":"Organization","@id":"https:\/\/nueva.tododiabetes.co\/#organization","name":"Tododiabetes \u2764\ufe0f","url":"https:\/\/nueva.tododiabetes.co\/","logo":{"@type":"ImageObject","inLanguage":"en-US","@id":"https:\/\/nueva.tododiabetes.co\/#\/schema\/logo\/image\/","url":"https:\/\/nueva.tododiabetes.co\/wp-content\/uploads\/2021\/02\/Logo-tododiabetes.webp","contentUrl":"https:\/\/nueva.tododiabetes.co\/wp-content\/uploads\/2021\/02\/Logo-tododiabetes.webp","width":1024,"height":137,"caption":"Tododiabetes \u2764\ufe0f"},"image":{"@id":"https:\/\/nueva.tododiabetes.co\/#\/schema\/logo\/image\/"}}]}},"_links":{"self":[{"href":"https:\/\/nueva.tododiabetes.co\/en\/wp-json\/wp\/v2\/product\/6091","targetHints":{"allow":["GET"]}}],"collection":[{"href":"https:\/\/nueva.tododiabetes.co\/en\/wp-json\/wp\/v2\/product"}],"about":[{"href":"https:\/\/nueva.tododiabetes.co\/en\/wp-json\/wp\/v2\/types\/product"}],"replies":[{"embeddable":true,"href":"https:\/\/nueva.tododiabetes.co\/en\/wp-json\/wp\/v2\/comments?post=6091"}],"version-history":[{"count":1,"href":"https:\/\/nueva.tododiabetes.co\/en\/wp-json\/wp\/v2\/product\/6091\/revisions"}],"predecessor-version":[{"id":6138,"href":"https:\/\/nueva.tododiabetes.co\/en\/wp-json\/wp\/v2\/product\/6091\/revisions\/6138"}],"wp:featuredmedia":[{"embeddable":true,"href":"https:\/\/nueva.tododiabetes.co\/en\/wp-json\/wp\/v2\/media\/6137"}],"wp:attachment":[{"href":"https:\/\/nueva.tododiabetes.co\/en\/wp-json\/wp\/v2\/media?parent=6091"}],"wp:term":[{"taxonomy":"product_brand","embeddable":true,"href":"https:\/\/nueva.tododiabetes.co\/en\/wp-json\/wp\/v2\/product_brand?post=6091"},{"taxonomy":"product_cat","embeddable":true,"href":"https:\/\/nueva.tododiabetes.co\/en\/wp-json\/wp\/v2\/product_cat?post=6091"},{"taxonomy":"product_tag","embeddable":true,"href":"https:\/\/nueva.tododiabetes.co\/en\/wp-json\/wp\/v2\/product_tag?post=6091"}],"curies":[{"name":"wp","href":"https:\/\/api.w.org\/{rel}","templated":true}]}}