{"id":6043,"date":"2026-02-27T14:57:15","date_gmt":"2026-02-27T14:57:15","guid":{"rendered":"https:\/\/nueva.tododiabetes.co\/?post_type=product&#038;p=6043"},"modified":"2026-02-27T14:57:30","modified_gmt":"2026-02-27T14:57:30","slug":"lector-freestyle-libre-x-1-unidad","status":"publish","type":"product","link":"https:\/\/nueva.tododiabetes.co\/en\/product\/lector-freestyle-libre-x-1-unidad\/","title":{"rendered":"Lector FreeStyle Libre x 1 unidad"},"content":{"rendered":"<p>El lector FreeStyle Libre es un sistema Flash para la medici\u00f3n continua de glucosa; recolecta la informaci\u00f3n de glucosa del sensor en un r\u00e1pido escaneo de un segundo, adem\u00e1s ofrece gr\u00e1ficos e informes completos y f\u00e1ciles de entender.<\/p>\n<p>&#8211; Compacto y liviano. F\u00e1cil de manipular y llevar.<\/p>\n<p>&#8211; Almacena el historial de hasta 90 d\u00edas de datos completos de glucosa6.<\/p>\n<p>&#8211; Gr\u00e1ficos e informes completos que facilitan el monitoreo de tus niveles de glucosa.<\/p>\n<p>&#8211; Se puede escribir notas sobre alimentos y ejercicio.<\/p>\n<p>REGISTRO INVIMA 2017DM-0015791<\/p>","protected":false},"excerpt":{"rendered":"<p>El lector FreeStyle Libre es un sistema Flash para la medici\u00f3n continua de glucosa; recolecta la informaci\u00f3n de glucosa del sensor en un r\u00e1pido escaneo de un segundo, adem\u00e1s ofrece gr\u00e1ficos e informes completos y f\u00e1ciles de entender. &#8211; Compacto y liviano. F\u00e1cil de manipular y llevar. &#8211; Almacena el historial de hasta 90 d\u00edas &hellip; <br \/><a href=\"https:\/\/nueva.tododiabetes.co\/en\/product\/lector-freestyle-libre-x-1-unidad\/\" class=\"more-link\">Continue reading <span class=\"screen-reader-text\">Lector FreeStyle Libre x 1 unidad<\/span><\/a><\/p>","protected":false},"featured_media":6073,"comment_status":"open","ping_status":"closed","template":"","meta":[],"product_brand":[141,150],"product_cat":[72],"product_tag":[],"class_list":{"0":"post-6043","1":"product","2":"type-product","3":"status-publish","4":"has-post-thumbnail","6":"product_brand-abbott","7":"product_brand-freestyle","8":"product_cat-glucometros-y-tiras","10":"first","11":"outofstock","12":"taxable","13":"shipping-taxable","14":"purchasable","15":"product-type-simple"},"yoast_head":"<!-- This site is optimized with the Yoast SEO plugin v27.2 - https:\/\/yoast.com\/product\/yoast-seo-wordpress\/ -->\n<title>Lector FreeStyle Libre x 1 unidad - Tododiabetes \u2764\ufe0f<\/title>\n<meta name=\"description\" content=\"El lector FreeStyle Libre es un sistema Flash para la medici\u00f3n continua de glucosa, recolecta la informaci\u00f3n de glucosa del sensor en un r\u00e1pido escaneo\" \/>\n<meta name=\"robots\" content=\"noindex, follow, max-snippet:-1, max-image-preview:large, max-video-preview:-1\" \/>\n<meta property=\"og:locale\" content=\"en_US\" \/>\n<meta property=\"og:type\" content=\"article\" \/>\n<meta property=\"og:title\" content=\"Lector FreeStyle Libre x 1 unidad - Tododiabetes \u2764\ufe0f\" \/>\n<meta property=\"og:description\" content=\"El lector FreeStyle Libre es un sistema Flash para la medici\u00f3n continua de glucosa, recolecta la informaci\u00f3n de glucosa del sensor en un r\u00e1pido escaneo\" \/>\n<meta property=\"og:url\" content=\"https:\/\/nueva.tododiabetes.co\/en\/product\/lector-freestyle-libre-x-1-unidad\/\" \/>\n<meta property=\"og:site_name\" content=\"Tododiabetes \u2764\ufe0f\" \/>\n<meta property=\"article:modified_time\" content=\"2026-02-27T14:57:30+00:00\" \/>\n<meta property=\"og:image\" content=\"https:\/\/nueva.tododiabetes.co\/wp-content\/uploads\/2026\/02\/Glucometro-Freestyle-Libre.webp\" \/>\n\t<meta property=\"og:image:width\" content=\"800\" \/>\n\t<meta property=\"og:image:height\" content=\"800\" \/>\n\t<meta property=\"og:image:type\" content=\"image\/webp\" \/>\n<meta name=\"twitter:card\" content=\"summary_large_image\" \/>\n<meta name=\"twitter:label1\" content=\"Est. reading time\" \/>\n\t<meta name=\"twitter:data1\" content=\"1 minute\" \/>\n<script type=\"application\/ld+json\" class=\"yoast-schema-graph\">{\"@context\":\"https:\/\/schema.org\",\"@graph\":[{\"@type\":\"WebPage\",\"@id\":\"https:\/\/nueva.tododiabetes.co\/product\/lector-freestyle-libre-x-1-unidad\/\",\"url\":\"https:\/\/nueva.tododiabetes.co\/product\/lector-freestyle-libre-x-1-unidad\/\",\"name\":\"Lector FreeStyle Libre x 1 unidad - Tododiabetes \u2764\ufe0f\",\"isPartOf\":{\"@id\":\"https:\/\/nueva.tododiabetes.co\/#website\"},\"primaryImageOfPage\":{\"@id\":\"https:\/\/nueva.tododiabetes.co\/product\/lector-freestyle-libre-x-1-unidad\/#primaryimage\"},\"image\":{\"@id\":\"https:\/\/nueva.tododiabetes.co\/product\/lector-freestyle-libre-x-1-unidad\/#primaryimage\"},\"thumbnailUrl\":\"https:\/\/nueva.tododiabetes.co\/wp-content\/uploads\/2026\/02\/Glucometro-Freestyle-Libre.webp\",\"datePublished\":\"2026-02-27T14:57:15+00:00\",\"dateModified\":\"2026-02-27T14:57:30+00:00\",\"description\":\"El lector FreeStyle Libre es un sistema Flash para la medici\u00f3n continua de glucosa, recolecta la informaci\u00f3n de glucosa del sensor en un r\u00e1pido escaneo\",\"breadcrumb\":{\"@id\":\"https:\/\/nueva.tododiabetes.co\/product\/lector-freestyle-libre-x-1-unidad\/#breadcrumb\"},\"inLanguage\":\"en-US\",\"potentialAction\":[{\"@type\":\"ReadAction\",\"target\":[\"https:\/\/nueva.tododiabetes.co\/product\/lector-freestyle-libre-x-1-unidad\/\"]}]},{\"@type\":\"ImageObject\",\"inLanguage\":\"en-US\",\"@id\":\"https:\/\/nueva.tododiabetes.co\/product\/lector-freestyle-libre-x-1-unidad\/#primaryimage\",\"url\":\"https:\/\/nueva.tododiabetes.co\/wp-content\/uploads\/2026\/02\/Glucometro-Freestyle-Libre.webp\",\"contentUrl\":\"https:\/\/nueva.tododiabetes.co\/wp-content\/uploads\/2026\/02\/Glucometro-Freestyle-Libre.webp\",\"width\":800,\"height\":800},{\"@type\":\"BreadcrumbList\",\"@id\":\"https:\/\/nueva.tododiabetes.co\/product\/lector-freestyle-libre-x-1-unidad\/#breadcrumb\",\"itemListElement\":[{\"@type\":\"ListItem\",\"position\":1,\"name\":\"Home\",\"item\":\"https:\/\/nueva.tododiabetes.co\/\"},{\"@type\":\"ListItem\",\"position\":2,\"name\":\"Tienda\",\"item\":\"https:\/\/nueva.tododiabetes.co\/tienda\/\"},{\"@type\":\"ListItem\",\"position\":3,\"name\":\"Lector FreeStyle Libre x 1 unidad\"}]},{\"@type\":\"WebSite\",\"@id\":\"https:\/\/nueva.tododiabetes.co\/#website\",\"url\":\"https:\/\/nueva.tododiabetes.co\/\",\"name\":\"Tododiabetes \u2764\ufe0f\",\"description\":\"Tienda de productos para Diabetes e Hipertensi\u00f3n \u260e\ufe0f 6019195560\",\"publisher\":{\"@id\":\"https:\/\/nueva.tododiabetes.co\/#organization\"},\"potentialAction\":[{\"@type\":\"SearchAction\",\"target\":{\"@type\":\"EntryPoint\",\"urlTemplate\":\"https:\/\/nueva.tododiabetes.co\/?s={search_term_string}\"},\"query-input\":{\"@type\":\"PropertyValueSpecification\",\"valueRequired\":true,\"valueName\":\"search_term_string\"}}],\"inLanguage\":\"en-US\"},{\"@type\":\"Organization\",\"@id\":\"https:\/\/nueva.tododiabetes.co\/#organization\",\"name\":\"Tododiabetes \u2764\ufe0f\",\"url\":\"https:\/\/nueva.tododiabetes.co\/\",\"logo\":{\"@type\":\"ImageObject\",\"inLanguage\":\"en-US\",\"@id\":\"https:\/\/nueva.tododiabetes.co\/#\/schema\/logo\/image\/\",\"url\":\"https:\/\/nueva.tododiabetes.co\/wp-content\/uploads\/2021\/02\/Logo-tododiabetes.webp\",\"contentUrl\":\"https:\/\/nueva.tododiabetes.co\/wp-content\/uploads\/2021\/02\/Logo-tododiabetes.webp\",\"width\":1024,\"height\":137,\"caption\":\"Tododiabetes \u2764\ufe0f\"},\"image\":{\"@id\":\"https:\/\/nueva.tododiabetes.co\/#\/schema\/logo\/image\/\"}}]}<\/script>\n<!-- \/ Yoast SEO plugin. -->","yoast_head_json":{"title":"Lector FreeStyle Libre x 1 unidad - Tododiabetes \u2764\ufe0f","description":"El lector FreeStyle Libre es un sistema Flash para la medici\u00f3n continua de glucosa, recolecta la informaci\u00f3n de glucosa del sensor en un r\u00e1pido escaneo","robots":{"index":"noindex","follow":"follow","max-snippet":"max-snippet:-1","max-image-preview":"max-image-preview:large","max-video-preview":"max-video-preview:-1"},"og_locale":"en_US","og_type":"article","og_title":"Lector FreeStyle Libre x 1 unidad - Tododiabetes \u2764\ufe0f","og_description":"El lector FreeStyle Libre es un sistema Flash para la medici\u00f3n continua de glucosa, recolecta la informaci\u00f3n de glucosa del sensor en un r\u00e1pido escaneo","og_url":"https:\/\/nueva.tododiabetes.co\/en\/product\/lector-freestyle-libre-x-1-unidad\/","og_site_name":"Tododiabetes \u2764\ufe0f","article_modified_time":"2026-02-27T14:57:30+00:00","og_image":[{"width":800,"height":800,"url":"https:\/\/nueva.tododiabetes.co\/wp-content\/uploads\/2026\/02\/Glucometro-Freestyle-Libre.webp","type":"image\/webp"}],"twitter_card":"summary_large_image","twitter_misc":{"Est. reading time":"1 minute"},"schema":{"@context":"https:\/\/schema.org","@graph":[{"@type":"WebPage","@id":"https:\/\/nueva.tododiabetes.co\/product\/lector-freestyle-libre-x-1-unidad\/","url":"https:\/\/nueva.tododiabetes.co\/product\/lector-freestyle-libre-x-1-unidad\/","name":"Lector FreeStyle Libre x 1 unidad - Tododiabetes \u2764\ufe0f","isPartOf":{"@id":"https:\/\/nueva.tododiabetes.co\/#website"},"primaryImageOfPage":{"@id":"https:\/\/nueva.tododiabetes.co\/product\/lector-freestyle-libre-x-1-unidad\/#primaryimage"},"image":{"@id":"https:\/\/nueva.tododiabetes.co\/product\/lector-freestyle-libre-x-1-unidad\/#primaryimage"},"thumbnailUrl":"https:\/\/nueva.tododiabetes.co\/wp-content\/uploads\/2026\/02\/Glucometro-Freestyle-Libre.webp","datePublished":"2026-02-27T14:57:15+00:00","dateModified":"2026-02-27T14:57:30+00:00","description":"El lector FreeStyle Libre es un sistema Flash para la medici\u00f3n continua de glucosa, recolecta la informaci\u00f3n de glucosa del sensor en un r\u00e1pido escaneo","breadcrumb":{"@id":"https:\/\/nueva.tododiabetes.co\/product\/lector-freestyle-libre-x-1-unidad\/#breadcrumb"},"inLanguage":"en-US","potentialAction":[{"@type":"ReadAction","target":["https:\/\/nueva.tododiabetes.co\/product\/lector-freestyle-libre-x-1-unidad\/"]}]},{"@type":"ImageObject","inLanguage":"en-US","@id":"https:\/\/nueva.tododiabetes.co\/product\/lector-freestyle-libre-x-1-unidad\/#primaryimage","url":"https:\/\/nueva.tododiabetes.co\/wp-content\/uploads\/2026\/02\/Glucometro-Freestyle-Libre.webp","contentUrl":"https:\/\/nueva.tododiabetes.co\/wp-content\/uploads\/2026\/02\/Glucometro-Freestyle-Libre.webp","width":800,"height":800},{"@type":"BreadcrumbList","@id":"https:\/\/nueva.tododiabetes.co\/product\/lector-freestyle-libre-x-1-unidad\/#breadcrumb","itemListElement":[{"@type":"ListItem","position":1,"name":"Home","item":"https:\/\/nueva.tododiabetes.co\/"},{"@type":"ListItem","position":2,"name":"Tienda","item":"https:\/\/nueva.tododiabetes.co\/tienda\/"},{"@type":"ListItem","position":3,"name":"Lector FreeStyle Libre x 1 unidad"}]},{"@type":"WebSite","@id":"https:\/\/nueva.tododiabetes.co\/#website","url":"https:\/\/nueva.tododiabetes.co\/","name":"Tododiabetes \u2764\ufe0f","description":"Tienda de productos para Diabetes e Hipertensi\u00f3n \u260e\ufe0f 6019195560","publisher":{"@id":"https:\/\/nueva.tododiabetes.co\/#organization"},"potentialAction":[{"@type":"SearchAction","target":{"@type":"EntryPoint","urlTemplate":"https:\/\/nueva.tododiabetes.co\/?s={search_term_string}"},"query-input":{"@type":"PropertyValueSpecification","valueRequired":true,"valueName":"search_term_string"}}],"inLanguage":"en-US"},{"@type":"Organization","@id":"https:\/\/nueva.tododiabetes.co\/#organization","name":"Tododiabetes \u2764\ufe0f","url":"https:\/\/nueva.tododiabetes.co\/","logo":{"@type":"ImageObject","inLanguage":"en-US","@id":"https:\/\/nueva.tododiabetes.co\/#\/schema\/logo\/image\/","url":"https:\/\/nueva.tododiabetes.co\/wp-content\/uploads\/2021\/02\/Logo-tododiabetes.webp","contentUrl":"https:\/\/nueva.tododiabetes.co\/wp-content\/uploads\/2021\/02\/Logo-tododiabetes.webp","width":1024,"height":137,"caption":"Tododiabetes \u2764\ufe0f"},"image":{"@id":"https:\/\/nueva.tododiabetes.co\/#\/schema\/logo\/image\/"}}]}},"_links":{"self":[{"href":"https:\/\/nueva.tododiabetes.co\/en\/wp-json\/wp\/v2\/product\/6043","targetHints":{"allow":["GET"]}}],"collection":[{"href":"https:\/\/nueva.tododiabetes.co\/en\/wp-json\/wp\/v2\/product"}],"about":[{"href":"https:\/\/nueva.tododiabetes.co\/en\/wp-json\/wp\/v2\/types\/product"}],"replies":[{"embeddable":true,"href":"https:\/\/nueva.tododiabetes.co\/en\/wp-json\/wp\/v2\/comments?post=6043"}],"version-history":[{"count":1,"href":"https:\/\/nueva.tododiabetes.co\/en\/wp-json\/wp\/v2\/product\/6043\/revisions"}],"predecessor-version":[{"id":6074,"href":"https:\/\/nueva.tododiabetes.co\/en\/wp-json\/wp\/v2\/product\/6043\/revisions\/6074"}],"wp:featuredmedia":[{"embeddable":true,"href":"https:\/\/nueva.tododiabetes.co\/en\/wp-json\/wp\/v2\/media\/6073"}],"wp:attachment":[{"href":"https:\/\/nueva.tododiabetes.co\/en\/wp-json\/wp\/v2\/media?parent=6043"}],"wp:term":[{"taxonomy":"product_brand","embeddable":true,"href":"https:\/\/nueva.tododiabetes.co\/en\/wp-json\/wp\/v2\/product_brand?post=6043"},{"taxonomy":"product_cat","embeddable":true,"href":"https:\/\/nueva.tododiabetes.co\/en\/wp-json\/wp\/v2\/product_cat?post=6043"},{"taxonomy":"product_tag","embeddable":true,"href":"https:\/\/nueva.tododiabetes.co\/en\/wp-json\/wp\/v2\/product_tag?post=6043"}],"curies":[{"name":"wp","href":"https:\/\/api.w.org\/{rel}","templated":true}]}}