{"id":6042,"date":"2026-02-27T14:57:15","date_gmt":"2026-02-27T14:57:15","guid":{"rendered":"https:\/\/nueva.tododiabetes.co\/?post_type=product&#038;p=6042"},"modified":"2026-02-27T14:57:29","modified_gmt":"2026-02-27T14:57:29","slug":"sensor-freestyle-libre-x-1-unidad","status":"publish","type":"product","link":"https:\/\/nueva.tododiabetes.co\/en\/product\/sensor-freestyle-libre-x-1-unidad\/","title":{"rendered":"Sensor Freestyle Libre X 1 Unidad"},"content":{"rendered":"<p>El sensor de FreeStyle Libre es un dispositivo innovador desechable que consta de dos componentes secundarios:<\/p>\n<p>(aplicador del sensor y paquete del sensor), que se utiliza para adherir el sensor a la piel del paciente e insertar el extremo del sensor unos 5,5 mil\u00edmetros por debajo de la superficie de la piel<\/p>\n<p>Olv\u00eddate de pinchazos todos los d\u00edas su duraci\u00f3n es de 14 d\u00edas El sensor autom\u00e1ticamente captura y almacena los datos de la glucosa cada 15 minutos. Con una capacidad de almacenamiento de datos de hasta 8 horas<\/p>\n<p>Discreto un peque\u00f1o sensor (35mm x 5mm), aplicado en la parte posterior superior del brazo y podr\u00e1 escanearse sobre la ropa.<\/p>\n<p>-Pr\u00e1ctico el sensor almacena autom\u00e1ticamente los niveles de glucosa cada 15 minutos, manteniendo los datos guardados 8 horas hasta el pr\u00f3ximo escaneo.<\/p>\n<p>-No requiere calibraci\u00f3n el sensor ya est\u00e1 calibrado, no es necesario hacer pruebas capilares.<\/p>\n<p>&#8211; Resistente al agua puedes usarlo mientras te ba\u00f1as, practicas nataci\u00f3n u otras actividades.<\/p>\n<p>2017DM-0015791<\/p>\n<p>&nbsp;<\/p>","protected":false},"excerpt":{"rendered":"<p>El sensor de FreeStyle Libre es un dispositivo innovador desechable que consta de dos componentes secundarios: (aplicador del sensor y paquete del sensor), que se utiliza para adherir el sensor a la piel del paciente e insertar el extremo del sensor unos 5,5 mil\u00edmetros por debajo de la superficie de la piel Olv\u00eddate de pinchazos &hellip; <br \/><a href=\"https:\/\/nueva.tododiabetes.co\/en\/product\/sensor-freestyle-libre-x-1-unidad\/\" class=\"more-link\">Continue reading <span class=\"screen-reader-text\">Sensor Freestyle Libre X 1 Unidad<\/span><\/a><\/p>","protected":false},"featured_media":6071,"comment_status":"open","ping_status":"closed","template":"","meta":[],"product_brand":[141,150],"product_cat":[72,80],"product_tag":[],"class_list":{"0":"post-6042","1":"product","2":"type-product","3":"status-publish","4":"has-post-thumbnail","6":"product_brand-abbott","7":"product_brand-freestyle","8":"product_cat-glucometros-y-tiras","9":"product_cat-ofertas","11":"first","12":"outofstock","13":"taxable","14":"shipping-taxable","15":"purchasable","16":"product-type-simple"},"yoast_head":"<!-- This site is optimized with the Yoast SEO plugin v27.2 - https:\/\/yoast.com\/product\/yoast-seo-wordpress\/ -->\n<title>Sensor Freestyle Libre X 1 Unidad - Tododiabetes \u2764\ufe0f<\/title>\n<meta name=\"description\" content=\"Olv\u00eddate de pinchazos todos los d\u00edas su duraci\u00f3n es de 14 d\u00edas El sensor autom\u00e1ticamente captura y almacena los datos de la glucosa cada 15 minutos.\" \/>\n<meta name=\"robots\" content=\"noindex, follow, max-snippet:-1, max-image-preview:large, max-video-preview:-1\" \/>\n<meta property=\"og:locale\" content=\"en_US\" \/>\n<meta property=\"og:type\" content=\"article\" \/>\n<meta property=\"og:title\" content=\"Sensor Freestyle Libre X 1 Unidad - Tododiabetes \u2764\ufe0f\" \/>\n<meta property=\"og:description\" content=\"Olv\u00eddate de pinchazos todos los d\u00edas su duraci\u00f3n es de 14 d\u00edas El sensor autom\u00e1ticamente captura y almacena los datos de la glucosa cada 15 minutos.\" \/>\n<meta property=\"og:url\" content=\"https:\/\/nueva.tododiabetes.co\/en\/product\/sensor-freestyle-libre-x-1-unidad\/\" \/>\n<meta property=\"og:site_name\" content=\"Tododiabetes \u2764\ufe0f\" \/>\n<meta property=\"article:modified_time\" content=\"2026-02-27T14:57:29+00:00\" \/>\n<meta property=\"og:image\" content=\"https:\/\/nueva.tododiabetes.co\/wp-content\/uploads\/2026\/02\/SENSOR-FREESTYLE-LIBRE-X-1-UNIDAD.webp\" \/>\n\t<meta property=\"og:image:width\" content=\"800\" \/>\n\t<meta property=\"og:image:height\" content=\"800\" \/>\n\t<meta property=\"og:image:type\" content=\"image\/webp\" \/>\n<meta name=\"twitter:card\" content=\"summary_large_image\" \/>\n<meta name=\"twitter:label1\" content=\"Est. reading time\" \/>\n\t<meta name=\"twitter:data1\" content=\"1 minute\" \/>\n<script type=\"application\/ld+json\" class=\"yoast-schema-graph\">{\"@context\":\"https:\/\/schema.org\",\"@graph\":[{\"@type\":\"WebPage\",\"@id\":\"https:\/\/nueva.tododiabetes.co\/product\/sensor-freestyle-libre-x-1-unidad\/\",\"url\":\"https:\/\/nueva.tododiabetes.co\/product\/sensor-freestyle-libre-x-1-unidad\/\",\"name\":\"Sensor Freestyle Libre X 1 Unidad - Tododiabetes \u2764\ufe0f\",\"isPartOf\":{\"@id\":\"https:\/\/nueva.tododiabetes.co\/#website\"},\"primaryImageOfPage\":{\"@id\":\"https:\/\/nueva.tododiabetes.co\/product\/sensor-freestyle-libre-x-1-unidad\/#primaryimage\"},\"image\":{\"@id\":\"https:\/\/nueva.tododiabetes.co\/product\/sensor-freestyle-libre-x-1-unidad\/#primaryimage\"},\"thumbnailUrl\":\"https:\/\/nueva.tododiabetes.co\/wp-content\/uploads\/2026\/02\/SENSOR-FREESTYLE-LIBRE-X-1-UNIDAD.webp\",\"datePublished\":\"2026-02-27T14:57:15+00:00\",\"dateModified\":\"2026-02-27T14:57:29+00:00\",\"description\":\"Olv\u00eddate de pinchazos todos los d\u00edas su duraci\u00f3n es de 14 d\u00edas El sensor autom\u00e1ticamente captura y almacena los datos de la glucosa cada 15 minutos.\",\"breadcrumb\":{\"@id\":\"https:\/\/nueva.tododiabetes.co\/product\/sensor-freestyle-libre-x-1-unidad\/#breadcrumb\"},\"inLanguage\":\"en-US\",\"potentialAction\":[{\"@type\":\"ReadAction\",\"target\":[\"https:\/\/nueva.tododiabetes.co\/product\/sensor-freestyle-libre-x-1-unidad\/\"]}]},{\"@type\":\"ImageObject\",\"inLanguage\":\"en-US\",\"@id\":\"https:\/\/nueva.tododiabetes.co\/product\/sensor-freestyle-libre-x-1-unidad\/#primaryimage\",\"url\":\"https:\/\/nueva.tododiabetes.co\/wp-content\/uploads\/2026\/02\/SENSOR-FREESTYLE-LIBRE-X-1-UNIDAD.webp\",\"contentUrl\":\"https:\/\/nueva.tododiabetes.co\/wp-content\/uploads\/2026\/02\/SENSOR-FREESTYLE-LIBRE-X-1-UNIDAD.webp\",\"width\":800,\"height\":800},{\"@type\":\"BreadcrumbList\",\"@id\":\"https:\/\/nueva.tododiabetes.co\/product\/sensor-freestyle-libre-x-1-unidad\/#breadcrumb\",\"itemListElement\":[{\"@type\":\"ListItem\",\"position\":1,\"name\":\"Home\",\"item\":\"https:\/\/nueva.tododiabetes.co\/\"},{\"@type\":\"ListItem\",\"position\":2,\"name\":\"Tienda\",\"item\":\"https:\/\/nueva.tododiabetes.co\/tienda\/\"},{\"@type\":\"ListItem\",\"position\":3,\"name\":\"Sensor Freestyle Libre X 1 Unidad\"}]},{\"@type\":\"WebSite\",\"@id\":\"https:\/\/nueva.tododiabetes.co\/#website\",\"url\":\"https:\/\/nueva.tododiabetes.co\/\",\"name\":\"Tododiabetes \u2764\ufe0f\",\"description\":\"Tienda de productos para Diabetes e Hipertensi\u00f3n \u260e\ufe0f 6019195560\",\"publisher\":{\"@id\":\"https:\/\/nueva.tododiabetes.co\/#organization\"},\"potentialAction\":[{\"@type\":\"SearchAction\",\"target\":{\"@type\":\"EntryPoint\",\"urlTemplate\":\"https:\/\/nueva.tododiabetes.co\/?s={search_term_string}\"},\"query-input\":{\"@type\":\"PropertyValueSpecification\",\"valueRequired\":true,\"valueName\":\"search_term_string\"}}],\"inLanguage\":\"en-US\"},{\"@type\":\"Organization\",\"@id\":\"https:\/\/nueva.tododiabetes.co\/#organization\",\"name\":\"Tododiabetes \u2764\ufe0f\",\"url\":\"https:\/\/nueva.tododiabetes.co\/\",\"logo\":{\"@type\":\"ImageObject\",\"inLanguage\":\"en-US\",\"@id\":\"https:\/\/nueva.tododiabetes.co\/#\/schema\/logo\/image\/\",\"url\":\"https:\/\/nueva.tododiabetes.co\/wp-content\/uploads\/2021\/02\/Logo-tododiabetes.webp\",\"contentUrl\":\"https:\/\/nueva.tododiabetes.co\/wp-content\/uploads\/2021\/02\/Logo-tododiabetes.webp\",\"width\":1024,\"height\":137,\"caption\":\"Tododiabetes \u2764\ufe0f\"},\"image\":{\"@id\":\"https:\/\/nueva.tododiabetes.co\/#\/schema\/logo\/image\/\"}}]}<\/script>\n<!-- \/ Yoast SEO plugin. -->","yoast_head_json":{"title":"Sensor Freestyle Libre X 1 Unidad - Tododiabetes \u2764\ufe0f","description":"Olv\u00eddate de pinchazos todos los d\u00edas su duraci\u00f3n es de 14 d\u00edas El sensor autom\u00e1ticamente captura y almacena los datos de la glucosa cada 15 minutos.","robots":{"index":"noindex","follow":"follow","max-snippet":"max-snippet:-1","max-image-preview":"max-image-preview:large","max-video-preview":"max-video-preview:-1"},"og_locale":"en_US","og_type":"article","og_title":"Sensor Freestyle Libre X 1 Unidad - Tododiabetes \u2764\ufe0f","og_description":"Olv\u00eddate de pinchazos todos los d\u00edas su duraci\u00f3n es de 14 d\u00edas El sensor autom\u00e1ticamente captura y almacena los datos de la glucosa cada 15 minutos.","og_url":"https:\/\/nueva.tododiabetes.co\/en\/product\/sensor-freestyle-libre-x-1-unidad\/","og_site_name":"Tododiabetes \u2764\ufe0f","article_modified_time":"2026-02-27T14:57:29+00:00","og_image":[{"width":800,"height":800,"url":"https:\/\/nueva.tododiabetes.co\/wp-content\/uploads\/2026\/02\/SENSOR-FREESTYLE-LIBRE-X-1-UNIDAD.webp","type":"image\/webp"}],"twitter_card":"summary_large_image","twitter_misc":{"Est. reading time":"1 minute"},"schema":{"@context":"https:\/\/schema.org","@graph":[{"@type":"WebPage","@id":"https:\/\/nueva.tododiabetes.co\/product\/sensor-freestyle-libre-x-1-unidad\/","url":"https:\/\/nueva.tododiabetes.co\/product\/sensor-freestyle-libre-x-1-unidad\/","name":"Sensor Freestyle Libre X 1 Unidad - Tododiabetes \u2764\ufe0f","isPartOf":{"@id":"https:\/\/nueva.tododiabetes.co\/#website"},"primaryImageOfPage":{"@id":"https:\/\/nueva.tododiabetes.co\/product\/sensor-freestyle-libre-x-1-unidad\/#primaryimage"},"image":{"@id":"https:\/\/nueva.tododiabetes.co\/product\/sensor-freestyle-libre-x-1-unidad\/#primaryimage"},"thumbnailUrl":"https:\/\/nueva.tododiabetes.co\/wp-content\/uploads\/2026\/02\/SENSOR-FREESTYLE-LIBRE-X-1-UNIDAD.webp","datePublished":"2026-02-27T14:57:15+00:00","dateModified":"2026-02-27T14:57:29+00:00","description":"Olv\u00eddate de pinchazos todos los d\u00edas su duraci\u00f3n es de 14 d\u00edas El sensor autom\u00e1ticamente captura y almacena los datos de la glucosa cada 15 minutos.","breadcrumb":{"@id":"https:\/\/nueva.tododiabetes.co\/product\/sensor-freestyle-libre-x-1-unidad\/#breadcrumb"},"inLanguage":"en-US","potentialAction":[{"@type":"ReadAction","target":["https:\/\/nueva.tododiabetes.co\/product\/sensor-freestyle-libre-x-1-unidad\/"]}]},{"@type":"ImageObject","inLanguage":"en-US","@id":"https:\/\/nueva.tododiabetes.co\/product\/sensor-freestyle-libre-x-1-unidad\/#primaryimage","url":"https:\/\/nueva.tododiabetes.co\/wp-content\/uploads\/2026\/02\/SENSOR-FREESTYLE-LIBRE-X-1-UNIDAD.webp","contentUrl":"https:\/\/nueva.tododiabetes.co\/wp-content\/uploads\/2026\/02\/SENSOR-FREESTYLE-LIBRE-X-1-UNIDAD.webp","width":800,"height":800},{"@type":"BreadcrumbList","@id":"https:\/\/nueva.tododiabetes.co\/product\/sensor-freestyle-libre-x-1-unidad\/#breadcrumb","itemListElement":[{"@type":"ListItem","position":1,"name":"Home","item":"https:\/\/nueva.tododiabetes.co\/"},{"@type":"ListItem","position":2,"name":"Tienda","item":"https:\/\/nueva.tododiabetes.co\/tienda\/"},{"@type":"ListItem","position":3,"name":"Sensor Freestyle Libre X 1 Unidad"}]},{"@type":"WebSite","@id":"https:\/\/nueva.tododiabetes.co\/#website","url":"https:\/\/nueva.tododiabetes.co\/","name":"Tododiabetes \u2764\ufe0f","description":"Tienda de productos para Diabetes e Hipertensi\u00f3n \u260e\ufe0f 6019195560","publisher":{"@id":"https:\/\/nueva.tododiabetes.co\/#organization"},"potentialAction":[{"@type":"SearchAction","target":{"@type":"EntryPoint","urlTemplate":"https:\/\/nueva.tododiabetes.co\/?s={search_term_string}"},"query-input":{"@type":"PropertyValueSpecification","valueRequired":true,"valueName":"search_term_string"}}],"inLanguage":"en-US"},{"@type":"Organization","@id":"https:\/\/nueva.tododiabetes.co\/#organization","name":"Tododiabetes \u2764\ufe0f","url":"https:\/\/nueva.tododiabetes.co\/","logo":{"@type":"ImageObject","inLanguage":"en-US","@id":"https:\/\/nueva.tododiabetes.co\/#\/schema\/logo\/image\/","url":"https:\/\/nueva.tododiabetes.co\/wp-content\/uploads\/2021\/02\/Logo-tododiabetes.webp","contentUrl":"https:\/\/nueva.tododiabetes.co\/wp-content\/uploads\/2021\/02\/Logo-tododiabetes.webp","width":1024,"height":137,"caption":"Tododiabetes \u2764\ufe0f"},"image":{"@id":"https:\/\/nueva.tododiabetes.co\/#\/schema\/logo\/image\/"}}]}},"_links":{"self":[{"href":"https:\/\/nueva.tododiabetes.co\/en\/wp-json\/wp\/v2\/product\/6042","targetHints":{"allow":["GET"]}}],"collection":[{"href":"https:\/\/nueva.tododiabetes.co\/en\/wp-json\/wp\/v2\/product"}],"about":[{"href":"https:\/\/nueva.tododiabetes.co\/en\/wp-json\/wp\/v2\/types\/product"}],"replies":[{"embeddable":true,"href":"https:\/\/nueva.tododiabetes.co\/en\/wp-json\/wp\/v2\/comments?post=6042"}],"version-history":[{"count":1,"href":"https:\/\/nueva.tododiabetes.co\/en\/wp-json\/wp\/v2\/product\/6042\/revisions"}],"predecessor-version":[{"id":6072,"href":"https:\/\/nueva.tododiabetes.co\/en\/wp-json\/wp\/v2\/product\/6042\/revisions\/6072"}],"wp:featuredmedia":[{"embeddable":true,"href":"https:\/\/nueva.tododiabetes.co\/en\/wp-json\/wp\/v2\/media\/6071"}],"wp:attachment":[{"href":"https:\/\/nueva.tododiabetes.co\/en\/wp-json\/wp\/v2\/media?parent=6042"}],"wp:term":[{"taxonomy":"product_brand","embeddable":true,"href":"https:\/\/nueva.tododiabetes.co\/en\/wp-json\/wp\/v2\/product_brand?post=6042"},{"taxonomy":"product_cat","embeddable":true,"href":"https:\/\/nueva.tododiabetes.co\/en\/wp-json\/wp\/v2\/product_cat?post=6042"},{"taxonomy":"product_tag","embeddable":true,"href":"https:\/\/nueva.tododiabetes.co\/en\/wp-json\/wp\/v2\/product_tag?post=6042"}],"curies":[{"name":"wp","href":"https:\/\/api.w.org\/{rel}","templated":true}]}}