{"id":6038,"date":"2026-02-27T14:57:14","date_gmt":"2026-02-27T14:57:14","guid":{"rendered":"https:\/\/nueva.tododiabetes.co\/?post_type=product&#038;p=6038"},"modified":"2026-02-27T14:57:21","modified_gmt":"2026-02-27T14:57:21","slug":"tensiometro-digital-brazo-home-life-hm1326-guia-de-voz","status":"publish","type":"product","link":"https:\/\/nueva.tododiabetes.co\/en\/product\/tensiometro-digital-brazo-home-life-hm1326-guia-de-voz\/","title":{"rendered":"Tensi\u00f3metro Digital Brazo Home Life HM1326 Guia de Voz"},"content":{"rendered":"<p><iframe title=\"Tensi\u00f3metro digital autom\u00e1tico de brazo - PLUS HM - Homelife\" width=\"660\" height=\"371\" src=\"https:\/\/www.youtube.com\/embed\/S5ALrMrDmCQ?feature=oembed\" frameborder=\"0\" allow=\"accelerometer; autoplay; clipboard-write; encrypted-media; gyroscope; picture-in-picture; web-share\" referrerpolicy=\"strict-origin-when-cross-origin\" allowfullscreen><\/iframe><\/p>\n<table class=\"woocommerce-product-attributes shop_attributes\">\n<tbody>\n<tr class=\"woocommerce-product-attributes-item woocommerce-product-attributes-item--attribute_modelo\">\n<th class=\"woocommerce-product-attributes-item__label\">Modelo<\/th>\n<td class=\"woocommerce-product-attributes-item__value\">BP-1326<\/td>\n<\/tr>\n<tr class=\"woocommerce-product-attributes-item woocommerce-product-attributes-item--attribute_uso\">\n<th class=\"woocommerce-product-attributes-item__label\">Uso<\/th>\n<td class=\"woocommerce-product-attributes-item__value\">Adultos<\/td>\n<\/tr>\n<tr class=\"woocommerce-product-attributes-item woocommerce-product-attributes-item--attribute_medici%c3%b3n\">\n<th class=\"woocommerce-product-attributes-item__label\">Medici\u00f3n<\/th>\n<td class=\"woocommerce-product-attributes-item__value\">Sist\u00f3lica, Diast\u00f3lica y frecuencia cardiaca<\/td>\n<\/tr>\n<tr class=\"woocommerce-product-attributes-item woocommerce-product-attributes-item--attribute_m%c3%a9todo-de-medici%c3%b3n\">\n<th class=\"woocommerce-product-attributes-item__label\">M\u00e9todo de medici\u00f3n<\/th>\n<td class=\"woocommerce-product-attributes-item__value\">M\u00e9todo oscilom\u00e9trico<\/td>\n<\/tr>\n<tr class=\"woocommerce-product-attributes-item woocommerce-product-attributes-item--attribute_rangos-de-medici%c3%b3n\">\n<th class=\"woocommerce-product-attributes-item__label\">Rangos de medici\u00f3n<\/th>\n<td class=\"woocommerce-product-attributes-item__value\">Presi\u00f3n: 0mmHg~300mmHg \/ Pulso: 30~180 Pulsaciones\/min<\/td>\n<\/tr>\n<tr class=\"woocommerce-product-attributes-item woocommerce-product-attributes-item--attribute_pantalla\">\n<th class=\"woocommerce-product-attributes-item__label\">Pantalla<\/th>\n<td class=\"woocommerce-product-attributes-item__value\">LCD pantalla digital tama\u00f1o 69 mm x 67 mm (2,71&#8243; x 2,63&#8243;)<\/td>\n<\/tr>\n<tr class=\"woocommerce-product-attributes-item woocommerce-product-attributes-item--attribute_precisi%c3%b3n-de-medici%c3%b3n\">\n<th class=\"woocommerce-product-attributes-item__label\">Precisi\u00f3n de medici\u00f3n<\/th>\n<td class=\"woocommerce-product-attributes-item__value\">Presi\u00f3n: \u00b13 mmHg \/ Pulso: \u00b15%<\/td>\n<\/tr>\n<tr class=\"woocommerce-product-attributes-item woocommerce-product-attributes-item--attribute_presurizaci%c3%b3n\">\n<th class=\"woocommerce-product-attributes-item__label\">Presurizaci\u00f3n<\/th>\n<td class=\"woocommerce-product-attributes-item__value\">Autom\u00e1tica<\/td>\n<\/tr>\n<tr class=\"woocommerce-product-attributes-item woocommerce-product-attributes-item--attribute_memoria\">\n<th class=\"woocommerce-product-attributes-item__label\">Memoria<\/th>\n<td class=\"woocommerce-product-attributes-item__value\">120 Memorias para 2 usuarios (60 cada uno)<\/td>\n<\/tr>\n<tr class=\"woocommerce-product-attributes-item woocommerce-product-attributes-item--attribute_funci%c3%b3n\">\n<th class=\"woocommerce-product-attributes-item__label\">Funci\u00f3n<\/th>\n<td class=\"woocommerce-product-attributes-item__value\">Voz en las lecturas, promedio de los \u00faltimos 3 resultados, Detecci\u00f3n de baja bater\u00eda.<\/td>\n<\/tr>\n<tr class=\"woocommerce-product-attributes-item woocommerce-product-attributes-item--attribute_apagado\">\n<th class=\"woocommerce-product-attributes-item__label\">Apagado<\/th>\n<td class=\"woocommerce-product-attributes-item__value\">Manual o autom\u00e1tico despues de 3 minutos de inactividad<\/td>\n<\/tr>\n<tr class=\"woocommerce-product-attributes-item woocommerce-product-attributes-item--attribute_fuente-de-poder\">\n<th class=\"woocommerce-product-attributes-item__label\">Fuente de poder<\/th>\n<td class=\"woocommerce-product-attributes-item__value\">4 Bater\u00edas AAA \u00f3 adaptador a corriente C\/A<\/td>\n<\/tr>\n<tr class=\"woocommerce-product-attributes-item woocommerce-product-attributes-item--attribute_peso\">\n<th class=\"woocommerce-product-attributes-item__label\">Peso<\/th>\n<td class=\"woocommerce-product-attributes-item__value\">Aprox 480g (16.93 oz) excluyendo las bater\u00edas<\/td>\n<\/tr>\n<tr class=\"woocommerce-product-attributes-item woocommerce-product-attributes-item--attribute_dimensi%c3%b3n\">\n<th class=\"woocommerce-product-attributes-item__label\">Dimensi\u00f3n<\/th>\n<td class=\"woocommerce-product-attributes-item__value\">Aprox 131,2 x 101,8 x 44,1mm (Largo x Ancho x Alto)<\/td>\n<\/tr>\n<tr class=\"woocommerce-product-attributes-item woocommerce-product-attributes-item--attribute_circunferencia-de-brazalete\">\n<th class=\"woocommerce-product-attributes-item__label\">Circunferencia de brazalete<\/th>\n<td class=\"woocommerce-product-attributes-item__value\">Aprox 30cm ~ 42cm<\/td>\n<\/tr>\n<tr class=\"woocommerce-product-attributes-item woocommerce-product-attributes-item--attribute_compatibilidad-electromagn%c3%a9tica\">\n<th class=\"woocommerce-product-attributes-item__label\">Compatibilidad Electromagn\u00e9tica<\/th>\n<td class=\"woocommerce-product-attributes-item__value\">Tipo BF<\/td>\n<\/tr>\n<tr class=\"woocommerce-product-attributes-item woocommerce-product-attributes-item--attribute_clasificaci%c3%b3n-ip\">\n<th class=\"woocommerce-product-attributes-item__label\">Clasificaci\u00f3n IP<\/th>\n<td class=\"woocommerce-product-attributes-item__value\">IP20<\/td>\n<\/tr>\n<tr class=\"woocommerce-product-attributes-item woocommerce-product-attributes-item--attribute_garant%c3%ada\">\n<th class=\"woocommerce-product-attributes-item__label\">Garant\u00eda<\/th>\n<td class=\"woocommerce-product-attributes-item__value\">2 a\u00f1os<\/td>\n<\/tr>\n<tr class=\"woocommerce-product-attributes-item woocommerce-product-attributes-item--attribute_registro-invima\">\n<th class=\"woocommerce-product-attributes-item__label\">Registro INVIMA<\/th>\n<td class=\"woocommerce-product-attributes-item__value\">vigente 2017 DM-0016556<\/td>\n<\/tr>\n<tr class=\"woocommerce-product-attributes-item woocommerce-product-attributes-item--attribute_contenido\">\n<th class=\"woocommerce-product-attributes-item__label\">Contenido<\/th>\n<td class=\"woocommerce-product-attributes-item__value\">Caja de empaque, tensi\u00f3metro, brazalete, adaptador A\/C, 4 pilas, bolsa port\u00e1til, manual.<\/td>\n<\/tr>\n<\/tbody>\n<\/table>","protected":false},"excerpt":{"rendered":"<p>&nbsp;<\/p>\n<p>El Tensi\u00f3metro autom\u00e1tico es un instrumento m\u00e9dico que realiza la medici\u00f3n de la presi\u00f3n arterial, se utiliza como equipo de diagn\u00f3stico primario y monitoreo en pacientes adultos con alteraciones cardiacas.\u00a0Detecci\u00f3n de arritmias card\u00edacas e indicador de clasificaci\u00f3n de la Organizaci\u00f3n Mundial de la salud (OMS).<\/p>\n<ul>\n<li>Funci\u00f3n de voz al realizar las tomas de presi\u00f3n.<\/li>\n<li>Los valores se leen en una pantalla LCD.<\/li>\n<li>Almacena 120 memoria lecturas divididas en dos grupos.<\/li>\n<li>Voz en las lecturas, promedio de los \u00faltimos 3 resultados.<\/li>\n<li>Detecci\u00f3n de baja bater\u00eda.<\/li>\n<li>Sistema de ahorro de energ\u00eda con apagado autom\u00e1tico.<\/li>\n<\/ul>\n<p>&nbsp;<\/p>\n<p>Equipo con registro INVIMA vigente 2017 DM-0016556.<\/p>","protected":false},"featured_media":6062,"comment_status":"open","ping_status":"closed","template":"","meta":[],"product_brand":[101],"product_cat":[80,93],"product_tag":[],"class_list":{"0":"post-6038","1":"product","2":"type-product","3":"status-publish","4":"has-post-thumbnail","6":"product_brand-homelife","7":"product_cat-ofertas","8":"product_cat-tensiometros-oximetros-dispositivos-medicos","10":"first","11":"outofstock","12":"sale","13":"taxable","14":"shipping-taxable","15":"purchasable","16":"product-type-simple"},"yoast_head":"<!-- This site is optimized with the Yoast SEO plugin v27.2 - https:\/\/yoast.com\/product\/yoast-seo-wordpress\/ -->\n<title>Tensi\u00f3metro Digital Brazo Home Life HM1326 Guia de Voz - Tododiabetes \u2764\ufe0f<\/title>\n<meta name=\"description\" content=\"Tensi\u00f3metro autom\u00e1tico con gu\u00eda de voz, se utiliza como equipo de diagn\u00f3stico primario y monitoreo en pacientes con alteraciones cardiacas.\" \/>\n<meta name=\"robots\" content=\"noindex, follow, max-snippet:-1, max-image-preview:large, max-video-preview:-1\" \/>\n<meta property=\"og:locale\" content=\"en_US\" \/>\n<meta property=\"og:type\" content=\"article\" \/>\n<meta property=\"og:title\" content=\"Tensi\u00f3metro Digital Brazo Home Life HM1326 Guia de Voz - Tododiabetes \u2764\ufe0f\" \/>\n<meta property=\"og:description\" content=\"Tensi\u00f3metro autom\u00e1tico con gu\u00eda de voz, se utiliza como equipo de diagn\u00f3stico primario y monitoreo en pacientes con alteraciones cardiacas.\" \/>\n<meta property=\"og:url\" content=\"https:\/\/nueva.tododiabetes.co\/en\/product\/tensiometro-digital-brazo-home-life-hm1326-guia-de-voz\/\" \/>\n<meta property=\"og:site_name\" content=\"Tododiabetes \u2764\ufe0f\" \/>\n<meta property=\"article:modified_time\" content=\"2026-02-27T14:57:21+00:00\" \/>\n<meta property=\"og:image\" content=\"https:\/\/nueva.tododiabetes.co\/wp-content\/uploads\/2026\/02\/TENSIOMETRO-HM-1326.jpeg\" \/>\n\t<meta property=\"og:image:width\" content=\"600\" \/>\n\t<meta property=\"og:image:height\" content=\"600\" \/>\n\t<meta property=\"og:image:type\" content=\"image\/jpeg\" \/>\n<meta name=\"twitter:card\" content=\"summary_large_image\" \/>\n<meta name=\"twitter:label1\" content=\"Est. reading time\" \/>\n\t<meta name=\"twitter:data1\" content=\"1 minute\" \/>\n<script type=\"application\/ld+json\" class=\"yoast-schema-graph\">{\"@context\":\"https:\/\/schema.org\",\"@graph\":[{\"@type\":\"WebPage\",\"@id\":\"https:\/\/nueva.tododiabetes.co\/product\/tensiometro-digital-brazo-home-life-hm1326-guia-de-voz\/\",\"url\":\"https:\/\/nueva.tododiabetes.co\/product\/tensiometro-digital-brazo-home-life-hm1326-guia-de-voz\/\",\"name\":\"Tensi\u00f3metro Digital Brazo Home Life HM1326 Guia de Voz - Tododiabetes \u2764\ufe0f\",\"isPartOf\":{\"@id\":\"https:\/\/nueva.tododiabetes.co\/#website\"},\"primaryImageOfPage\":{\"@id\":\"https:\/\/nueva.tododiabetes.co\/product\/tensiometro-digital-brazo-home-life-hm1326-guia-de-voz\/#primaryimage\"},\"image\":{\"@id\":\"https:\/\/nueva.tododiabetes.co\/product\/tensiometro-digital-brazo-home-life-hm1326-guia-de-voz\/#primaryimage\"},\"thumbnailUrl\":\"https:\/\/nueva.tododiabetes.co\/wp-content\/uploads\/2026\/02\/TENSIOMETRO-HM-1326.jpeg\",\"datePublished\":\"2026-02-27T14:57:14+00:00\",\"dateModified\":\"2026-02-27T14:57:21+00:00\",\"description\":\"Tensi\u00f3metro autom\u00e1tico con gu\u00eda de voz, se utiliza como equipo de diagn\u00f3stico primario y monitoreo en pacientes con alteraciones cardiacas.\",\"breadcrumb\":{\"@id\":\"https:\/\/nueva.tododiabetes.co\/product\/tensiometro-digital-brazo-home-life-hm1326-guia-de-voz\/#breadcrumb\"},\"inLanguage\":\"en-US\",\"potentialAction\":[{\"@type\":\"ReadAction\",\"target\":[\"https:\/\/nueva.tododiabetes.co\/product\/tensiometro-digital-brazo-home-life-hm1326-guia-de-voz\/\"]}]},{\"@type\":\"ImageObject\",\"inLanguage\":\"en-US\",\"@id\":\"https:\/\/nueva.tododiabetes.co\/product\/tensiometro-digital-brazo-home-life-hm1326-guia-de-voz\/#primaryimage\",\"url\":\"https:\/\/nueva.tododiabetes.co\/wp-content\/uploads\/2026\/02\/TENSIOMETRO-HM-1326.jpeg\",\"contentUrl\":\"https:\/\/nueva.tododiabetes.co\/wp-content\/uploads\/2026\/02\/TENSIOMETRO-HM-1326.jpeg\",\"width\":600,\"height\":600},{\"@type\":\"BreadcrumbList\",\"@id\":\"https:\/\/nueva.tododiabetes.co\/product\/tensiometro-digital-brazo-home-life-hm1326-guia-de-voz\/#breadcrumb\",\"itemListElement\":[{\"@type\":\"ListItem\",\"position\":1,\"name\":\"Home\",\"item\":\"https:\/\/nueva.tododiabetes.co\/\"},{\"@type\":\"ListItem\",\"position\":2,\"name\":\"Tienda\",\"item\":\"https:\/\/nueva.tododiabetes.co\/tienda\/\"},{\"@type\":\"ListItem\",\"position\":3,\"name\":\"Tensi\u00f3metro Digital Brazo Home Life HM1326 Guia de Voz\"}]},{\"@type\":\"WebSite\",\"@id\":\"https:\/\/nueva.tododiabetes.co\/#website\",\"url\":\"https:\/\/nueva.tododiabetes.co\/\",\"name\":\"Tododiabetes \u2764\ufe0f\",\"description\":\"Tienda de productos para Diabetes e Hipertensi\u00f3n \u260e\ufe0f 6019195560\",\"publisher\":{\"@id\":\"https:\/\/nueva.tododiabetes.co\/#organization\"},\"potentialAction\":[{\"@type\":\"SearchAction\",\"target\":{\"@type\":\"EntryPoint\",\"urlTemplate\":\"https:\/\/nueva.tododiabetes.co\/?s={search_term_string}\"},\"query-input\":{\"@type\":\"PropertyValueSpecification\",\"valueRequired\":true,\"valueName\":\"search_term_string\"}}],\"inLanguage\":\"en-US\"},{\"@type\":\"Organization\",\"@id\":\"https:\/\/nueva.tododiabetes.co\/#organization\",\"name\":\"Tododiabetes \u2764\ufe0f\",\"url\":\"https:\/\/nueva.tododiabetes.co\/\",\"logo\":{\"@type\":\"ImageObject\",\"inLanguage\":\"en-US\",\"@id\":\"https:\/\/nueva.tododiabetes.co\/#\/schema\/logo\/image\/\",\"url\":\"https:\/\/nueva.tododiabetes.co\/wp-content\/uploads\/2021\/02\/Logo-tododiabetes.webp\",\"contentUrl\":\"https:\/\/nueva.tododiabetes.co\/wp-content\/uploads\/2021\/02\/Logo-tododiabetes.webp\",\"width\":1024,\"height\":137,\"caption\":\"Tododiabetes \u2764\ufe0f\"},\"image\":{\"@id\":\"https:\/\/nueva.tododiabetes.co\/#\/schema\/logo\/image\/\"}}]}<\/script>\n<!-- \/ Yoast SEO plugin. -->","yoast_head_json":{"title":"Tensi\u00f3metro Digital Brazo Home Life HM1326 Guia de Voz - Tododiabetes \u2764\ufe0f","description":"Tensi\u00f3metro autom\u00e1tico con gu\u00eda de voz, se utiliza como equipo de diagn\u00f3stico primario y monitoreo en pacientes con alteraciones cardiacas.","robots":{"index":"noindex","follow":"follow","max-snippet":"max-snippet:-1","max-image-preview":"max-image-preview:large","max-video-preview":"max-video-preview:-1"},"og_locale":"en_US","og_type":"article","og_title":"Tensi\u00f3metro Digital Brazo Home Life HM1326 Guia de Voz - Tododiabetes \u2764\ufe0f","og_description":"Tensi\u00f3metro autom\u00e1tico con gu\u00eda de voz, se utiliza como equipo de diagn\u00f3stico primario y monitoreo en pacientes con alteraciones cardiacas.","og_url":"https:\/\/nueva.tododiabetes.co\/en\/product\/tensiometro-digital-brazo-home-life-hm1326-guia-de-voz\/","og_site_name":"Tododiabetes \u2764\ufe0f","article_modified_time":"2026-02-27T14:57:21+00:00","og_image":[{"width":600,"height":600,"url":"https:\/\/nueva.tododiabetes.co\/wp-content\/uploads\/2026\/02\/TENSIOMETRO-HM-1326.jpeg","type":"image\/jpeg"}],"twitter_card":"summary_large_image","twitter_misc":{"Est. reading time":"1 minute"},"schema":{"@context":"https:\/\/schema.org","@graph":[{"@type":"WebPage","@id":"https:\/\/nueva.tododiabetes.co\/product\/tensiometro-digital-brazo-home-life-hm1326-guia-de-voz\/","url":"https:\/\/nueva.tododiabetes.co\/product\/tensiometro-digital-brazo-home-life-hm1326-guia-de-voz\/","name":"Tensi\u00f3metro Digital Brazo Home Life HM1326 Guia de Voz - Tododiabetes \u2764\ufe0f","isPartOf":{"@id":"https:\/\/nueva.tododiabetes.co\/#website"},"primaryImageOfPage":{"@id":"https:\/\/nueva.tododiabetes.co\/product\/tensiometro-digital-brazo-home-life-hm1326-guia-de-voz\/#primaryimage"},"image":{"@id":"https:\/\/nueva.tododiabetes.co\/product\/tensiometro-digital-brazo-home-life-hm1326-guia-de-voz\/#primaryimage"},"thumbnailUrl":"https:\/\/nueva.tododiabetes.co\/wp-content\/uploads\/2026\/02\/TENSIOMETRO-HM-1326.jpeg","datePublished":"2026-02-27T14:57:14+00:00","dateModified":"2026-02-27T14:57:21+00:00","description":"Tensi\u00f3metro autom\u00e1tico con gu\u00eda de voz, se utiliza como equipo de diagn\u00f3stico primario y monitoreo en pacientes con alteraciones cardiacas.","breadcrumb":{"@id":"https:\/\/nueva.tododiabetes.co\/product\/tensiometro-digital-brazo-home-life-hm1326-guia-de-voz\/#breadcrumb"},"inLanguage":"en-US","potentialAction":[{"@type":"ReadAction","target":["https:\/\/nueva.tododiabetes.co\/product\/tensiometro-digital-brazo-home-life-hm1326-guia-de-voz\/"]}]},{"@type":"ImageObject","inLanguage":"en-US","@id":"https:\/\/nueva.tododiabetes.co\/product\/tensiometro-digital-brazo-home-life-hm1326-guia-de-voz\/#primaryimage","url":"https:\/\/nueva.tododiabetes.co\/wp-content\/uploads\/2026\/02\/TENSIOMETRO-HM-1326.jpeg","contentUrl":"https:\/\/nueva.tododiabetes.co\/wp-content\/uploads\/2026\/02\/TENSIOMETRO-HM-1326.jpeg","width":600,"height":600},{"@type":"BreadcrumbList","@id":"https:\/\/nueva.tododiabetes.co\/product\/tensiometro-digital-brazo-home-life-hm1326-guia-de-voz\/#breadcrumb","itemListElement":[{"@type":"ListItem","position":1,"name":"Home","item":"https:\/\/nueva.tododiabetes.co\/"},{"@type":"ListItem","position":2,"name":"Tienda","item":"https:\/\/nueva.tododiabetes.co\/tienda\/"},{"@type":"ListItem","position":3,"name":"Tensi\u00f3metro Digital Brazo Home Life HM1326 Guia de Voz"}]},{"@type":"WebSite","@id":"https:\/\/nueva.tododiabetes.co\/#website","url":"https:\/\/nueva.tododiabetes.co\/","name":"Tododiabetes \u2764\ufe0f","description":"Tienda de productos para Diabetes e Hipertensi\u00f3n \u260e\ufe0f 6019195560","publisher":{"@id":"https:\/\/nueva.tododiabetes.co\/#organization"},"potentialAction":[{"@type":"SearchAction","target":{"@type":"EntryPoint","urlTemplate":"https:\/\/nueva.tododiabetes.co\/?s={search_term_string}"},"query-input":{"@type":"PropertyValueSpecification","valueRequired":true,"valueName":"search_term_string"}}],"inLanguage":"en-US"},{"@type":"Organization","@id":"https:\/\/nueva.tododiabetes.co\/#organization","name":"Tododiabetes \u2764\ufe0f","url":"https:\/\/nueva.tododiabetes.co\/","logo":{"@type":"ImageObject","inLanguage":"en-US","@id":"https:\/\/nueva.tododiabetes.co\/#\/schema\/logo\/image\/","url":"https:\/\/nueva.tododiabetes.co\/wp-content\/uploads\/2021\/02\/Logo-tododiabetes.webp","contentUrl":"https:\/\/nueva.tododiabetes.co\/wp-content\/uploads\/2021\/02\/Logo-tododiabetes.webp","width":1024,"height":137,"caption":"Tododiabetes \u2764\ufe0f"},"image":{"@id":"https:\/\/nueva.tododiabetes.co\/#\/schema\/logo\/image\/"}}]}},"_links":{"self":[{"href":"https:\/\/nueva.tododiabetes.co\/en\/wp-json\/wp\/v2\/product\/6038","targetHints":{"allow":["GET"]}}],"collection":[{"href":"https:\/\/nueva.tododiabetes.co\/en\/wp-json\/wp\/v2\/product"}],"about":[{"href":"https:\/\/nueva.tododiabetes.co\/en\/wp-json\/wp\/v2\/types\/product"}],"replies":[{"embeddable":true,"href":"https:\/\/nueva.tododiabetes.co\/en\/wp-json\/wp\/v2\/comments?post=6038"}],"version-history":[{"count":1,"href":"https:\/\/nueva.tododiabetes.co\/en\/wp-json\/wp\/v2\/product\/6038\/revisions"}],"predecessor-version":[{"id":6063,"href":"https:\/\/nueva.tododiabetes.co\/en\/wp-json\/wp\/v2\/product\/6038\/revisions\/6063"}],"wp:featuredmedia":[{"embeddable":true,"href":"https:\/\/nueva.tododiabetes.co\/en\/wp-json\/wp\/v2\/media\/6062"}],"wp:attachment":[{"href":"https:\/\/nueva.tododiabetes.co\/en\/wp-json\/wp\/v2\/media?parent=6038"}],"wp:term":[{"taxonomy":"product_brand","embeddable":true,"href":"https:\/\/nueva.tododiabetes.co\/en\/wp-json\/wp\/v2\/product_brand?post=6038"},{"taxonomy":"product_cat","embeddable":true,"href":"https:\/\/nueva.tododiabetes.co\/en\/wp-json\/wp\/v2\/product_cat?post=6038"},{"taxonomy":"product_tag","embeddable":true,"href":"https:\/\/nueva.tododiabetes.co\/en\/wp-json\/wp\/v2\/product_tag?post=6038"}],"curies":[{"name":"wp","href":"https:\/\/api.w.org\/{rel}","templated":true}]}}