{"id":5966,"date":"2026-02-27T14:56:28","date_gmt":"2026-02-27T14:56:28","guid":{"rendered":"https:\/\/nueva.tododiabetes.co\/?post_type=product&#038;p=5966"},"modified":"2026-02-27T22:43:00","modified_gmt":"2026-02-27T22:43:00","slug":"combo-glucometro-match-ii-50-tiras-50-lancetas","status":"publish","type":"product","link":"https:\/\/nueva.tododiabetes.co\/en\/product\/combo-glucometro-match-ii-50-tiras-50-lancetas\/","title":{"rendered":"Combo Glucometro Match II + 50 Tiras + 50 Lancetas"},"content":{"rendered":"<div class=\"col-sm-6 col-lg-6 col-xs-12\"><img fetchpriority=\"high\" decoding=\"async\" class=\"alignnone wp-image-6029 size-medium\" src=\"https:\/\/nueva.tododiabetes.co\/wp-content\/uploads\/2026\/02\/Glucometro-Match-II-Tododiabetes-300x300.png\" alt=\"\" width=\"300\" height=\"300\" srcset=\"https:\/\/nueva.tododiabetes.co\/wp-content\/uploads\/2026\/02\/Glucometro-Match-II-Tododiabetes-300x300.png 300w, https:\/\/nueva.tododiabetes.co\/wp-content\/uploads\/2026\/02\/Glucometro-Match-II-Tododiabetes-150x150.png 150w, https:\/\/nueva.tododiabetes.co\/wp-content\/uploads\/2026\/02\/Glucometro-Match-II-Tododiabetes-410x410.png 410w, https:\/\/nueva.tododiabetes.co\/wp-content\/uploads\/2026\/02\/Glucometro-Match-II-Tododiabetes-100x100.png 100w, https:\/\/nueva.tododiabetes.co\/wp-content\/uploads\/2026\/02\/Glucometro-Match-II-Tododiabetes.png 600w\" sizes=\"(max-width: 300px) 100vw, 300px\" \/><\/div>\n<div class=\"col-sm-6 col-lg-6 col-xs-12\">\n<p>&nbsp;<\/p>\n<\/div>\n<h3>Glucometro Match II<\/h3>\n<p>Medidor de glucosa en sangre sin necesidad de codificaci\u00f3n, de f\u00e1cil uso y con un c\u00f3modo estuche que lo permite transportar sin riesgo.<\/p>\n<p>Contiene:<\/p>\n<ul>\n<li>Glucometro Match II<\/li>\n<li>Estuche para glucometro<\/li>\n<li>50 Tiras reactivas<\/li>\n<li>50 Lancetas regulares esterilizadas<\/li>\n<li>Puncionador<\/li>\n<\/ul>\n<p>Caracter\u00edsticas:<\/p>\n<ul>\n<li>Sin medidor de codificaci\u00f3n<\/li>\n<li>OEM dado la bienvenida<\/li>\n<li>Monitor de glucosa exacto, r\u00e1pido y f\u00e1cil de usar<\/li>\n<li>Sin codificaci\u00f3n<\/li>\n<li>Prueba de sitios alternativos<\/li>\n<li>Amplio rango de medici\u00f3n de 20 a 600 mg \/ dL<\/li>\n<li>Tiempo de prueba r\u00e1pido en 6 segundos<\/li>\n<li>S\u00f3lo 0.7 \u03bcL de volumen de sangre<\/li>\n<li>Test250 memoria de prueba con fecha y hora<\/li>\n<li>Promedio de ,7, 14, 21 y 28 d\u00edas<\/li>\n<li>Indicador de riesgo<\/li>\n<li>2 a\u00f1os de garant\u00eda<\/li>\n<\/ul>\n<h5 class=\"txt_box\">Certificaciones aprobadas por CE0123, ISO13485, GMP<\/h5>","protected":false},"excerpt":{"rendered":"<p>Glucometro Match II<\/p>\n<p>Medidor de glucosa en sangre sin necesidad de codificaci\u00f3n, de f\u00e1cil uso y con un c\u00f3modo estuche que lo permite transportar sin riesgo.<\/p>\n<p>Contiene:<\/p>\n<ul>\n<li>Glucometro Match II<\/li>\n<li>Estuche para glucometro<\/li>\n<li>50 Tiras reactivas<\/li>\n<li>50 Lancetas regulares esterilizadas<\/li>\n<li>Puncionador<\/li>\n<\/ul>\n<p>Caracter\u00edsticas:<\/p>\n<ul>\n<li>Sin medidor de codificaci\u00f3n<\/li>\n<li>OEM dado la bienvenida<\/li>\n<li>Monitor de glucosa exacto, r\u00e1pido y f\u00e1cil de usar<\/li>\n<li>Sin codificaci\u00f3n<\/li>\n<li>Prueba de sitios alternativos<\/li>\n<li>Amplio rango de medici\u00f3n de 20 a 600 mg \/ dL<\/li>\n<li>Tiempo de prueba r\u00e1pido en 6 segundos<\/li>\n<li>S\u00f3lo 0.7 \u03bcL de volumen de sangre<\/li>\n<li>Test250 memoria de prueba con fecha y hora<\/li>\n<li>Promedio de ,7, 14, 21 y 28 d\u00edas<\/li>\n<li>Indicador de riesgo<\/li>\n<li>2 a\u00f1os de garant\u00eda<\/li>\n<\/ul>\n<h5 class=\"txt_box\">Certificaciones aprobadas por CE0123, ISO13485, GMP<\/h5>","protected":false},"featured_media":6027,"comment_status":"open","ping_status":"closed","template":"","meta":[],"product_brand":[151],"product_cat":[72,248],"product_tag":[],"class_list":{"0":"post-5966","1":"product","2":"type-product","3":"status-publish","4":"has-post-thumbnail","6":"product_brand-match-ii","7":"product_cat-glucometros-y-tiras","8":"product_cat-ok-meter-match-ii","10":"first","11":"instock","12":"featured","13":"shipping-taxable","14":"purchasable","15":"product-type-simple"},"yoast_head":"<!-- This site is optimized with the Yoast SEO plugin v27.2 - https:\/\/yoast.com\/product\/yoast-seo-wordpress\/ -->\n<title>Combo Glucometro Match II + 50 Tiras + 50 Lancetas - Tododiabetes \u2764\ufe0f<\/title>\n<meta name=\"description\" content=\"Glucometro Match IIMedidor de glucosa en sangre sin necesidad de codificaci\u00f3n, de f\u00e1cil uso y con un c\u00f3modo estuche que lo permite transportar sin riesgo.\" \/>\n<meta name=\"robots\" content=\"noindex, follow, max-snippet:-1, max-image-preview:large, max-video-preview:-1\" \/>\n<meta property=\"og:locale\" content=\"en_US\" \/>\n<meta property=\"og:type\" content=\"article\" \/>\n<meta property=\"og:title\" content=\"Combo Glucometro Match II + 50 Tiras + 50 Lancetas - Tododiabetes \u2764\ufe0f\" \/>\n<meta property=\"og:description\" content=\"Glucometro Match IIMedidor de glucosa en sangre sin necesidad de codificaci\u00f3n, de f\u00e1cil uso y con un c\u00f3modo estuche que lo permite transportar sin riesgo.\" \/>\n<meta property=\"og:url\" content=\"https:\/\/nueva.tododiabetes.co\/en\/product\/combo-glucometro-match-ii-50-tiras-50-lancetas\/\" \/>\n<meta property=\"og:site_name\" content=\"Tododiabetes \u2764\ufe0f\" \/>\n<meta property=\"article:modified_time\" content=\"2026-02-27T22:43:00+00:00\" \/>\n<meta property=\"og:image\" content=\"https:\/\/nueva.tododiabetes.co\/wp-content\/uploads\/2026\/02\/Combo-Glucometro-Match-II.jpg\" \/>\n\t<meta property=\"og:image:width\" content=\"600\" \/>\n\t<meta property=\"og:image:height\" content=\"600\" \/>\n\t<meta property=\"og:image:type\" content=\"image\/jpeg\" \/>\n<meta name=\"twitter:card\" content=\"summary_large_image\" \/>\n<meta name=\"twitter:label1\" content=\"Est. reading time\" \/>\n\t<meta name=\"twitter:data1\" content=\"1 minute\" \/>\n<script type=\"application\/ld+json\" class=\"yoast-schema-graph\">{\"@context\":\"https:\/\/schema.org\",\"@graph\":[{\"@type\":\"WebPage\",\"@id\":\"https:\/\/nueva.tododiabetes.co\/product\/combo-glucometro-match-ii-50-tiras-50-lancetas\/\",\"url\":\"https:\/\/nueva.tododiabetes.co\/product\/combo-glucometro-match-ii-50-tiras-50-lancetas\/\",\"name\":\"Combo Glucometro Match II + 50 Tiras + 50 Lancetas - Tododiabetes \u2764\ufe0f\",\"isPartOf\":{\"@id\":\"https:\/\/nueva.tododiabetes.co\/#website\"},\"primaryImageOfPage\":{\"@id\":\"https:\/\/nueva.tododiabetes.co\/product\/combo-glucometro-match-ii-50-tiras-50-lancetas\/#primaryimage\"},\"image\":{\"@id\":\"https:\/\/nueva.tododiabetes.co\/product\/combo-glucometro-match-ii-50-tiras-50-lancetas\/#primaryimage\"},\"thumbnailUrl\":\"https:\/\/nueva.tododiabetes.co\/wp-content\/uploads\/2026\/02\/Combo-Glucometro-Match-II.jpg\",\"datePublished\":\"2026-02-27T14:56:28+00:00\",\"dateModified\":\"2026-02-27T22:43:00+00:00\",\"description\":\"Glucometro Match IIMedidor de glucosa en sangre sin necesidad de codificaci\u00f3n, de f\u00e1cil uso y con un c\u00f3modo estuche que lo permite transportar sin riesgo.\",\"breadcrumb\":{\"@id\":\"https:\/\/nueva.tododiabetes.co\/product\/combo-glucometro-match-ii-50-tiras-50-lancetas\/#breadcrumb\"},\"inLanguage\":\"en-US\",\"potentialAction\":[{\"@type\":\"ReadAction\",\"target\":[\"https:\/\/nueva.tododiabetes.co\/product\/combo-glucometro-match-ii-50-tiras-50-lancetas\/\"]}]},{\"@type\":\"ImageObject\",\"inLanguage\":\"en-US\",\"@id\":\"https:\/\/nueva.tododiabetes.co\/product\/combo-glucometro-match-ii-50-tiras-50-lancetas\/#primaryimage\",\"url\":\"https:\/\/nueva.tododiabetes.co\/wp-content\/uploads\/2026\/02\/Combo-Glucometro-Match-II.jpg\",\"contentUrl\":\"https:\/\/nueva.tododiabetes.co\/wp-content\/uploads\/2026\/02\/Combo-Glucometro-Match-II.jpg\",\"width\":600,\"height\":600},{\"@type\":\"BreadcrumbList\",\"@id\":\"https:\/\/nueva.tododiabetes.co\/product\/combo-glucometro-match-ii-50-tiras-50-lancetas\/#breadcrumb\",\"itemListElement\":[{\"@type\":\"ListItem\",\"position\":1,\"name\":\"Home\",\"item\":\"https:\/\/nueva.tododiabetes.co\/\"},{\"@type\":\"ListItem\",\"position\":2,\"name\":\"Tienda\",\"item\":\"https:\/\/nueva.tododiabetes.co\/tienda\/\"},{\"@type\":\"ListItem\",\"position\":3,\"name\":\"Combo Glucometro Match II + 50 Tiras + 50 Lancetas\"}]},{\"@type\":\"WebSite\",\"@id\":\"https:\/\/nueva.tododiabetes.co\/#website\",\"url\":\"https:\/\/nueva.tododiabetes.co\/\",\"name\":\"Tododiabetes \u2764\ufe0f\",\"description\":\"Tienda de productos para Diabetes e Hipertensi\u00f3n \u260e\ufe0f 6019195560\",\"publisher\":{\"@id\":\"https:\/\/nueva.tododiabetes.co\/#organization\"},\"potentialAction\":[{\"@type\":\"SearchAction\",\"target\":{\"@type\":\"EntryPoint\",\"urlTemplate\":\"https:\/\/nueva.tododiabetes.co\/?s={search_term_string}\"},\"query-input\":{\"@type\":\"PropertyValueSpecification\",\"valueRequired\":true,\"valueName\":\"search_term_string\"}}],\"inLanguage\":\"en-US\"},{\"@type\":\"Organization\",\"@id\":\"https:\/\/nueva.tododiabetes.co\/#organization\",\"name\":\"Tododiabetes \u2764\ufe0f\",\"url\":\"https:\/\/nueva.tododiabetes.co\/\",\"logo\":{\"@type\":\"ImageObject\",\"inLanguage\":\"en-US\",\"@id\":\"https:\/\/nueva.tododiabetes.co\/#\/schema\/logo\/image\/\",\"url\":\"https:\/\/nueva.tododiabetes.co\/wp-content\/uploads\/2021\/02\/Logo-tododiabetes.webp\",\"contentUrl\":\"https:\/\/nueva.tododiabetes.co\/wp-content\/uploads\/2021\/02\/Logo-tododiabetes.webp\",\"width\":1024,\"height\":137,\"caption\":\"Tododiabetes \u2764\ufe0f\"},\"image\":{\"@id\":\"https:\/\/nueva.tododiabetes.co\/#\/schema\/logo\/image\/\"}}]}<\/script>\n<!-- \/ Yoast SEO plugin. -->","yoast_head_json":{"title":"Combo Glucometro Match II + 50 Tiras + 50 Lancetas - Tododiabetes \u2764\ufe0f","description":"Glucometro Match IIMedidor de glucosa en sangre sin necesidad de codificaci\u00f3n, de f\u00e1cil uso y con un c\u00f3modo estuche que lo permite transportar sin riesgo.","robots":{"index":"noindex","follow":"follow","max-snippet":"max-snippet:-1","max-image-preview":"max-image-preview:large","max-video-preview":"max-video-preview:-1"},"og_locale":"en_US","og_type":"article","og_title":"Combo Glucometro Match II + 50 Tiras + 50 Lancetas - Tododiabetes \u2764\ufe0f","og_description":"Glucometro Match IIMedidor de glucosa en sangre sin necesidad de codificaci\u00f3n, de f\u00e1cil uso y con un c\u00f3modo estuche que lo permite transportar sin riesgo.","og_url":"https:\/\/nueva.tododiabetes.co\/en\/product\/combo-glucometro-match-ii-50-tiras-50-lancetas\/","og_site_name":"Tododiabetes \u2764\ufe0f","article_modified_time":"2026-02-27T22:43:00+00:00","og_image":[{"width":600,"height":600,"url":"https:\/\/nueva.tododiabetes.co\/wp-content\/uploads\/2026\/02\/Combo-Glucometro-Match-II.jpg","type":"image\/jpeg"}],"twitter_card":"summary_large_image","twitter_misc":{"Est. reading time":"1 minute"},"schema":{"@context":"https:\/\/schema.org","@graph":[{"@type":"WebPage","@id":"https:\/\/nueva.tododiabetes.co\/product\/combo-glucometro-match-ii-50-tiras-50-lancetas\/","url":"https:\/\/nueva.tododiabetes.co\/product\/combo-glucometro-match-ii-50-tiras-50-lancetas\/","name":"Combo Glucometro Match II + 50 Tiras + 50 Lancetas - Tododiabetes \u2764\ufe0f","isPartOf":{"@id":"https:\/\/nueva.tododiabetes.co\/#website"},"primaryImageOfPage":{"@id":"https:\/\/nueva.tododiabetes.co\/product\/combo-glucometro-match-ii-50-tiras-50-lancetas\/#primaryimage"},"image":{"@id":"https:\/\/nueva.tododiabetes.co\/product\/combo-glucometro-match-ii-50-tiras-50-lancetas\/#primaryimage"},"thumbnailUrl":"https:\/\/nueva.tododiabetes.co\/wp-content\/uploads\/2026\/02\/Combo-Glucometro-Match-II.jpg","datePublished":"2026-02-27T14:56:28+00:00","dateModified":"2026-02-27T22:43:00+00:00","description":"Glucometro Match IIMedidor de glucosa en sangre sin necesidad de codificaci\u00f3n, de f\u00e1cil uso y con un c\u00f3modo estuche que lo permite transportar sin riesgo.","breadcrumb":{"@id":"https:\/\/nueva.tododiabetes.co\/product\/combo-glucometro-match-ii-50-tiras-50-lancetas\/#breadcrumb"},"inLanguage":"en-US","potentialAction":[{"@type":"ReadAction","target":["https:\/\/nueva.tododiabetes.co\/product\/combo-glucometro-match-ii-50-tiras-50-lancetas\/"]}]},{"@type":"ImageObject","inLanguage":"en-US","@id":"https:\/\/nueva.tododiabetes.co\/product\/combo-glucometro-match-ii-50-tiras-50-lancetas\/#primaryimage","url":"https:\/\/nueva.tododiabetes.co\/wp-content\/uploads\/2026\/02\/Combo-Glucometro-Match-II.jpg","contentUrl":"https:\/\/nueva.tododiabetes.co\/wp-content\/uploads\/2026\/02\/Combo-Glucometro-Match-II.jpg","width":600,"height":600},{"@type":"BreadcrumbList","@id":"https:\/\/nueva.tododiabetes.co\/product\/combo-glucometro-match-ii-50-tiras-50-lancetas\/#breadcrumb","itemListElement":[{"@type":"ListItem","position":1,"name":"Home","item":"https:\/\/nueva.tododiabetes.co\/"},{"@type":"ListItem","position":2,"name":"Tienda","item":"https:\/\/nueva.tododiabetes.co\/tienda\/"},{"@type":"ListItem","position":3,"name":"Combo Glucometro Match II + 50 Tiras + 50 Lancetas"}]},{"@type":"WebSite","@id":"https:\/\/nueva.tododiabetes.co\/#website","url":"https:\/\/nueva.tododiabetes.co\/","name":"Tododiabetes \u2764\ufe0f","description":"Tienda de productos para Diabetes e Hipertensi\u00f3n \u260e\ufe0f 6019195560","publisher":{"@id":"https:\/\/nueva.tododiabetes.co\/#organization"},"potentialAction":[{"@type":"SearchAction","target":{"@type":"EntryPoint","urlTemplate":"https:\/\/nueva.tododiabetes.co\/?s={search_term_string}"},"query-input":{"@type":"PropertyValueSpecification","valueRequired":true,"valueName":"search_term_string"}}],"inLanguage":"en-US"},{"@type":"Organization","@id":"https:\/\/nueva.tododiabetes.co\/#organization","name":"Tododiabetes \u2764\ufe0f","url":"https:\/\/nueva.tododiabetes.co\/","logo":{"@type":"ImageObject","inLanguage":"en-US","@id":"https:\/\/nueva.tododiabetes.co\/#\/schema\/logo\/image\/","url":"https:\/\/nueva.tododiabetes.co\/wp-content\/uploads\/2021\/02\/Logo-tododiabetes.webp","contentUrl":"https:\/\/nueva.tododiabetes.co\/wp-content\/uploads\/2021\/02\/Logo-tododiabetes.webp","width":1024,"height":137,"caption":"Tododiabetes \u2764\ufe0f"},"image":{"@id":"https:\/\/nueva.tododiabetes.co\/#\/schema\/logo\/image\/"}}]}},"_links":{"self":[{"href":"https:\/\/nueva.tododiabetes.co\/en\/wp-json\/wp\/v2\/product\/5966","targetHints":{"allow":["GET"]}}],"collection":[{"href":"https:\/\/nueva.tododiabetes.co\/en\/wp-json\/wp\/v2\/product"}],"about":[{"href":"https:\/\/nueva.tododiabetes.co\/en\/wp-json\/wp\/v2\/types\/product"}],"replies":[{"embeddable":true,"href":"https:\/\/nueva.tododiabetes.co\/en\/wp-json\/wp\/v2\/comments?post=5966"}],"version-history":[{"count":6,"href":"https:\/\/nueva.tododiabetes.co\/en\/wp-json\/wp\/v2\/product\/5966\/revisions"}],"predecessor-version":[{"id":6267,"href":"https:\/\/nueva.tododiabetes.co\/en\/wp-json\/wp\/v2\/product\/5966\/revisions\/6267"}],"wp:featuredmedia":[{"embeddable":true,"href":"https:\/\/nueva.tododiabetes.co\/en\/wp-json\/wp\/v2\/media\/6027"}],"wp:attachment":[{"href":"https:\/\/nueva.tododiabetes.co\/en\/wp-json\/wp\/v2\/media?parent=5966"}],"wp:term":[{"taxonomy":"product_brand","embeddable":true,"href":"https:\/\/nueva.tododiabetes.co\/en\/wp-json\/wp\/v2\/product_brand?post=5966"},{"taxonomy":"product_cat","embeddable":true,"href":"https:\/\/nueva.tododiabetes.co\/en\/wp-json\/wp\/v2\/product_cat?post=5966"},{"taxonomy":"product_tag","embeddable":true,"href":"https:\/\/nueva.tododiabetes.co\/en\/wp-json\/wp\/v2\/product_tag?post=5966"}],"curies":[{"name":"wp","href":"https:\/\/api.w.org\/{rel}","templated":true}]}}