{"id":5965,"date":"2026-02-27T14:56:28","date_gmt":"2026-02-27T14:56:28","guid":{"rendered":"https:\/\/nueva.tododiabetes.co\/?post_type=product&#038;p=5965"},"modified":"2026-02-27T14:57:07","modified_gmt":"2026-02-27T14:57:07","slug":"careta-protectora-antiempanante","status":"publish","type":"product","link":"https:\/\/nueva.tododiabetes.co\/en\/product\/careta-protectora-antiempanante\/","title":{"rendered":"Careta Protectora Antiempa\u00f1ante"},"content":{"rendered":"<p data-sourcepos=\"5:1-5:56\"><strong>\u00abCareta Facial Protectora: Tu Escudo Contra Riesgos\u00bb<\/strong><\/p>\n<p data-sourcepos=\"7:1-7:295\">Protege tu salud y la de los dem\u00e1s con nuestra careta facial protectora. Fabricada con materiales de alta calidad, ofrece una barrera efectiva contra salpicaduras, part\u00edculas y aerosoles. Ideal para profesionales de la salud, trabajadores de la industria y uso personal en \u00e1reas de alto tr\u00e1fico.<\/p>\n<p data-sourcepos=\"9:1-9:20\"><strong>Caracter\u00edsticas:<\/strong><\/p>\n<ul data-sourcepos=\"11:1-11:20\">\n<li data-sourcepos=\"11:1-11:20\">Visor transparente de alta visibilidad.<\/li>\n<li data-sourcepos=\"12:1-12:25\">Dise\u00f1o ligero y c\u00f3modo.<\/li>\n<li data-sourcepos=\"13:1-13:43\">Ajustable a diferentes tama\u00f1os de cabeza.<\/li>\n<li data-sourcepos=\"14:1-15:0\">F\u00e1cil de limpiar y desinfectar.<\/li>\n<\/ul>\n<p data-sourcepos=\"16:1-16:15\"><strong>Beneficios:<\/strong><\/p>\n<ul data-sourcepos=\"18:1-22:0\">\n<li data-sourcepos=\"18:1-18:38\">Protecci\u00f3n ocular y facial completa.<\/li>\n<li data-sourcepos=\"19:1-19:31\">Reduce el riesgo de contagio.<\/li>\n<li data-sourcepos=\"20:1-20:33\">Permite una comunicaci\u00f3n clara.<\/li>\n<li data-sourcepos=\"21:1-22:0\">Duradera y reutilizable.<\/li>\n<\/ul>\n<p data-sourcepos=\"23:1-23:53\"><strong>\u00a1Compra ahora y protege lo m\u00e1s valioso: tu salud!<\/strong><\/p>","protected":false},"excerpt":{"rendered":"<p>&nbsp;<\/p>\n<p>Careta protectora antiempa\u00f1ante, antifluido.<\/p>\n<p>Ligera y facil de usar, con un soporte suavizado en el \u00e1rea de la frente para mayor comodidad es una buena opci\u00f3n para evitar los fluidos y las part\u00edculas en el aire, a dem\u00e1s de ser de un material muy liviano, permite una visibilidad absoluta sin empa\u00f1arse.<\/p>\n<p data-sourcepos=\"7:1-7:295\">Ideal para profesionales de la salud, trabajadores de la industria y uso personal en \u00e1reas de alto tr\u00e1fico.<\/p>\n<p data-sourcepos=\"9:1-9:20\"><strong>Caracter\u00edsticas:<\/strong><\/p>\n<ul data-sourcepos=\"11:1-11:20\">\n<li data-sourcepos=\"11:1-11:20\">Visor transparente de alta visibilidad.<\/li>\n<li data-sourcepos=\"12:1-12:25\">Dise\u00f1o ligero y c\u00f3modo.<\/li>\n<li data-sourcepos=\"13:1-13:43\">Ajustable a diferentes tama\u00f1os de cabeza.<\/li>\n<li data-sourcepos=\"14:1-15:0\">F\u00e1cil de limpiar y desinfectar.<\/li>\n<\/ul>\n<p data-sourcepos=\"16:1-16:15\">","protected":false},"featured_media":6025,"comment_status":"closed","ping_status":"closed","template":"","meta":[],"product_brand":[140],"product_cat":[80],"product_tag":[],"class_list":{"0":"post-5965","1":"product","2":"type-product","3":"status-publish","4":"has-post-thumbnail","6":"product_brand-otros","7":"product_cat-ofertas","9":"first","10":"instock","11":"taxable","12":"shipping-taxable","13":"purchasable","14":"product-type-simple"},"yoast_head":"<!-- This site is optimized with the Yoast SEO plugin v27.2 - https:\/\/yoast.com\/product\/yoast-seo-wordpress\/ -->\n<title>Careta Protectora Antiempa\u00f1ante - Tododiabetes \u2764\ufe0f<\/title>\n<meta name=\"description\" content=\"Careta facial protectora, una barrera efectiva contra salpicaduras y part\u00edculas. Ideal para profesionales de la salud, trabajadores de la industria.\" \/>\n<meta name=\"robots\" content=\"noindex, follow, max-snippet:-1, max-image-preview:large, max-video-preview:-1\" \/>\n<meta property=\"og:locale\" content=\"en_US\" \/>\n<meta property=\"og:type\" content=\"article\" \/>\n<meta property=\"og:title\" content=\"Careta Protectora Antiempa\u00f1ante - Tododiabetes \u2764\ufe0f\" \/>\n<meta property=\"og:description\" content=\"Careta facial protectora, una barrera efectiva contra salpicaduras y part\u00edculas. Ideal para profesionales de la salud, trabajadores de la industria.\" \/>\n<meta property=\"og:url\" content=\"https:\/\/nueva.tododiabetes.co\/en\/product\/careta-protectora-antiempanante\/\" \/>\n<meta property=\"og:site_name\" content=\"Tododiabetes \u2764\ufe0f\" \/>\n<meta property=\"article:modified_time\" content=\"2026-02-27T14:57:07+00:00\" \/>\n<meta property=\"og:image\" content=\"https:\/\/nueva.tododiabetes.co\/wp-content\/uploads\/2026\/02\/CARETA-PROTECTORA.jpg\" \/>\n\t<meta property=\"og:image:width\" content=\"1000\" \/>\n\t<meta property=\"og:image:height\" content=\"1000\" \/>\n\t<meta property=\"og:image:type\" content=\"image\/jpeg\" \/>\n<meta name=\"twitter:card\" content=\"summary_large_image\" \/>\n<meta name=\"twitter:label1\" content=\"Est. reading time\" \/>\n\t<meta name=\"twitter:data1\" content=\"1 minute\" \/>\n<script type=\"application\/ld+json\" class=\"yoast-schema-graph\">{\"@context\":\"https:\/\/schema.org\",\"@graph\":[{\"@type\":\"WebPage\",\"@id\":\"https:\/\/nueva.tododiabetes.co\/product\/careta-protectora-antiempanante\/\",\"url\":\"https:\/\/nueva.tododiabetes.co\/product\/careta-protectora-antiempanante\/\",\"name\":\"Careta Protectora Antiempa\u00f1ante - Tododiabetes \u2764\ufe0f\",\"isPartOf\":{\"@id\":\"https:\/\/nueva.tododiabetes.co\/#website\"},\"primaryImageOfPage\":{\"@id\":\"https:\/\/nueva.tododiabetes.co\/product\/careta-protectora-antiempanante\/#primaryimage\"},\"image\":{\"@id\":\"https:\/\/nueva.tododiabetes.co\/product\/careta-protectora-antiempanante\/#primaryimage\"},\"thumbnailUrl\":\"https:\/\/nueva.tododiabetes.co\/wp-content\/uploads\/2026\/02\/CARETA-PROTECTORA.jpg\",\"datePublished\":\"2026-02-27T14:56:28+00:00\",\"dateModified\":\"2026-02-27T14:57:07+00:00\",\"description\":\"Careta facial protectora, una barrera efectiva contra salpicaduras y part\u00edculas. Ideal para profesionales de la salud, trabajadores de la industria.\",\"breadcrumb\":{\"@id\":\"https:\/\/nueva.tododiabetes.co\/product\/careta-protectora-antiempanante\/#breadcrumb\"},\"inLanguage\":\"en-US\",\"potentialAction\":[{\"@type\":\"ReadAction\",\"target\":[\"https:\/\/nueva.tododiabetes.co\/product\/careta-protectora-antiempanante\/\"]}]},{\"@type\":\"ImageObject\",\"inLanguage\":\"en-US\",\"@id\":\"https:\/\/nueva.tododiabetes.co\/product\/careta-protectora-antiempanante\/#primaryimage\",\"url\":\"https:\/\/nueva.tododiabetes.co\/wp-content\/uploads\/2026\/02\/CARETA-PROTECTORA.jpg\",\"contentUrl\":\"https:\/\/nueva.tododiabetes.co\/wp-content\/uploads\/2026\/02\/CARETA-PROTECTORA.jpg\",\"width\":1000,\"height\":1000},{\"@type\":\"BreadcrumbList\",\"@id\":\"https:\/\/nueva.tododiabetes.co\/product\/careta-protectora-antiempanante\/#breadcrumb\",\"itemListElement\":[{\"@type\":\"ListItem\",\"position\":1,\"name\":\"Home\",\"item\":\"https:\/\/nueva.tododiabetes.co\/\"},{\"@type\":\"ListItem\",\"position\":2,\"name\":\"Tienda\",\"item\":\"https:\/\/nueva.tododiabetes.co\/tienda\/\"},{\"@type\":\"ListItem\",\"position\":3,\"name\":\"Careta Protectora Antiempa\u00f1ante\"}]},{\"@type\":\"WebSite\",\"@id\":\"https:\/\/nueva.tododiabetes.co\/#website\",\"url\":\"https:\/\/nueva.tododiabetes.co\/\",\"name\":\"Tododiabetes \u2764\ufe0f\",\"description\":\"Tienda de productos para Diabetes e Hipertensi\u00f3n \u260e\ufe0f 6019195560\",\"publisher\":{\"@id\":\"https:\/\/nueva.tododiabetes.co\/#organization\"},\"potentialAction\":[{\"@type\":\"SearchAction\",\"target\":{\"@type\":\"EntryPoint\",\"urlTemplate\":\"https:\/\/nueva.tododiabetes.co\/?s={search_term_string}\"},\"query-input\":{\"@type\":\"PropertyValueSpecification\",\"valueRequired\":true,\"valueName\":\"search_term_string\"}}],\"inLanguage\":\"en-US\"},{\"@type\":\"Organization\",\"@id\":\"https:\/\/nueva.tododiabetes.co\/#organization\",\"name\":\"Tododiabetes \u2764\ufe0f\",\"url\":\"https:\/\/nueva.tododiabetes.co\/\",\"logo\":{\"@type\":\"ImageObject\",\"inLanguage\":\"en-US\",\"@id\":\"https:\/\/nueva.tododiabetes.co\/#\/schema\/logo\/image\/\",\"url\":\"https:\/\/nueva.tododiabetes.co\/wp-content\/uploads\/2021\/02\/Logo-tododiabetes.webp\",\"contentUrl\":\"https:\/\/nueva.tododiabetes.co\/wp-content\/uploads\/2021\/02\/Logo-tododiabetes.webp\",\"width\":1024,\"height\":137,\"caption\":\"Tododiabetes \u2764\ufe0f\"},\"image\":{\"@id\":\"https:\/\/nueva.tododiabetes.co\/#\/schema\/logo\/image\/\"}}]}<\/script>\n<!-- \/ Yoast SEO plugin. -->","yoast_head_json":{"title":"Careta Protectora Antiempa\u00f1ante - Tododiabetes \u2764\ufe0f","description":"Careta facial protectora, una barrera efectiva contra salpicaduras y part\u00edculas. Ideal para profesionales de la salud, trabajadores de la industria.","robots":{"index":"noindex","follow":"follow","max-snippet":"max-snippet:-1","max-image-preview":"max-image-preview:large","max-video-preview":"max-video-preview:-1"},"og_locale":"en_US","og_type":"article","og_title":"Careta Protectora Antiempa\u00f1ante - Tododiabetes \u2764\ufe0f","og_description":"Careta facial protectora, una barrera efectiva contra salpicaduras y part\u00edculas. Ideal para profesionales de la salud, trabajadores de la industria.","og_url":"https:\/\/nueva.tododiabetes.co\/en\/product\/careta-protectora-antiempanante\/","og_site_name":"Tododiabetes \u2764\ufe0f","article_modified_time":"2026-02-27T14:57:07+00:00","og_image":[{"width":1000,"height":1000,"url":"https:\/\/nueva.tododiabetes.co\/wp-content\/uploads\/2026\/02\/CARETA-PROTECTORA.jpg","type":"image\/jpeg"}],"twitter_card":"summary_large_image","twitter_misc":{"Est. reading time":"1 minute"},"schema":{"@context":"https:\/\/schema.org","@graph":[{"@type":"WebPage","@id":"https:\/\/nueva.tododiabetes.co\/product\/careta-protectora-antiempanante\/","url":"https:\/\/nueva.tododiabetes.co\/product\/careta-protectora-antiempanante\/","name":"Careta Protectora Antiempa\u00f1ante - Tododiabetes \u2764\ufe0f","isPartOf":{"@id":"https:\/\/nueva.tododiabetes.co\/#website"},"primaryImageOfPage":{"@id":"https:\/\/nueva.tododiabetes.co\/product\/careta-protectora-antiempanante\/#primaryimage"},"image":{"@id":"https:\/\/nueva.tododiabetes.co\/product\/careta-protectora-antiempanante\/#primaryimage"},"thumbnailUrl":"https:\/\/nueva.tododiabetes.co\/wp-content\/uploads\/2026\/02\/CARETA-PROTECTORA.jpg","datePublished":"2026-02-27T14:56:28+00:00","dateModified":"2026-02-27T14:57:07+00:00","description":"Careta facial protectora, una barrera efectiva contra salpicaduras y part\u00edculas. Ideal para profesionales de la salud, trabajadores de la industria.","breadcrumb":{"@id":"https:\/\/nueva.tododiabetes.co\/product\/careta-protectora-antiempanante\/#breadcrumb"},"inLanguage":"en-US","potentialAction":[{"@type":"ReadAction","target":["https:\/\/nueva.tododiabetes.co\/product\/careta-protectora-antiempanante\/"]}]},{"@type":"ImageObject","inLanguage":"en-US","@id":"https:\/\/nueva.tododiabetes.co\/product\/careta-protectora-antiempanante\/#primaryimage","url":"https:\/\/nueva.tododiabetes.co\/wp-content\/uploads\/2026\/02\/CARETA-PROTECTORA.jpg","contentUrl":"https:\/\/nueva.tododiabetes.co\/wp-content\/uploads\/2026\/02\/CARETA-PROTECTORA.jpg","width":1000,"height":1000},{"@type":"BreadcrumbList","@id":"https:\/\/nueva.tododiabetes.co\/product\/careta-protectora-antiempanante\/#breadcrumb","itemListElement":[{"@type":"ListItem","position":1,"name":"Home","item":"https:\/\/nueva.tododiabetes.co\/"},{"@type":"ListItem","position":2,"name":"Tienda","item":"https:\/\/nueva.tododiabetes.co\/tienda\/"},{"@type":"ListItem","position":3,"name":"Careta Protectora Antiempa\u00f1ante"}]},{"@type":"WebSite","@id":"https:\/\/nueva.tododiabetes.co\/#website","url":"https:\/\/nueva.tododiabetes.co\/","name":"Tododiabetes \u2764\ufe0f","description":"Tienda de productos para Diabetes e Hipertensi\u00f3n \u260e\ufe0f 6019195560","publisher":{"@id":"https:\/\/nueva.tododiabetes.co\/#organization"},"potentialAction":[{"@type":"SearchAction","target":{"@type":"EntryPoint","urlTemplate":"https:\/\/nueva.tododiabetes.co\/?s={search_term_string}"},"query-input":{"@type":"PropertyValueSpecification","valueRequired":true,"valueName":"search_term_string"}}],"inLanguage":"en-US"},{"@type":"Organization","@id":"https:\/\/nueva.tododiabetes.co\/#organization","name":"Tododiabetes \u2764\ufe0f","url":"https:\/\/nueva.tododiabetes.co\/","logo":{"@type":"ImageObject","inLanguage":"en-US","@id":"https:\/\/nueva.tododiabetes.co\/#\/schema\/logo\/image\/","url":"https:\/\/nueva.tododiabetes.co\/wp-content\/uploads\/2021\/02\/Logo-tododiabetes.webp","contentUrl":"https:\/\/nueva.tododiabetes.co\/wp-content\/uploads\/2021\/02\/Logo-tododiabetes.webp","width":1024,"height":137,"caption":"Tododiabetes \u2764\ufe0f"},"image":{"@id":"https:\/\/nueva.tododiabetes.co\/#\/schema\/logo\/image\/"}}]}},"_links":{"self":[{"href":"https:\/\/nueva.tododiabetes.co\/en\/wp-json\/wp\/v2\/product\/5965","targetHints":{"allow":["GET"]}}],"collection":[{"href":"https:\/\/nueva.tododiabetes.co\/en\/wp-json\/wp\/v2\/product"}],"about":[{"href":"https:\/\/nueva.tododiabetes.co\/en\/wp-json\/wp\/v2\/types\/product"}],"replies":[{"embeddable":true,"href":"https:\/\/nueva.tododiabetes.co\/en\/wp-json\/wp\/v2\/comments?post=5965"}],"version-history":[{"count":1,"href":"https:\/\/nueva.tododiabetes.co\/en\/wp-json\/wp\/v2\/product\/5965\/revisions"}],"predecessor-version":[{"id":6026,"href":"https:\/\/nueva.tododiabetes.co\/en\/wp-json\/wp\/v2\/product\/5965\/revisions\/6026"}],"wp:featuredmedia":[{"embeddable":true,"href":"https:\/\/nueva.tododiabetes.co\/en\/wp-json\/wp\/v2\/media\/6025"}],"wp:attachment":[{"href":"https:\/\/nueva.tododiabetes.co\/en\/wp-json\/wp\/v2\/media?parent=5965"}],"wp:term":[{"taxonomy":"product_brand","embeddable":true,"href":"https:\/\/nueva.tododiabetes.co\/en\/wp-json\/wp\/v2\/product_brand?post=5965"},{"taxonomy":"product_cat","embeddable":true,"href":"https:\/\/nueva.tododiabetes.co\/en\/wp-json\/wp\/v2\/product_cat?post=5965"},{"taxonomy":"product_tag","embeddable":true,"href":"https:\/\/nueva.tododiabetes.co\/en\/wp-json\/wp\/v2\/product_tag?post=5965"}],"curies":[{"name":"wp","href":"https:\/\/api.w.org\/{rel}","templated":true}]}}