{"id":5852,"date":"2026-02-27T14:55:08","date_gmt":"2026-02-27T14:55:08","guid":{"rendered":"https:\/\/nueva.tododiabetes.co\/?post_type=product&#038;p=5852"},"modified":"2026-02-27T14:57:00","modified_gmt":"2026-02-27T14:57:00","slug":"oximetro-basico-simply-ii","status":"publish","type":"product","link":"https:\/\/nueva.tododiabetes.co\/en\/product\/oximetro-basico-simply-ii\/","title":{"rendered":"Ox\u00edmetro B\u00e1sico Simply II"},"content":{"rendered":"<ul>\n<li>Medidor de frecuencia de pulso.<\/li>\n<li>Uso adulto y pedi\u00e1trico.<\/li>\n<li>Ligero de peso y f\u00e1cil de llevar.<\/li>\n<li>Pantalla LED.<\/li>\n<li>Funciona con bater\u00edas.<\/li>\n<li>Apagado autom\u00e1tico.<\/li>\n<li>Resistente, preciso y de alta calidad.<\/li>\n<li>Incluye cuerda port\u00e1til.<\/li>\n<li>Uso m\u00e9dico.<\/li>\n<li>Uso para el cuidado de salud en casa.<\/li>\n<\/ul>\n<p>&nbsp;<\/p>","protected":false},"excerpt":{"rendered":"<p>Es un instrumento m\u00e9dico medidor de la saturaci\u00f3n de ox\u00edgeno de hemoglobina arterial (SpO2) y medidor de la frecuencia card\u00edaca por minuto (PR BPM). Se utiliza como equipo de diagn\u00f3stico primario y monitoreo en pacientes adultos y pedi\u00e1tricos (desde los 12 meses en adelante) con afecciones respiratorias. Equipo con registro INVIMA vigente 2019EBC-0020464<\/p>","protected":false},"featured_media":6005,"comment_status":"open","ping_status":"closed","template":"","meta":[],"product_brand":[101],"product_cat":[93],"product_tag":[],"class_list":{"0":"post-5852","1":"product","2":"type-product","3":"status-publish","4":"has-post-thumbnail","6":"product_brand-homelife","7":"product_cat-tensiometros-oximetros-dispositivos-medicos","8":"product_shipping_class-enviolocal","10":"first","11":"instock","12":"taxable","13":"shipping-taxable","14":"purchasable","15":"product-type-simple"},"yoast_head":"<!-- This site is optimized with the Yoast SEO plugin v27.2 - https:\/\/yoast.com\/product\/yoast-seo-wordpress\/ -->\n<title>Ox\u00edmetro B\u00e1sico Simply II - Tododiabetes \u2764\ufe0f<\/title>\n<meta name=\"robots\" content=\"noindex, follow, max-snippet:-1, max-image-preview:large, max-video-preview:-1\" \/>\n<meta property=\"og:locale\" content=\"en_US\" \/>\n<meta property=\"og:type\" content=\"article\" \/>\n<meta property=\"og:title\" content=\"Ox\u00edmetro B\u00e1sico Simply II - Tododiabetes \u2764\ufe0f\" \/>\n<meta property=\"og:description\" content=\"Es un instrumento m\u00e9dico medidor de la saturaci\u00f3n de ox\u00edgeno de hemoglobina arterial (SpO2) y medidor de la frecuencia card\u00edaca por minuto (PR BPM). Se utiliza como equipo de diagn\u00f3stico primario y monitoreo en pacientes adultos y pedi\u00e1tricos (desde los 12 meses en adelante) con afecciones respiratorias. Equipo con registro INVIMA vigente 2019EBC-0020464\" \/>\n<meta property=\"og:url\" content=\"https:\/\/nueva.tododiabetes.co\/en\/product\/oximetro-basico-simply-ii\/\" \/>\n<meta property=\"og:site_name\" content=\"Tododiabetes \u2764\ufe0f\" \/>\n<meta property=\"article:modified_time\" content=\"2026-02-27T14:57:00+00:00\" \/>\n<meta property=\"og:image\" content=\"https:\/\/nueva.tododiabetes.co\/wp-content\/uploads\/2026\/02\/oximetro-simply-homelife-1-1.jpeg\" \/>\n\t<meta property=\"og:image:width\" content=\"600\" \/>\n\t<meta property=\"og:image:height\" content=\"600\" \/>\n\t<meta property=\"og:image:type\" content=\"image\/jpeg\" \/>\n<meta name=\"twitter:card\" content=\"summary_large_image\" \/>\n<meta name=\"twitter:label1\" content=\"Est. reading time\" \/>\n\t<meta name=\"twitter:data1\" content=\"1 minute\" \/>\n<script type=\"application\/ld+json\" class=\"yoast-schema-graph\">{\"@context\":\"https:\/\/schema.org\",\"@graph\":[{\"@type\":\"WebPage\",\"@id\":\"https:\/\/nueva.tododiabetes.co\/product\/oximetro-basico-simply-ii\/\",\"url\":\"https:\/\/nueva.tododiabetes.co\/product\/oximetro-basico-simply-ii\/\",\"name\":\"Ox\u00edmetro B\u00e1sico Simply II - Tododiabetes \u2764\ufe0f\",\"isPartOf\":{\"@id\":\"https:\/\/nueva.tododiabetes.co\/#website\"},\"primaryImageOfPage\":{\"@id\":\"https:\/\/nueva.tododiabetes.co\/product\/oximetro-basico-simply-ii\/#primaryimage\"},\"image\":{\"@id\":\"https:\/\/nueva.tododiabetes.co\/product\/oximetro-basico-simply-ii\/#primaryimage\"},\"thumbnailUrl\":\"https:\/\/nueva.tododiabetes.co\/wp-content\/uploads\/2026\/02\/oximetro-simply-homelife-1-1.jpeg\",\"datePublished\":\"2026-02-27T14:55:08+00:00\",\"dateModified\":\"2026-02-27T14:57:00+00:00\",\"breadcrumb\":{\"@id\":\"https:\/\/nueva.tododiabetes.co\/product\/oximetro-basico-simply-ii\/#breadcrumb\"},\"inLanguage\":\"en-US\",\"potentialAction\":[{\"@type\":\"ReadAction\",\"target\":[\"https:\/\/nueva.tododiabetes.co\/product\/oximetro-basico-simply-ii\/\"]}]},{\"@type\":\"ImageObject\",\"inLanguage\":\"en-US\",\"@id\":\"https:\/\/nueva.tododiabetes.co\/product\/oximetro-basico-simply-ii\/#primaryimage\",\"url\":\"https:\/\/nueva.tododiabetes.co\/wp-content\/uploads\/2026\/02\/oximetro-simply-homelife-1-1.jpeg\",\"contentUrl\":\"https:\/\/nueva.tododiabetes.co\/wp-content\/uploads\/2026\/02\/oximetro-simply-homelife-1-1.jpeg\",\"width\":600,\"height\":600},{\"@type\":\"BreadcrumbList\",\"@id\":\"https:\/\/nueva.tododiabetes.co\/product\/oximetro-basico-simply-ii\/#breadcrumb\",\"itemListElement\":[{\"@type\":\"ListItem\",\"position\":1,\"name\":\"Home\",\"item\":\"https:\/\/nueva.tododiabetes.co\/\"},{\"@type\":\"ListItem\",\"position\":2,\"name\":\"Tienda\",\"item\":\"https:\/\/nueva.tododiabetes.co\/tienda\/\"},{\"@type\":\"ListItem\",\"position\":3,\"name\":\"Ox\u00edmetro B\u00e1sico Simply II\"}]},{\"@type\":\"WebSite\",\"@id\":\"https:\/\/nueva.tododiabetes.co\/#website\",\"url\":\"https:\/\/nueva.tododiabetes.co\/\",\"name\":\"Tododiabetes \u2764\ufe0f\",\"description\":\"Tienda de productos para Diabetes e Hipertensi\u00f3n \u260e\ufe0f 6019195560\",\"publisher\":{\"@id\":\"https:\/\/nueva.tododiabetes.co\/#organization\"},\"potentialAction\":[{\"@type\":\"SearchAction\",\"target\":{\"@type\":\"EntryPoint\",\"urlTemplate\":\"https:\/\/nueva.tododiabetes.co\/?s={search_term_string}\"},\"query-input\":{\"@type\":\"PropertyValueSpecification\",\"valueRequired\":true,\"valueName\":\"search_term_string\"}}],\"inLanguage\":\"en-US\"},{\"@type\":\"Organization\",\"@id\":\"https:\/\/nueva.tododiabetes.co\/#organization\",\"name\":\"Tododiabetes \u2764\ufe0f\",\"url\":\"https:\/\/nueva.tododiabetes.co\/\",\"logo\":{\"@type\":\"ImageObject\",\"inLanguage\":\"en-US\",\"@id\":\"https:\/\/nueva.tododiabetes.co\/#\/schema\/logo\/image\/\",\"url\":\"https:\/\/nueva.tododiabetes.co\/wp-content\/uploads\/2021\/02\/Logo-tododiabetes.webp\",\"contentUrl\":\"https:\/\/nueva.tododiabetes.co\/wp-content\/uploads\/2021\/02\/Logo-tododiabetes.webp\",\"width\":1024,\"height\":137,\"caption\":\"Tododiabetes \u2764\ufe0f\"},\"image\":{\"@id\":\"https:\/\/nueva.tododiabetes.co\/#\/schema\/logo\/image\/\"}}]}<\/script>\n<!-- \/ Yoast SEO plugin. -->","yoast_head_json":{"title":"Ox\u00edmetro B\u00e1sico Simply II - Tododiabetes \u2764\ufe0f","robots":{"index":"noindex","follow":"follow","max-snippet":"max-snippet:-1","max-image-preview":"max-image-preview:large","max-video-preview":"max-video-preview:-1"},"og_locale":"en_US","og_type":"article","og_title":"Ox\u00edmetro B\u00e1sico Simply II - Tododiabetes \u2764\ufe0f","og_description":"Es un instrumento m\u00e9dico medidor de la saturaci\u00f3n de ox\u00edgeno de hemoglobina arterial (SpO2) y medidor de la frecuencia card\u00edaca por minuto (PR BPM). Se utiliza como equipo de diagn\u00f3stico primario y monitoreo en pacientes adultos y pedi\u00e1tricos (desde los 12 meses en adelante) con afecciones respiratorias. Equipo con registro INVIMA vigente 2019EBC-0020464","og_url":"https:\/\/nueva.tododiabetes.co\/en\/product\/oximetro-basico-simply-ii\/","og_site_name":"Tododiabetes \u2764\ufe0f","article_modified_time":"2026-02-27T14:57:00+00:00","og_image":[{"width":600,"height":600,"url":"https:\/\/nueva.tododiabetes.co\/wp-content\/uploads\/2026\/02\/oximetro-simply-homelife-1-1.jpeg","type":"image\/jpeg"}],"twitter_card":"summary_large_image","twitter_misc":{"Est. reading time":"1 minute"},"schema":{"@context":"https:\/\/schema.org","@graph":[{"@type":"WebPage","@id":"https:\/\/nueva.tododiabetes.co\/product\/oximetro-basico-simply-ii\/","url":"https:\/\/nueva.tododiabetes.co\/product\/oximetro-basico-simply-ii\/","name":"Ox\u00edmetro B\u00e1sico Simply II - Tododiabetes \u2764\ufe0f","isPartOf":{"@id":"https:\/\/nueva.tododiabetes.co\/#website"},"primaryImageOfPage":{"@id":"https:\/\/nueva.tododiabetes.co\/product\/oximetro-basico-simply-ii\/#primaryimage"},"image":{"@id":"https:\/\/nueva.tododiabetes.co\/product\/oximetro-basico-simply-ii\/#primaryimage"},"thumbnailUrl":"https:\/\/nueva.tododiabetes.co\/wp-content\/uploads\/2026\/02\/oximetro-simply-homelife-1-1.jpeg","datePublished":"2026-02-27T14:55:08+00:00","dateModified":"2026-02-27T14:57:00+00:00","breadcrumb":{"@id":"https:\/\/nueva.tododiabetes.co\/product\/oximetro-basico-simply-ii\/#breadcrumb"},"inLanguage":"en-US","potentialAction":[{"@type":"ReadAction","target":["https:\/\/nueva.tododiabetes.co\/product\/oximetro-basico-simply-ii\/"]}]},{"@type":"ImageObject","inLanguage":"en-US","@id":"https:\/\/nueva.tododiabetes.co\/product\/oximetro-basico-simply-ii\/#primaryimage","url":"https:\/\/nueva.tododiabetes.co\/wp-content\/uploads\/2026\/02\/oximetro-simply-homelife-1-1.jpeg","contentUrl":"https:\/\/nueva.tododiabetes.co\/wp-content\/uploads\/2026\/02\/oximetro-simply-homelife-1-1.jpeg","width":600,"height":600},{"@type":"BreadcrumbList","@id":"https:\/\/nueva.tododiabetes.co\/product\/oximetro-basico-simply-ii\/#breadcrumb","itemListElement":[{"@type":"ListItem","position":1,"name":"Home","item":"https:\/\/nueva.tododiabetes.co\/"},{"@type":"ListItem","position":2,"name":"Tienda","item":"https:\/\/nueva.tododiabetes.co\/tienda\/"},{"@type":"ListItem","position":3,"name":"Ox\u00edmetro B\u00e1sico Simply II"}]},{"@type":"WebSite","@id":"https:\/\/nueva.tododiabetes.co\/#website","url":"https:\/\/nueva.tododiabetes.co\/","name":"Tododiabetes \u2764\ufe0f","description":"Tienda de productos para Diabetes e Hipertensi\u00f3n \u260e\ufe0f 6019195560","publisher":{"@id":"https:\/\/nueva.tododiabetes.co\/#organization"},"potentialAction":[{"@type":"SearchAction","target":{"@type":"EntryPoint","urlTemplate":"https:\/\/nueva.tododiabetes.co\/?s={search_term_string}"},"query-input":{"@type":"PropertyValueSpecification","valueRequired":true,"valueName":"search_term_string"}}],"inLanguage":"en-US"},{"@type":"Organization","@id":"https:\/\/nueva.tododiabetes.co\/#organization","name":"Tododiabetes \u2764\ufe0f","url":"https:\/\/nueva.tododiabetes.co\/","logo":{"@type":"ImageObject","inLanguage":"en-US","@id":"https:\/\/nueva.tododiabetes.co\/#\/schema\/logo\/image\/","url":"https:\/\/nueva.tododiabetes.co\/wp-content\/uploads\/2021\/02\/Logo-tododiabetes.webp","contentUrl":"https:\/\/nueva.tododiabetes.co\/wp-content\/uploads\/2021\/02\/Logo-tododiabetes.webp","width":1024,"height":137,"caption":"Tododiabetes \u2764\ufe0f"},"image":{"@id":"https:\/\/nueva.tododiabetes.co\/#\/schema\/logo\/image\/"}}]}},"_links":{"self":[{"href":"https:\/\/nueva.tododiabetes.co\/en\/wp-json\/wp\/v2\/product\/5852","targetHints":{"allow":["GET"]}}],"collection":[{"href":"https:\/\/nueva.tododiabetes.co\/en\/wp-json\/wp\/v2\/product"}],"about":[{"href":"https:\/\/nueva.tododiabetes.co\/en\/wp-json\/wp\/v2\/types\/product"}],"replies":[{"embeddable":true,"href":"https:\/\/nueva.tododiabetes.co\/en\/wp-json\/wp\/v2\/comments?post=5852"}],"version-history":[{"count":1,"href":"https:\/\/nueva.tododiabetes.co\/en\/wp-json\/wp\/v2\/product\/5852\/revisions"}],"predecessor-version":[{"id":6006,"href":"https:\/\/nueva.tododiabetes.co\/en\/wp-json\/wp\/v2\/product\/5852\/revisions\/6006"}],"wp:featuredmedia":[{"embeddable":true,"href":"https:\/\/nueva.tododiabetes.co\/en\/wp-json\/wp\/v2\/media\/6005"}],"wp:attachment":[{"href":"https:\/\/nueva.tododiabetes.co\/en\/wp-json\/wp\/v2\/media?parent=5852"}],"wp:term":[{"taxonomy":"product_brand","embeddable":true,"href":"https:\/\/nueva.tododiabetes.co\/en\/wp-json\/wp\/v2\/product_brand?post=5852"},{"taxonomy":"product_cat","embeddable":true,"href":"https:\/\/nueva.tododiabetes.co\/en\/wp-json\/wp\/v2\/product_cat?post=5852"},{"taxonomy":"product_tag","embeddable":true,"href":"https:\/\/nueva.tododiabetes.co\/en\/wp-json\/wp\/v2\/product_tag?post=5852"}],"curies":[{"name":"wp","href":"https:\/\/api.w.org\/{rel}","templated":true}]}}