{"id":5851,"date":"2026-02-27T14:55:08","date_gmt":"2026-02-27T14:55:08","guid":{"rendered":"https:\/\/nueva.tododiabetes.co\/?post_type=product&#038;p=5851"},"modified":"2026-02-27T14:56:54","modified_gmt":"2026-02-27T14:56:54","slug":"tiras-freestyle-optium-neo-h-caja-x-50","status":"publish","type":"product","link":"https:\/\/nueva.tododiabetes.co\/en\/product\/tiras-freestyle-optium-neo-h-caja-x-50\/","title":{"rendered":"TIRAS FREESTYLE OPTIUM NEO H CAJA X 50"},"content":{"rendered":"<ul>\n<li>Tiras en empaque individual caja x 50 tiras<\/li>\n<li>Apta para el glucometro Freestyle Optium Neo y Neo H de Abbott<\/li>\n<\/ul>\n<div class=\"wpb_text_column wpb_content_element\">\n<div class=\"wpb_wrapper\">\n<p>Poseen disparador de Ilenado para impedir que la prueba comience si la cantidad de muestra es insuficiente. Evitan resultados err\u00f3neos y el desperdicio de tiras.<\/p>\n<p><strong>Tiras en empaque individual:<\/strong><br \/>\nTiras envasadas en foil individual. Evitan la contaminaci\u00f3n de las tiras, su deterioro y facilitan su transportaci\u00f3n.<\/p>\n<p><strong>TrueMeasure:<\/strong><br \/>\nLa tecnolog\u00eda TrueMeasure minimiza la interferencia de medicamentos y sustancias end\u00f3genas. La muestra de sangre reacciona con la enzima GDH-NAD (Glucosa Deshidrogenasa \u2013 Nicotinamida Adenina Dinucle\u00f3tido) la cual minimiza las interferencias de az\u00facares distintos de glucosa como maltosa, galactosa y xilosa.<\/p>\n<p>Esta tecnolog\u00eda se diferencia de aquellas que utilizan la enzima GDH-PQQ, la cual puede reaccionar no s\u00f3lo con glucosa sino tambi\u00e9n con otros az\u00facares como la maltosa, galactosa o xilosa, generando mediciones elevadas falsas.<\/p>\n<\/div>\n<\/div>","protected":false},"excerpt":{"rendered":"<ul>\n<li>Envase con 50 tiras reactivas<\/li>\n<\/ul>\n<p><strong>\u00a0 \u00a0 \u00a0 \u00a0 \u00a0 INVIMA 2013RD-0002692<\/strong><\/p>","protected":false},"featured_media":5999,"comment_status":"open","ping_status":"closed","template":"","meta":[],"product_brand":[141,150],"product_cat":[72],"product_tag":[],"class_list":{"0":"post-5851","1":"product","2":"type-product","3":"status-publish","4":"has-post-thumbnail","6":"product_brand-abbott","7":"product_brand-freestyle","8":"product_cat-glucometros-y-tiras","10":"first","11":"instock","12":"purchasable","13":"product-type-simple"},"yoast_head":"<!-- This site is optimized with the Yoast SEO plugin v27.2 - https:\/\/yoast.com\/product\/yoast-seo-wordpress\/ -->\n<title>TIRAS FREESTYLE OPTIUM NEO H CAJA X 50 - Tododiabetes \u2764\ufe0f<\/title>\n<meta name=\"description\" content=\"Tiras en empaque individual caja x 50 tiras\u00a0apta para el glucometro Freestyle Optium Neo Abbott\" \/>\n<meta name=\"robots\" content=\"noindex, follow, max-snippet:-1, max-image-preview:large, max-video-preview:-1\" \/>\n<meta property=\"og:locale\" content=\"en_US\" \/>\n<meta property=\"og:type\" content=\"article\" \/>\n<meta property=\"og:title\" content=\"TIRAS FREESTYLE OPTIUM NEO H CAJA X 50 - Tododiabetes \u2764\ufe0f\" \/>\n<meta property=\"og:description\" content=\"Tiras en empaque individual caja x 50 tiras\u00a0apta para el glucometro Freestyle Optium Neo Abbott\" \/>\n<meta property=\"og:url\" content=\"https:\/\/nueva.tododiabetes.co\/en\/product\/tiras-freestyle-optium-neo-h-caja-x-50\/\" \/>\n<meta property=\"og:site_name\" content=\"Tododiabetes \u2764\ufe0f\" \/>\n<meta property=\"article:modified_time\" content=\"2026-02-27T14:56:54+00:00\" \/>\n<meta property=\"og:image\" content=\"https:\/\/nueva.tododiabetes.co\/wp-content\/uploads\/2026\/02\/TIRAS-OPTIUM-NEO-H-CAJA-X-50.jpeg\" \/>\n\t<meta property=\"og:image:width\" content=\"800\" \/>\n\t<meta property=\"og:image:height\" content=\"800\" \/>\n\t<meta property=\"og:image:type\" content=\"image\/jpeg\" \/>\n<meta name=\"twitter:card\" content=\"summary_large_image\" \/>\n<meta name=\"twitter:label1\" content=\"Est. reading time\" \/>\n\t<meta name=\"twitter:data1\" content=\"1 minute\" \/>\n<script type=\"application\/ld+json\" class=\"yoast-schema-graph\">{\"@context\":\"https:\/\/schema.org\",\"@graph\":[{\"@type\":\"WebPage\",\"@id\":\"https:\/\/nueva.tododiabetes.co\/product\/tiras-freestyle-optium-neo-h-caja-x-50\/\",\"url\":\"https:\/\/nueva.tododiabetes.co\/product\/tiras-freestyle-optium-neo-h-caja-x-50\/\",\"name\":\"TIRAS FREESTYLE OPTIUM NEO H CAJA X 50 - Tododiabetes \u2764\ufe0f\",\"isPartOf\":{\"@id\":\"https:\/\/nueva.tododiabetes.co\/#website\"},\"primaryImageOfPage\":{\"@id\":\"https:\/\/nueva.tododiabetes.co\/product\/tiras-freestyle-optium-neo-h-caja-x-50\/#primaryimage\"},\"image\":{\"@id\":\"https:\/\/nueva.tododiabetes.co\/product\/tiras-freestyle-optium-neo-h-caja-x-50\/#primaryimage\"},\"thumbnailUrl\":\"https:\/\/nueva.tododiabetes.co\/wp-content\/uploads\/2026\/02\/TIRAS-OPTIUM-NEO-H-CAJA-X-50.jpeg\",\"datePublished\":\"2026-02-27T14:55:08+00:00\",\"dateModified\":\"2026-02-27T14:56:54+00:00\",\"description\":\"Tiras en empaque individual caja x 50 tiras\u00a0apta para el glucometro Freestyle Optium Neo Abbott\",\"breadcrumb\":{\"@id\":\"https:\/\/nueva.tododiabetes.co\/product\/tiras-freestyle-optium-neo-h-caja-x-50\/#breadcrumb\"},\"inLanguage\":\"en-US\",\"potentialAction\":[{\"@type\":\"ReadAction\",\"target\":[\"https:\/\/nueva.tododiabetes.co\/product\/tiras-freestyle-optium-neo-h-caja-x-50\/\"]}]},{\"@type\":\"ImageObject\",\"inLanguage\":\"en-US\",\"@id\":\"https:\/\/nueva.tododiabetes.co\/product\/tiras-freestyle-optium-neo-h-caja-x-50\/#primaryimage\",\"url\":\"https:\/\/nueva.tododiabetes.co\/wp-content\/uploads\/2026\/02\/TIRAS-OPTIUM-NEO-H-CAJA-X-50.jpeg\",\"contentUrl\":\"https:\/\/nueva.tododiabetes.co\/wp-content\/uploads\/2026\/02\/TIRAS-OPTIUM-NEO-H-CAJA-X-50.jpeg\",\"width\":800,\"height\":800},{\"@type\":\"BreadcrumbList\",\"@id\":\"https:\/\/nueva.tododiabetes.co\/product\/tiras-freestyle-optium-neo-h-caja-x-50\/#breadcrumb\",\"itemListElement\":[{\"@type\":\"ListItem\",\"position\":1,\"name\":\"Home\",\"item\":\"https:\/\/nueva.tododiabetes.co\/\"},{\"@type\":\"ListItem\",\"position\":2,\"name\":\"Tienda\",\"item\":\"https:\/\/nueva.tododiabetes.co\/tienda\/\"},{\"@type\":\"ListItem\",\"position\":3,\"name\":\"TIRAS FREESTYLE OPTIUM NEO H CAJA X 50\"}]},{\"@type\":\"WebSite\",\"@id\":\"https:\/\/nueva.tododiabetes.co\/#website\",\"url\":\"https:\/\/nueva.tododiabetes.co\/\",\"name\":\"Tododiabetes \u2764\ufe0f\",\"description\":\"Tienda de productos para Diabetes e Hipertensi\u00f3n \u260e\ufe0f 6019195560\",\"publisher\":{\"@id\":\"https:\/\/nueva.tododiabetes.co\/#organization\"},\"potentialAction\":[{\"@type\":\"SearchAction\",\"target\":{\"@type\":\"EntryPoint\",\"urlTemplate\":\"https:\/\/nueva.tododiabetes.co\/?s={search_term_string}\"},\"query-input\":{\"@type\":\"PropertyValueSpecification\",\"valueRequired\":true,\"valueName\":\"search_term_string\"}}],\"inLanguage\":\"en-US\"},{\"@type\":\"Organization\",\"@id\":\"https:\/\/nueva.tododiabetes.co\/#organization\",\"name\":\"Tododiabetes \u2764\ufe0f\",\"url\":\"https:\/\/nueva.tododiabetes.co\/\",\"logo\":{\"@type\":\"ImageObject\",\"inLanguage\":\"en-US\",\"@id\":\"https:\/\/nueva.tododiabetes.co\/#\/schema\/logo\/image\/\",\"url\":\"https:\/\/nueva.tododiabetes.co\/wp-content\/uploads\/2021\/02\/Logo-tododiabetes.webp\",\"contentUrl\":\"https:\/\/nueva.tododiabetes.co\/wp-content\/uploads\/2021\/02\/Logo-tododiabetes.webp\",\"width\":1024,\"height\":137,\"caption\":\"Tododiabetes \u2764\ufe0f\"},\"image\":{\"@id\":\"https:\/\/nueva.tododiabetes.co\/#\/schema\/logo\/image\/\"}}]}<\/script>\n<!-- \/ Yoast SEO plugin. -->","yoast_head_json":{"title":"TIRAS FREESTYLE OPTIUM NEO H CAJA X 50 - Tododiabetes \u2764\ufe0f","description":"Tiras en empaque individual caja x 50 tiras\u00a0apta para el glucometro Freestyle Optium Neo Abbott","robots":{"index":"noindex","follow":"follow","max-snippet":"max-snippet:-1","max-image-preview":"max-image-preview:large","max-video-preview":"max-video-preview:-1"},"og_locale":"en_US","og_type":"article","og_title":"TIRAS FREESTYLE OPTIUM NEO H CAJA X 50 - Tododiabetes \u2764\ufe0f","og_description":"Tiras en empaque individual caja x 50 tiras\u00a0apta para el glucometro Freestyle Optium Neo Abbott","og_url":"https:\/\/nueva.tododiabetes.co\/en\/product\/tiras-freestyle-optium-neo-h-caja-x-50\/","og_site_name":"Tododiabetes \u2764\ufe0f","article_modified_time":"2026-02-27T14:56:54+00:00","og_image":[{"width":800,"height":800,"url":"https:\/\/nueva.tododiabetes.co\/wp-content\/uploads\/2026\/02\/TIRAS-OPTIUM-NEO-H-CAJA-X-50.jpeg","type":"image\/jpeg"}],"twitter_card":"summary_large_image","twitter_misc":{"Est. reading time":"1 minute"},"schema":{"@context":"https:\/\/schema.org","@graph":[{"@type":"WebPage","@id":"https:\/\/nueva.tododiabetes.co\/product\/tiras-freestyle-optium-neo-h-caja-x-50\/","url":"https:\/\/nueva.tododiabetes.co\/product\/tiras-freestyle-optium-neo-h-caja-x-50\/","name":"TIRAS FREESTYLE OPTIUM NEO H CAJA X 50 - Tododiabetes \u2764\ufe0f","isPartOf":{"@id":"https:\/\/nueva.tododiabetes.co\/#website"},"primaryImageOfPage":{"@id":"https:\/\/nueva.tododiabetes.co\/product\/tiras-freestyle-optium-neo-h-caja-x-50\/#primaryimage"},"image":{"@id":"https:\/\/nueva.tododiabetes.co\/product\/tiras-freestyle-optium-neo-h-caja-x-50\/#primaryimage"},"thumbnailUrl":"https:\/\/nueva.tododiabetes.co\/wp-content\/uploads\/2026\/02\/TIRAS-OPTIUM-NEO-H-CAJA-X-50.jpeg","datePublished":"2026-02-27T14:55:08+00:00","dateModified":"2026-02-27T14:56:54+00:00","description":"Tiras en empaque individual caja x 50 tiras\u00a0apta para el glucometro Freestyle Optium Neo Abbott","breadcrumb":{"@id":"https:\/\/nueva.tododiabetes.co\/product\/tiras-freestyle-optium-neo-h-caja-x-50\/#breadcrumb"},"inLanguage":"en-US","potentialAction":[{"@type":"ReadAction","target":["https:\/\/nueva.tododiabetes.co\/product\/tiras-freestyle-optium-neo-h-caja-x-50\/"]}]},{"@type":"ImageObject","inLanguage":"en-US","@id":"https:\/\/nueva.tododiabetes.co\/product\/tiras-freestyle-optium-neo-h-caja-x-50\/#primaryimage","url":"https:\/\/nueva.tododiabetes.co\/wp-content\/uploads\/2026\/02\/TIRAS-OPTIUM-NEO-H-CAJA-X-50.jpeg","contentUrl":"https:\/\/nueva.tododiabetes.co\/wp-content\/uploads\/2026\/02\/TIRAS-OPTIUM-NEO-H-CAJA-X-50.jpeg","width":800,"height":800},{"@type":"BreadcrumbList","@id":"https:\/\/nueva.tododiabetes.co\/product\/tiras-freestyle-optium-neo-h-caja-x-50\/#breadcrumb","itemListElement":[{"@type":"ListItem","position":1,"name":"Home","item":"https:\/\/nueva.tododiabetes.co\/"},{"@type":"ListItem","position":2,"name":"Tienda","item":"https:\/\/nueva.tododiabetes.co\/tienda\/"},{"@type":"ListItem","position":3,"name":"TIRAS FREESTYLE OPTIUM NEO H CAJA X 50"}]},{"@type":"WebSite","@id":"https:\/\/nueva.tododiabetes.co\/#website","url":"https:\/\/nueva.tododiabetes.co\/","name":"Tododiabetes \u2764\ufe0f","description":"Tienda de productos para Diabetes e Hipertensi\u00f3n \u260e\ufe0f 6019195560","publisher":{"@id":"https:\/\/nueva.tododiabetes.co\/#organization"},"potentialAction":[{"@type":"SearchAction","target":{"@type":"EntryPoint","urlTemplate":"https:\/\/nueva.tododiabetes.co\/?s={search_term_string}"},"query-input":{"@type":"PropertyValueSpecification","valueRequired":true,"valueName":"search_term_string"}}],"inLanguage":"en-US"},{"@type":"Organization","@id":"https:\/\/nueva.tododiabetes.co\/#organization","name":"Tododiabetes \u2764\ufe0f","url":"https:\/\/nueva.tododiabetes.co\/","logo":{"@type":"ImageObject","inLanguage":"en-US","@id":"https:\/\/nueva.tododiabetes.co\/#\/schema\/logo\/image\/","url":"https:\/\/nueva.tododiabetes.co\/wp-content\/uploads\/2021\/02\/Logo-tododiabetes.webp","contentUrl":"https:\/\/nueva.tododiabetes.co\/wp-content\/uploads\/2021\/02\/Logo-tododiabetes.webp","width":1024,"height":137,"caption":"Tododiabetes \u2764\ufe0f"},"image":{"@id":"https:\/\/nueva.tododiabetes.co\/#\/schema\/logo\/image\/"}}]}},"_links":{"self":[{"href":"https:\/\/nueva.tododiabetes.co\/en\/wp-json\/wp\/v2\/product\/5851","targetHints":{"allow":["GET"]}}],"collection":[{"href":"https:\/\/nueva.tododiabetes.co\/en\/wp-json\/wp\/v2\/product"}],"about":[{"href":"https:\/\/nueva.tododiabetes.co\/en\/wp-json\/wp\/v2\/types\/product"}],"replies":[{"embeddable":true,"href":"https:\/\/nueva.tododiabetes.co\/en\/wp-json\/wp\/v2\/comments?post=5851"}],"version-history":[{"count":1,"href":"https:\/\/nueva.tododiabetes.co\/en\/wp-json\/wp\/v2\/product\/5851\/revisions"}],"predecessor-version":[{"id":6000,"href":"https:\/\/nueva.tododiabetes.co\/en\/wp-json\/wp\/v2\/product\/5851\/revisions\/6000"}],"wp:featuredmedia":[{"embeddable":true,"href":"https:\/\/nueva.tododiabetes.co\/en\/wp-json\/wp\/v2\/media\/5999"}],"wp:attachment":[{"href":"https:\/\/nueva.tododiabetes.co\/en\/wp-json\/wp\/v2\/media?parent=5851"}],"wp:term":[{"taxonomy":"product_brand","embeddable":true,"href":"https:\/\/nueva.tododiabetes.co\/en\/wp-json\/wp\/v2\/product_brand?post=5851"},{"taxonomy":"product_cat","embeddable":true,"href":"https:\/\/nueva.tododiabetes.co\/en\/wp-json\/wp\/v2\/product_cat?post=5851"},{"taxonomy":"product_tag","embeddable":true,"href":"https:\/\/nueva.tododiabetes.co\/en\/wp-json\/wp\/v2\/product_tag?post=5851"}],"curies":[{"name":"wp","href":"https:\/\/api.w.org\/{rel}","templated":true}]}}