{"id":5803,"date":"2026-02-27T14:54:40","date_gmt":"2026-02-27T14:54:40","guid":{"rendered":"https:\/\/nueva.tododiabetes.co\/?post_type=product&#038;p=5803"},"modified":"2026-02-27T14:56:25","modified_gmt":"2026-02-27T14:56:25","slug":"pulso-oximetro-de-dedo-para-ninos","status":"publish","type":"product","link":"https:\/\/nueva.tododiabetes.co\/en\/product\/pulso-oximetro-de-dedo-para-ninos\/","title":{"rendered":"Pulso Ox\u00edmetro De Dedo Para Ni\u00f1os"},"content":{"rendered":"<ul>\n<li><strong>Modelo<\/strong><br \/>\nK1<\/li>\n<li><strong>Uso<\/strong><br \/>\nPediatrico (neonatales hasta 12 a\u00f1os)<\/li>\n<li><strong>Medici\u00f3n<\/strong><br \/>\nsaturaci\u00f3n de ox\u00edgeno en la sangre (SpO2) y frecuencia card\u00edaca (PR) por minuto (BPM)<\/li>\n<li><strong>M\u00e9todo de medici\u00f3n<\/strong><br \/>\nLey de Beer Lambert<\/li>\n<li><strong>Indicador<\/strong><br \/>\nCurva pletismografica, barra de frecuencia card\u00edaca e indicador de bater\u00eda baja<\/li>\n<li><strong>Pantalla<\/strong><br \/>\nOLED doble color<\/li>\n<li><strong>Rangos de medici\u00f3n<\/strong><br \/>\nSpO2: 70% -99% \u2013 PR: 30 BPM -240 BPM<\/li>\n<li><strong>Precisi\u00f3n de medici\u00f3n<\/strong><br \/>\nSpO2: +\/- 3% \u2013 PR: +\/- 1 BPM<\/li>\n<li><strong>Funci\u00f3n<\/strong><br \/>\nAlarmas personalizables en SpO2 y BPM, 6 modos de Pantalla, sonido (beep) on\/off<\/li>\n<li><strong>Apagado<\/strong><br \/>\nautom\u00e1tico despues de 8 segundos de inactividad<\/li>\n<li><strong>Fuente de poder<\/strong><br \/>\nBater\u00eda de litio recargable<\/li>\n<li><strong>Peso<\/strong><br \/>\nAprox 21g<\/li>\n<li><strong>Dimensi\u00f3n<\/strong><br \/>\nAprox 43x27x26mm (L x A x A)<\/li>\n<li><strong>Compatibilidad Electromagn\u00e9tica<\/strong><br \/>\nIEC 60601-1-2 \/ BF<\/li>\n<li><strong>Clasificaci\u00f3n IP<\/strong><br \/>\nIP21<\/li>\n<li><strong>Garant\u00eda<\/strong><br \/>\n1 a\u00f1o<\/li>\n<li><strong>Contenido<\/strong><br \/>\nCaja de empaque, ox\u00edmetro, cable USB, cuerda port\u00e1til, manual.<\/li>\n<li><strong>Color<\/strong><br \/>\nAmarillo, Rojo<\/li>\n<li><strong>colores oximetros<\/strong><br \/>\nAmarillo, Rojo<\/li>\n<li>Registro INVIMA vigente 2019 EBC-0019977<\/li>\n<\/ul>","protected":false},"excerpt":{"rendered":"<p>&nbsp;<\/p>\n<p>Es un instrumento m\u00e9dico\u00a0<strong>Pedi\u00e1trico Neonatal Recargable<\/strong>, medidor de la saturaci\u00f3n de ox\u00edgeno de hemoglobina arterial (SpO2) y medidor de la frecuencia card\u00edaca por minuto (PR BPM). Cuenta con curva pletismogr\u00e1fica, alarmas y 6 posiciones de pantalla.<\/p>\n<p>Solo es necesario que el paciente ponga un dedo en el sensor fotoel\u00e9ctrico para el diagn\u00f3stico, y la pantalla de visualizaci\u00f3n mostrar\u00e1 directamente el valor medido de la saturaci\u00f3n de hemoglobina.<\/p>\n<ul>\n<li>Pulso Ox\u00edmetro Pedi\u00e1trico.<\/li>\n<li>Ideal para el cuidado de bebes y ni\u00f1os.<\/li>\n<li>Medidor de saturaci\u00f3n porcentual de ox\u00edgeno.<\/li>\n<li>Curva pletismogr\u00e1fica.<\/li>\n<li>Barra de frecuencia card\u00edaca.<\/li>\n<li>Medidor de frecuencia de pulso.<\/li>\n<li>6 modos de pantalla.<\/li>\n<li>Alarmas personalizables.<\/li>\n<li>Ligero de peso y f\u00e1cil de llevar.<\/li>\n<li>Pantalla LED.<\/li>\n<li>Funciona con baterias.<\/li>\n<li>Apagado autom\u00e1tico.<\/li>\n<li>Resistente, preciso y dise\u00f1o de alta calidad.<\/li>\n<li>Incluye cuerda port\u00e1til.<\/li>\n<li>Uso para el cuidado de salud en casa.<\/li>\n<li>Uso m\u00e9dico.<\/li>\n<li>Color sujeto a disponibilidad.<\/li>\n<\/ul>","protected":false},"featured_media":5955,"comment_status":"closed","ping_status":"closed","template":"","meta":[],"product_brand":[101],"product_cat":[80,93],"product_tag":[],"class_list":{"0":"post-5803","1":"product","2":"type-product","3":"status-publish","4":"has-post-thumbnail","6":"product_brand-homelife","7":"product_cat-ofertas","8":"product_cat-tensiometros-oximetros-dispositivos-medicos","10":"first","11":"instock","12":"sale","13":"taxable","14":"shipping-taxable","15":"purchasable","16":"product-type-simple"},"yoast_head":"<!-- This site is optimized with the Yoast SEO plugin v27.2 - https:\/\/yoast.com\/product\/yoast-seo-wordpress\/ -->\n<title>Pulso Ox\u00edmetro De Dedo Para Ni\u00f1os - Tododiabetes \u2764\ufe0f<\/title>\n<meta name=\"description\" content=\"Ox\u00edmetro de pulso pedi\u00e1trico para ni\u00f1os tiene un volumen peque\u00f1o, funcionamiento pr\u00e1ctico y port\u00e1til. Pedi\u00e1trico Neonatal Recargable \u260e\ufe0f 3009293084\" \/>\n<meta name=\"robots\" content=\"noindex, follow, max-snippet:-1, max-image-preview:large, max-video-preview:-1\" \/>\n<meta property=\"og:locale\" content=\"en_US\" \/>\n<meta property=\"og:type\" content=\"article\" \/>\n<meta property=\"og:title\" content=\"Pulso Ox\u00edmetro De Dedo Para Ni\u00f1os - Tododiabetes \u2764\ufe0f\" \/>\n<meta property=\"og:description\" content=\"Ox\u00edmetro de pulso pedi\u00e1trico para ni\u00f1os tiene un volumen peque\u00f1o, funcionamiento pr\u00e1ctico y port\u00e1til. Pedi\u00e1trico Neonatal Recargable \u260e\ufe0f 3009293084\" \/>\n<meta property=\"og:url\" content=\"https:\/\/nueva.tododiabetes.co\/en\/product\/pulso-oximetro-de-dedo-para-ninos\/\" \/>\n<meta property=\"og:site_name\" content=\"Tododiabetes \u2764\ufe0f\" \/>\n<meta property=\"article:modified_time\" content=\"2026-02-27T14:56:25+00:00\" \/>\n<meta property=\"og:image\" content=\"https:\/\/nueva.tododiabetes.co\/wp-content\/uploads\/2026\/02\/OXIMETRO-NEONATAL-K1-2-1.jpg\" \/>\n\t<meta property=\"og:image:width\" content=\"600\" \/>\n\t<meta property=\"og:image:height\" content=\"600\" \/>\n\t<meta property=\"og:image:type\" content=\"image\/jpeg\" \/>\n<meta name=\"twitter:card\" content=\"summary_large_image\" \/>\n<meta name=\"twitter:label1\" content=\"Est. reading time\" \/>\n\t<meta name=\"twitter:data1\" content=\"1 minute\" \/>\n<script type=\"application\/ld+json\" class=\"yoast-schema-graph\">{\"@context\":\"https:\/\/schema.org\",\"@graph\":[{\"@type\":\"WebPage\",\"@id\":\"https:\/\/nueva.tododiabetes.co\/product\/pulso-oximetro-de-dedo-para-ninos\/\",\"url\":\"https:\/\/nueva.tododiabetes.co\/product\/pulso-oximetro-de-dedo-para-ninos\/\",\"name\":\"Pulso Ox\u00edmetro De Dedo Para Ni\u00f1os - Tododiabetes \u2764\ufe0f\",\"isPartOf\":{\"@id\":\"https:\/\/nueva.tododiabetes.co\/#website\"},\"primaryImageOfPage\":{\"@id\":\"https:\/\/nueva.tododiabetes.co\/product\/pulso-oximetro-de-dedo-para-ninos\/#primaryimage\"},\"image\":{\"@id\":\"https:\/\/nueva.tododiabetes.co\/product\/pulso-oximetro-de-dedo-para-ninos\/#primaryimage\"},\"thumbnailUrl\":\"https:\/\/nueva.tododiabetes.co\/wp-content\/uploads\/2026\/02\/OXIMETRO-NEONATAL-K1-2-1.jpg\",\"datePublished\":\"2026-02-27T14:54:40+00:00\",\"dateModified\":\"2026-02-27T14:56:25+00:00\",\"description\":\"Ox\u00edmetro de pulso pedi\u00e1trico para ni\u00f1os tiene un volumen peque\u00f1o, funcionamiento pr\u00e1ctico y port\u00e1til. Pedi\u00e1trico Neonatal Recargable \u260e\ufe0f 3009293084\",\"breadcrumb\":{\"@id\":\"https:\/\/nueva.tododiabetes.co\/product\/pulso-oximetro-de-dedo-para-ninos\/#breadcrumb\"},\"inLanguage\":\"en-US\",\"potentialAction\":[{\"@type\":\"ReadAction\",\"target\":[\"https:\/\/nueva.tododiabetes.co\/product\/pulso-oximetro-de-dedo-para-ninos\/\"]}]},{\"@type\":\"ImageObject\",\"inLanguage\":\"en-US\",\"@id\":\"https:\/\/nueva.tododiabetes.co\/product\/pulso-oximetro-de-dedo-para-ninos\/#primaryimage\",\"url\":\"https:\/\/nueva.tododiabetes.co\/wp-content\/uploads\/2026\/02\/OXIMETRO-NEONATAL-K1-2-1.jpg\",\"contentUrl\":\"https:\/\/nueva.tododiabetes.co\/wp-content\/uploads\/2026\/02\/OXIMETRO-NEONATAL-K1-2-1.jpg\",\"width\":600,\"height\":600},{\"@type\":\"BreadcrumbList\",\"@id\":\"https:\/\/nueva.tododiabetes.co\/product\/pulso-oximetro-de-dedo-para-ninos\/#breadcrumb\",\"itemListElement\":[{\"@type\":\"ListItem\",\"position\":1,\"name\":\"Home\",\"item\":\"https:\/\/nueva.tododiabetes.co\/\"},{\"@type\":\"ListItem\",\"position\":2,\"name\":\"Tienda\",\"item\":\"https:\/\/nueva.tododiabetes.co\/tienda\/\"},{\"@type\":\"ListItem\",\"position\":3,\"name\":\"Pulso Ox\u00edmetro De Dedo Para Ni\u00f1os\"}]},{\"@type\":\"WebSite\",\"@id\":\"https:\/\/nueva.tododiabetes.co\/#website\",\"url\":\"https:\/\/nueva.tododiabetes.co\/\",\"name\":\"Tododiabetes \u2764\ufe0f\",\"description\":\"Tienda de productos para Diabetes e Hipertensi\u00f3n \u260e\ufe0f 6019195560\",\"publisher\":{\"@id\":\"https:\/\/nueva.tododiabetes.co\/#organization\"},\"potentialAction\":[{\"@type\":\"SearchAction\",\"target\":{\"@type\":\"EntryPoint\",\"urlTemplate\":\"https:\/\/nueva.tododiabetes.co\/?s={search_term_string}\"},\"query-input\":{\"@type\":\"PropertyValueSpecification\",\"valueRequired\":true,\"valueName\":\"search_term_string\"}}],\"inLanguage\":\"en-US\"},{\"@type\":\"Organization\",\"@id\":\"https:\/\/nueva.tododiabetes.co\/#organization\",\"name\":\"Tododiabetes \u2764\ufe0f\",\"url\":\"https:\/\/nueva.tododiabetes.co\/\",\"logo\":{\"@type\":\"ImageObject\",\"inLanguage\":\"en-US\",\"@id\":\"https:\/\/nueva.tododiabetes.co\/#\/schema\/logo\/image\/\",\"url\":\"https:\/\/nueva.tododiabetes.co\/wp-content\/uploads\/2021\/02\/Logo-tododiabetes.webp\",\"contentUrl\":\"https:\/\/nueva.tododiabetes.co\/wp-content\/uploads\/2021\/02\/Logo-tododiabetes.webp\",\"width\":1024,\"height\":137,\"caption\":\"Tododiabetes \u2764\ufe0f\"},\"image\":{\"@id\":\"https:\/\/nueva.tododiabetes.co\/#\/schema\/logo\/image\/\"}}]}<\/script>\n<!-- \/ Yoast SEO plugin. -->","yoast_head_json":{"title":"Pulso Ox\u00edmetro De Dedo Para Ni\u00f1os - Tododiabetes \u2764\ufe0f","description":"Ox\u00edmetro de pulso pedi\u00e1trico para ni\u00f1os tiene un volumen peque\u00f1o, funcionamiento pr\u00e1ctico y port\u00e1til. Pedi\u00e1trico Neonatal Recargable \u260e\ufe0f 3009293084","robots":{"index":"noindex","follow":"follow","max-snippet":"max-snippet:-1","max-image-preview":"max-image-preview:large","max-video-preview":"max-video-preview:-1"},"og_locale":"en_US","og_type":"article","og_title":"Pulso Ox\u00edmetro De Dedo Para Ni\u00f1os - Tododiabetes \u2764\ufe0f","og_description":"Ox\u00edmetro de pulso pedi\u00e1trico para ni\u00f1os tiene un volumen peque\u00f1o, funcionamiento pr\u00e1ctico y port\u00e1til. Pedi\u00e1trico Neonatal Recargable \u260e\ufe0f 3009293084","og_url":"https:\/\/nueva.tododiabetes.co\/en\/product\/pulso-oximetro-de-dedo-para-ninos\/","og_site_name":"Tododiabetes \u2764\ufe0f","article_modified_time":"2026-02-27T14:56:25+00:00","og_image":[{"width":600,"height":600,"url":"https:\/\/nueva.tododiabetes.co\/wp-content\/uploads\/2026\/02\/OXIMETRO-NEONATAL-K1-2-1.jpg","type":"image\/jpeg"}],"twitter_card":"summary_large_image","twitter_misc":{"Est. reading time":"1 minute"},"schema":{"@context":"https:\/\/schema.org","@graph":[{"@type":"WebPage","@id":"https:\/\/nueva.tododiabetes.co\/product\/pulso-oximetro-de-dedo-para-ninos\/","url":"https:\/\/nueva.tododiabetes.co\/product\/pulso-oximetro-de-dedo-para-ninos\/","name":"Pulso Ox\u00edmetro De Dedo Para Ni\u00f1os - Tododiabetes \u2764\ufe0f","isPartOf":{"@id":"https:\/\/nueva.tododiabetes.co\/#website"},"primaryImageOfPage":{"@id":"https:\/\/nueva.tododiabetes.co\/product\/pulso-oximetro-de-dedo-para-ninos\/#primaryimage"},"image":{"@id":"https:\/\/nueva.tododiabetes.co\/product\/pulso-oximetro-de-dedo-para-ninos\/#primaryimage"},"thumbnailUrl":"https:\/\/nueva.tododiabetes.co\/wp-content\/uploads\/2026\/02\/OXIMETRO-NEONATAL-K1-2-1.jpg","datePublished":"2026-02-27T14:54:40+00:00","dateModified":"2026-02-27T14:56:25+00:00","description":"Ox\u00edmetro de pulso pedi\u00e1trico para ni\u00f1os tiene un volumen peque\u00f1o, funcionamiento pr\u00e1ctico y port\u00e1til. Pedi\u00e1trico Neonatal Recargable \u260e\ufe0f 3009293084","breadcrumb":{"@id":"https:\/\/nueva.tododiabetes.co\/product\/pulso-oximetro-de-dedo-para-ninos\/#breadcrumb"},"inLanguage":"en-US","potentialAction":[{"@type":"ReadAction","target":["https:\/\/nueva.tododiabetes.co\/product\/pulso-oximetro-de-dedo-para-ninos\/"]}]},{"@type":"ImageObject","inLanguage":"en-US","@id":"https:\/\/nueva.tododiabetes.co\/product\/pulso-oximetro-de-dedo-para-ninos\/#primaryimage","url":"https:\/\/nueva.tododiabetes.co\/wp-content\/uploads\/2026\/02\/OXIMETRO-NEONATAL-K1-2-1.jpg","contentUrl":"https:\/\/nueva.tododiabetes.co\/wp-content\/uploads\/2026\/02\/OXIMETRO-NEONATAL-K1-2-1.jpg","width":600,"height":600},{"@type":"BreadcrumbList","@id":"https:\/\/nueva.tododiabetes.co\/product\/pulso-oximetro-de-dedo-para-ninos\/#breadcrumb","itemListElement":[{"@type":"ListItem","position":1,"name":"Home","item":"https:\/\/nueva.tododiabetes.co\/"},{"@type":"ListItem","position":2,"name":"Tienda","item":"https:\/\/nueva.tododiabetes.co\/tienda\/"},{"@type":"ListItem","position":3,"name":"Pulso Ox\u00edmetro De Dedo Para Ni\u00f1os"}]},{"@type":"WebSite","@id":"https:\/\/nueva.tododiabetes.co\/#website","url":"https:\/\/nueva.tododiabetes.co\/","name":"Tododiabetes \u2764\ufe0f","description":"Tienda de productos para Diabetes e Hipertensi\u00f3n \u260e\ufe0f 6019195560","publisher":{"@id":"https:\/\/nueva.tododiabetes.co\/#organization"},"potentialAction":[{"@type":"SearchAction","target":{"@type":"EntryPoint","urlTemplate":"https:\/\/nueva.tododiabetes.co\/?s={search_term_string}"},"query-input":{"@type":"PropertyValueSpecification","valueRequired":true,"valueName":"search_term_string"}}],"inLanguage":"en-US"},{"@type":"Organization","@id":"https:\/\/nueva.tododiabetes.co\/#organization","name":"Tododiabetes \u2764\ufe0f","url":"https:\/\/nueva.tododiabetes.co\/","logo":{"@type":"ImageObject","inLanguage":"en-US","@id":"https:\/\/nueva.tododiabetes.co\/#\/schema\/logo\/image\/","url":"https:\/\/nueva.tododiabetes.co\/wp-content\/uploads\/2021\/02\/Logo-tododiabetes.webp","contentUrl":"https:\/\/nueva.tododiabetes.co\/wp-content\/uploads\/2021\/02\/Logo-tododiabetes.webp","width":1024,"height":137,"caption":"Tododiabetes \u2764\ufe0f"},"image":{"@id":"https:\/\/nueva.tododiabetes.co\/#\/schema\/logo\/image\/"}}]}},"_links":{"self":[{"href":"https:\/\/nueva.tododiabetes.co\/en\/wp-json\/wp\/v2\/product\/5803","targetHints":{"allow":["GET"]}}],"collection":[{"href":"https:\/\/nueva.tododiabetes.co\/en\/wp-json\/wp\/v2\/product"}],"about":[{"href":"https:\/\/nueva.tododiabetes.co\/en\/wp-json\/wp\/v2\/types\/product"}],"replies":[{"embeddable":true,"href":"https:\/\/nueva.tododiabetes.co\/en\/wp-json\/wp\/v2\/comments?post=5803"}],"version-history":[{"count":1,"href":"https:\/\/nueva.tododiabetes.co\/en\/wp-json\/wp\/v2\/product\/5803\/revisions"}],"predecessor-version":[{"id":5956,"href":"https:\/\/nueva.tododiabetes.co\/en\/wp-json\/wp\/v2\/product\/5803\/revisions\/5956"}],"wp:featuredmedia":[{"embeddable":true,"href":"https:\/\/nueva.tododiabetes.co\/en\/wp-json\/wp\/v2\/media\/5955"}],"wp:attachment":[{"href":"https:\/\/nueva.tododiabetes.co\/en\/wp-json\/wp\/v2\/media?parent=5803"}],"wp:term":[{"taxonomy":"product_brand","embeddable":true,"href":"https:\/\/nueva.tododiabetes.co\/en\/wp-json\/wp\/v2\/product_brand?post=5803"},{"taxonomy":"product_cat","embeddable":true,"href":"https:\/\/nueva.tododiabetes.co\/en\/wp-json\/wp\/v2\/product_cat?post=5803"},{"taxonomy":"product_tag","embeddable":true,"href":"https:\/\/nueva.tododiabetes.co\/en\/wp-json\/wp\/v2\/product_tag?post=5803"}],"curies":[{"name":"wp","href":"https:\/\/api.w.org\/{rel}","templated":true}]}}