{"id":5799,"date":"2026-02-27T14:54:40","date_gmt":"2026-02-27T14:54:40","guid":{"rendered":"https:\/\/nueva.tododiabetes.co\/?post_type=product&#038;p=5799"},"modified":"2026-02-27T14:57:01","modified_gmt":"2026-02-27T14:57:01","slug":"tensiometro-homelife-digital-brazo-slim","status":"publish","type":"product","link":"https:\/\/nueva.tododiabetes.co\/en\/product\/tensiometro-homelife-digital-brazo-slim\/","title":{"rendered":"Tensiometro Homelife Digital Brazo Slim"},"content":{"rendered":"<table class=\"woocommerce-product-attributes shop_attributes\">\n<tbody>\n<tr class=\"woocommerce-product-attributes-item woocommerce-product-attributes-item--attribute_modelo\">\n<th class=\"woocommerce-product-attributes-item__label\">Modelo<\/th>\n<td class=\"woocommerce-product-attributes-item__value\">FDBP-A4<\/td>\n<\/tr>\n<tr class=\"woocommerce-product-attributes-item woocommerce-product-attributes-item--attribute_uso\">\n<th class=\"woocommerce-product-attributes-item__label\">Uso<\/th>\n<td class=\"woocommerce-product-attributes-item__value\">Adultos<\/td>\n<\/tr>\n<tr class=\"woocommerce-product-attributes-item woocommerce-product-attributes-item--attribute_medici%c3%b3n\">\n<th class=\"woocommerce-product-attributes-item__label\">Medici\u00f3n<\/th>\n<td class=\"woocommerce-product-attributes-item__value\">Sist\u00f3lica, Diast\u00f3lica y frecuencia cardiaca<\/td>\n<\/tr>\n<tr class=\"woocommerce-product-attributes-item woocommerce-product-attributes-item--attribute_m%c3%a9todo-de-medici%c3%b3n\">\n<th class=\"woocommerce-product-attributes-item__label\">M\u00e9todo de medici\u00f3n<\/th>\n<td class=\"woocommerce-product-attributes-item__value\">M\u00e9todo oscilom\u00e9trico<\/td>\n<\/tr>\n<tr class=\"woocommerce-product-attributes-item woocommerce-product-attributes-item--attribute_rangos-de-medici%c3%b3n\">\n<th class=\"woocommerce-product-attributes-item__label\">Rangos de medici\u00f3n<\/th>\n<td class=\"woocommerce-product-attributes-item__value\">Presi\u00f3n: 0mmHg~280mmHg (0kpa-37.3kpa) \/ Pulso: 40~180 Pulsaciones\/min<\/td>\n<\/tr>\n<tr class=\"woocommerce-product-attributes-item woocommerce-product-attributes-item--attribute_pantalla\">\n<th class=\"woocommerce-product-attributes-item__label\">Pantalla<\/th>\n<td class=\"woocommerce-product-attributes-item__value\">Pantalla digital LED<\/td>\n<\/tr>\n<tr class=\"woocommerce-product-attributes-item woocommerce-product-attributes-item--attribute_precisi%c3%b3n-de-medici%c3%b3n\">\n<th class=\"woocommerce-product-attributes-item__label\">Precisi\u00f3n de medici\u00f3n<\/th>\n<td class=\"woocommerce-product-attributes-item__value\">Presi\u00f3n: \u00b13 mmHg \/ Pulso: \u00b15%<\/td>\n<\/tr>\n<tr class=\"woocommerce-product-attributes-item woocommerce-product-attributes-item--attribute_presurizaci%c3%b3n\">\n<th class=\"woocommerce-product-attributes-item__label\">Presurizaci\u00f3n<\/th>\n<td class=\"woocommerce-product-attributes-item__value\">Autom\u00e1tica<\/td>\n<\/tr>\n<tr class=\"woocommerce-product-attributes-item woocommerce-product-attributes-item--attribute_memoria\">\n<th class=\"woocommerce-product-attributes-item__label\">Memoria<\/th>\n<td class=\"woocommerce-product-attributes-item__value\">120 Memorias para 2 usuarios (60 cada uno)<\/td>\n<\/tr>\n<tr class=\"woocommerce-product-attributes-item woocommerce-product-attributes-item--attribute_funci%c3%b3n\">\n<th class=\"woocommerce-product-attributes-item__label\">Funci\u00f3n<\/th>\n<td class=\"woocommerce-product-attributes-item__value\">Voz en las lecturas, promedio de los \u00faltimos 3 resultados, detecci\u00f3n de baja bater\u00eda, detecci\u00f3n de brazalete mal conectado, hora.<\/td>\n<\/tr>\n<tr class=\"woocommerce-product-attributes-item woocommerce-product-attributes-item--attribute_apagado\">\n<th class=\"woocommerce-product-attributes-item__label\">Apagado<\/th>\n<td class=\"woocommerce-product-attributes-item__value\">Manual o autom\u00e1tico despues de 3 minutos de inactividad<\/td>\n<\/tr>\n<tr class=\"woocommerce-product-attributes-item woocommerce-product-attributes-item--attribute_fuente-de-poder\">\n<th class=\"woocommerce-product-attributes-item__label\">Fuente de poder<\/th>\n<td class=\"woocommerce-product-attributes-item__value\">Bater\u00eda de litio 3.7 V, 1800 mA recargable<\/td>\n<\/tr>\n<tr class=\"woocommerce-product-attributes-item woocommerce-product-attributes-item--attribute_peso\">\n<th class=\"woocommerce-product-attributes-item__label\">Peso<\/th>\n<td class=\"woocommerce-product-attributes-item__value\">Aprox 382g<\/td>\n<\/tr>\n<tr class=\"woocommerce-product-attributes-item woocommerce-product-attributes-item--attribute_dimensi%c3%b3n\">\n<th class=\"woocommerce-product-attributes-item__label\">Dimensi\u00f3n<\/th>\n<td class=\"woocommerce-product-attributes-item__value\">120mm x 120mm x 40mm<\/td>\n<\/tr>\n<tr class=\"woocommerce-product-attributes-item woocommerce-product-attributes-item--attribute_circunferencia-de-brazalete\">\n<th class=\"woocommerce-product-attributes-item__label\">Circunferencia de brazalete<\/th>\n<td class=\"woocommerce-product-attributes-item__value\">Aprox 22cm ~ 32cm<\/td>\n<\/tr>\n<tr class=\"woocommerce-product-attributes-item woocommerce-product-attributes-item--attribute_compatibilidad-electromagn%c3%a9tica\">\n<th class=\"woocommerce-product-attributes-item__label\">Compatibilidad Electromagn\u00e9tica<\/th>\n<td class=\"woocommerce-product-attributes-item__value\">Tipo BF<\/td>\n<\/tr>\n<tr class=\"woocommerce-product-attributes-item woocommerce-product-attributes-item--attribute_clasificaci%c3%b3n-ip\">\n<th class=\"woocommerce-product-attributes-item__label\">Clasificaci\u00f3n IP<\/th>\n<td class=\"woocommerce-product-attributes-item__value\">IP21<\/td>\n<\/tr>\n<tr class=\"woocommerce-product-attributes-item woocommerce-product-attributes-item--attribute_garant%c3%ada\">\n<th class=\"woocommerce-product-attributes-item__label\">Garant\u00eda<\/th>\n<td class=\"woocommerce-product-attributes-item__value\">2 a\u00f1os<\/td>\n<\/tr>\n<tr class=\"woocommerce-product-attributes-item woocommerce-product-attributes-item--attribute_registro-invima\">\n<th class=\"woocommerce-product-attributes-item__label\">Registro INVIMA<\/th>\n<td class=\"woocommerce-product-attributes-item__value\">vigente 2018 DM-0018652<\/td>\n<\/tr>\n<tr class=\"woocommerce-product-attributes-item woocommerce-product-attributes-item--attribute_contenido\">\n<th class=\"woocommerce-product-attributes-item__label\">Contenido<\/th>\n<td class=\"woocommerce-product-attributes-item__value\">Caja de empaque, tensi\u00f3metro, brazalete, adaptador, cable USB, manual.<\/td>\n<\/tr>\n<\/tbody>\n<\/table>","protected":false},"excerpt":{"rendered":"<p>&nbsp;<\/p>\n<p>Monitor de presi\u00f3n sangu\u00ednea autom\u00e1tico para uso de personas mayores de 12 a\u00f1os, este instrumento m\u00e9dico realiza la medici\u00f3n de la presi\u00f3n arterial sist\u00f3lica, diast\u00f3lica y la frecuencia de pulso card\u00edaco. Detecci\u00f3n de arritmias card\u00edacas e indicador de clasificaci\u00f3n de la Organizaci\u00f3n Mundial de la salud (OMS).<\/p>\n<p><b>Caracter\u00edsticas<\/b><strong>:<\/strong><\/p>\n<ul>\n<li>Medici\u00f3n de presi\u00f3n sist\u00f3lica, Diast\u00f3lica y pulso.<\/li>\n<li>Indicador de arritmia cardiaca.<\/li>\n<li>Rango de medici\u00f3n: 0mmHg\/280 mmHG.<\/li>\n<li>Rango de precisi\u00f3n: +\/- 3 mmHG.<\/li>\n<li>Funci\u00f3n de voz en espa\u00f1ol.<\/li>\n<li>Almacena 120 memorias \/ 2 Usuarios (60 c\/u).<\/li>\n<li>Indicador de bater\u00eda baja.<\/li>\n<li>Promedio de los \u00faltimos tres resultados.<\/li>\n<li>Tiempo de medici\u00f3n: 10 Segundos.<\/li>\n<li>Pantalla de gran formato LED.<\/li>\n<li>Apagado autom\u00e1tico.<\/li>\n<li>Garant\u00eda: 2 a\u00f1os<\/li>\n<li>Brazalete: 22cm-32cm.<\/li>\n<li>Sitio de medici\u00f3n: Brazo.<\/li>\n<li>Fuente de poder: Cable USB o 4 Bater\u00edas AAA<\/li>\n<li>Peso: 350g (Con bater\u00edas).<\/li>\n<li>Dise\u00f1o ultra delgado.<\/li>\n<\/ul>\n<p>&nbsp;<\/p>\n<p>INVIMA 2017 DM-0016556.<\/p>","protected":false},"featured_media":6007,"comment_status":"closed","ping_status":"closed","template":"","meta":[],"product_brand":[101],"product_cat":[80,93],"product_tag":[],"class_list":{"0":"post-5799","1":"product","2":"type-product","3":"status-publish","4":"has-post-thumbnail","6":"product_brand-homelife","7":"product_cat-ofertas","8":"product_cat-tensiometros-oximetros-dispositivos-medicos","10":"first","11":"outofstock","12":"featured","13":"taxable","14":"shipping-taxable","15":"purchasable","16":"product-type-simple"},"yoast_head":"<!-- This site is optimized with the Yoast SEO plugin v27.2 - https:\/\/yoast.com\/product\/yoast-seo-wordpress\/ -->\n<title>Tensiometro Homelife Digital Brazo Slim - Tododiabetes \u2764\ufe0f<\/title>\n<meta name=\"description\" content=\"Tensi\u00f3metro digital de brazo, indicador de arritmias, indicador OMS, 120 memorias 2 usuarios, pantalla led, funci\u00f3n de voz \u260e\ufe0f 3009293084\" \/>\n<meta name=\"robots\" content=\"noindex, follow, max-snippet:-1, max-image-preview:large, max-video-preview:-1\" \/>\n<meta property=\"og:locale\" content=\"en_US\" \/>\n<meta property=\"og:type\" content=\"article\" \/>\n<meta property=\"og:title\" content=\"Tensiometro Homelife Digital Brazo Slim - Tododiabetes \u2764\ufe0f\" \/>\n<meta property=\"og:description\" content=\"Tensi\u00f3metro digital de brazo, indicador de arritmias, indicador OMS, 120 memorias 2 usuarios, pantalla led, funci\u00f3n de voz \u260e\ufe0f 3009293084\" \/>\n<meta property=\"og:url\" content=\"https:\/\/nueva.tododiabetes.co\/en\/product\/tensiometro-homelife-digital-brazo-slim\/\" \/>\n<meta property=\"og:site_name\" content=\"Tododiabetes \u2764\ufe0f\" \/>\n<meta property=\"article:modified_time\" content=\"2026-02-27T14:57:01+00:00\" \/>\n<meta property=\"og:image\" content=\"https:\/\/nueva.tododiabetes.co\/wp-content\/uploads\/2026\/02\/Tensiometro-Homelife-Digital-Brazo-Slim-1.webp\" \/>\n\t<meta property=\"og:image:width\" content=\"800\" \/>\n\t<meta property=\"og:image:height\" content=\"800\" \/>\n\t<meta property=\"og:image:type\" content=\"image\/webp\" \/>\n<meta name=\"twitter:card\" content=\"summary_large_image\" \/>\n<meta name=\"twitter:label1\" content=\"Est. reading time\" \/>\n\t<meta name=\"twitter:data1\" content=\"1 minute\" \/>\n<script type=\"application\/ld+json\" class=\"yoast-schema-graph\">{\"@context\":\"https:\/\/schema.org\",\"@graph\":[{\"@type\":\"WebPage\",\"@id\":\"https:\/\/nueva.tododiabetes.co\/product\/tensiometro-homelife-digital-brazo-slim\/\",\"url\":\"https:\/\/nueva.tododiabetes.co\/product\/tensiometro-homelife-digital-brazo-slim\/\",\"name\":\"Tensiometro Homelife Digital Brazo Slim - Tododiabetes \u2764\ufe0f\",\"isPartOf\":{\"@id\":\"https:\/\/nueva.tododiabetes.co\/#website\"},\"primaryImageOfPage\":{\"@id\":\"https:\/\/nueva.tododiabetes.co\/product\/tensiometro-homelife-digital-brazo-slim\/#primaryimage\"},\"image\":{\"@id\":\"https:\/\/nueva.tododiabetes.co\/product\/tensiometro-homelife-digital-brazo-slim\/#primaryimage\"},\"thumbnailUrl\":\"https:\/\/nueva.tododiabetes.co\/wp-content\/uploads\/2026\/02\/Tensiometro-Homelife-Digital-Brazo-Slim-1.webp\",\"datePublished\":\"2026-02-27T14:54:40+00:00\",\"dateModified\":\"2026-02-27T14:57:01+00:00\",\"description\":\"Tensi\u00f3metro digital de brazo, indicador de arritmias, indicador OMS, 120 memorias 2 usuarios, pantalla led, funci\u00f3n de voz \u260e\ufe0f 3009293084\",\"breadcrumb\":{\"@id\":\"https:\/\/nueva.tododiabetes.co\/product\/tensiometro-homelife-digital-brazo-slim\/#breadcrumb\"},\"inLanguage\":\"en-US\",\"potentialAction\":[{\"@type\":\"ReadAction\",\"target\":[\"https:\/\/nueva.tododiabetes.co\/product\/tensiometro-homelife-digital-brazo-slim\/\"]}]},{\"@type\":\"ImageObject\",\"inLanguage\":\"en-US\",\"@id\":\"https:\/\/nueva.tododiabetes.co\/product\/tensiometro-homelife-digital-brazo-slim\/#primaryimage\",\"url\":\"https:\/\/nueva.tododiabetes.co\/wp-content\/uploads\/2026\/02\/Tensiometro-Homelife-Digital-Brazo-Slim-1.webp\",\"contentUrl\":\"https:\/\/nueva.tododiabetes.co\/wp-content\/uploads\/2026\/02\/Tensiometro-Homelife-Digital-Brazo-Slim-1.webp\",\"width\":800,\"height\":800},{\"@type\":\"BreadcrumbList\",\"@id\":\"https:\/\/nueva.tododiabetes.co\/product\/tensiometro-homelife-digital-brazo-slim\/#breadcrumb\",\"itemListElement\":[{\"@type\":\"ListItem\",\"position\":1,\"name\":\"Home\",\"item\":\"https:\/\/nueva.tododiabetes.co\/\"},{\"@type\":\"ListItem\",\"position\":2,\"name\":\"Tienda\",\"item\":\"https:\/\/nueva.tododiabetes.co\/tienda\/\"},{\"@type\":\"ListItem\",\"position\":3,\"name\":\"Tensiometro Homelife Digital Brazo Slim\"}]},{\"@type\":\"WebSite\",\"@id\":\"https:\/\/nueva.tododiabetes.co\/#website\",\"url\":\"https:\/\/nueva.tododiabetes.co\/\",\"name\":\"Tododiabetes \u2764\ufe0f\",\"description\":\"Tienda de productos para Diabetes e Hipertensi\u00f3n \u260e\ufe0f 6019195560\",\"publisher\":{\"@id\":\"https:\/\/nueva.tododiabetes.co\/#organization\"},\"potentialAction\":[{\"@type\":\"SearchAction\",\"target\":{\"@type\":\"EntryPoint\",\"urlTemplate\":\"https:\/\/nueva.tododiabetes.co\/?s={search_term_string}\"},\"query-input\":{\"@type\":\"PropertyValueSpecification\",\"valueRequired\":true,\"valueName\":\"search_term_string\"}}],\"inLanguage\":\"en-US\"},{\"@type\":\"Organization\",\"@id\":\"https:\/\/nueva.tododiabetes.co\/#organization\",\"name\":\"Tododiabetes \u2764\ufe0f\",\"url\":\"https:\/\/nueva.tododiabetes.co\/\",\"logo\":{\"@type\":\"ImageObject\",\"inLanguage\":\"en-US\",\"@id\":\"https:\/\/nueva.tododiabetes.co\/#\/schema\/logo\/image\/\",\"url\":\"https:\/\/nueva.tododiabetes.co\/wp-content\/uploads\/2021\/02\/Logo-tododiabetes.webp\",\"contentUrl\":\"https:\/\/nueva.tododiabetes.co\/wp-content\/uploads\/2021\/02\/Logo-tododiabetes.webp\",\"width\":1024,\"height\":137,\"caption\":\"Tododiabetes \u2764\ufe0f\"},\"image\":{\"@id\":\"https:\/\/nueva.tododiabetes.co\/#\/schema\/logo\/image\/\"}}]}<\/script>\n<!-- \/ Yoast SEO plugin. -->","yoast_head_json":{"title":"Tensiometro Homelife Digital Brazo Slim - Tododiabetes \u2764\ufe0f","description":"Tensi\u00f3metro digital de brazo, indicador de arritmias, indicador OMS, 120 memorias 2 usuarios, pantalla led, funci\u00f3n de voz \u260e\ufe0f 3009293084","robots":{"index":"noindex","follow":"follow","max-snippet":"max-snippet:-1","max-image-preview":"max-image-preview:large","max-video-preview":"max-video-preview:-1"},"og_locale":"en_US","og_type":"article","og_title":"Tensiometro Homelife Digital Brazo Slim - Tododiabetes \u2764\ufe0f","og_description":"Tensi\u00f3metro digital de brazo, indicador de arritmias, indicador OMS, 120 memorias 2 usuarios, pantalla led, funci\u00f3n de voz \u260e\ufe0f 3009293084","og_url":"https:\/\/nueva.tododiabetes.co\/en\/product\/tensiometro-homelife-digital-brazo-slim\/","og_site_name":"Tododiabetes \u2764\ufe0f","article_modified_time":"2026-02-27T14:57:01+00:00","og_image":[{"width":800,"height":800,"url":"https:\/\/nueva.tododiabetes.co\/wp-content\/uploads\/2026\/02\/Tensiometro-Homelife-Digital-Brazo-Slim-1.webp","type":"image\/webp"}],"twitter_card":"summary_large_image","twitter_misc":{"Est. reading time":"1 minute"},"schema":{"@context":"https:\/\/schema.org","@graph":[{"@type":"WebPage","@id":"https:\/\/nueva.tododiabetes.co\/product\/tensiometro-homelife-digital-brazo-slim\/","url":"https:\/\/nueva.tododiabetes.co\/product\/tensiometro-homelife-digital-brazo-slim\/","name":"Tensiometro Homelife Digital Brazo Slim - Tododiabetes \u2764\ufe0f","isPartOf":{"@id":"https:\/\/nueva.tododiabetes.co\/#website"},"primaryImageOfPage":{"@id":"https:\/\/nueva.tododiabetes.co\/product\/tensiometro-homelife-digital-brazo-slim\/#primaryimage"},"image":{"@id":"https:\/\/nueva.tododiabetes.co\/product\/tensiometro-homelife-digital-brazo-slim\/#primaryimage"},"thumbnailUrl":"https:\/\/nueva.tododiabetes.co\/wp-content\/uploads\/2026\/02\/Tensiometro-Homelife-Digital-Brazo-Slim-1.webp","datePublished":"2026-02-27T14:54:40+00:00","dateModified":"2026-02-27T14:57:01+00:00","description":"Tensi\u00f3metro digital de brazo, indicador de arritmias, indicador OMS, 120 memorias 2 usuarios, pantalla led, funci\u00f3n de voz \u260e\ufe0f 3009293084","breadcrumb":{"@id":"https:\/\/nueva.tododiabetes.co\/product\/tensiometro-homelife-digital-brazo-slim\/#breadcrumb"},"inLanguage":"en-US","potentialAction":[{"@type":"ReadAction","target":["https:\/\/nueva.tododiabetes.co\/product\/tensiometro-homelife-digital-brazo-slim\/"]}]},{"@type":"ImageObject","inLanguage":"en-US","@id":"https:\/\/nueva.tododiabetes.co\/product\/tensiometro-homelife-digital-brazo-slim\/#primaryimage","url":"https:\/\/nueva.tododiabetes.co\/wp-content\/uploads\/2026\/02\/Tensiometro-Homelife-Digital-Brazo-Slim-1.webp","contentUrl":"https:\/\/nueva.tododiabetes.co\/wp-content\/uploads\/2026\/02\/Tensiometro-Homelife-Digital-Brazo-Slim-1.webp","width":800,"height":800},{"@type":"BreadcrumbList","@id":"https:\/\/nueva.tododiabetes.co\/product\/tensiometro-homelife-digital-brazo-slim\/#breadcrumb","itemListElement":[{"@type":"ListItem","position":1,"name":"Home","item":"https:\/\/nueva.tododiabetes.co\/"},{"@type":"ListItem","position":2,"name":"Tienda","item":"https:\/\/nueva.tododiabetes.co\/tienda\/"},{"@type":"ListItem","position":3,"name":"Tensiometro Homelife Digital Brazo Slim"}]},{"@type":"WebSite","@id":"https:\/\/nueva.tododiabetes.co\/#website","url":"https:\/\/nueva.tododiabetes.co\/","name":"Tododiabetes \u2764\ufe0f","description":"Tienda de productos para Diabetes e Hipertensi\u00f3n \u260e\ufe0f 6019195560","publisher":{"@id":"https:\/\/nueva.tododiabetes.co\/#organization"},"potentialAction":[{"@type":"SearchAction","target":{"@type":"EntryPoint","urlTemplate":"https:\/\/nueva.tododiabetes.co\/?s={search_term_string}"},"query-input":{"@type":"PropertyValueSpecification","valueRequired":true,"valueName":"search_term_string"}}],"inLanguage":"en-US"},{"@type":"Organization","@id":"https:\/\/nueva.tododiabetes.co\/#organization","name":"Tododiabetes \u2764\ufe0f","url":"https:\/\/nueva.tododiabetes.co\/","logo":{"@type":"ImageObject","inLanguage":"en-US","@id":"https:\/\/nueva.tododiabetes.co\/#\/schema\/logo\/image\/","url":"https:\/\/nueva.tododiabetes.co\/wp-content\/uploads\/2021\/02\/Logo-tododiabetes.webp","contentUrl":"https:\/\/nueva.tododiabetes.co\/wp-content\/uploads\/2021\/02\/Logo-tododiabetes.webp","width":1024,"height":137,"caption":"Tododiabetes \u2764\ufe0f"},"image":{"@id":"https:\/\/nueva.tododiabetes.co\/#\/schema\/logo\/image\/"}}]}},"_links":{"self":[{"href":"https:\/\/nueva.tododiabetes.co\/en\/wp-json\/wp\/v2\/product\/5799","targetHints":{"allow":["GET"]}}],"collection":[{"href":"https:\/\/nueva.tododiabetes.co\/en\/wp-json\/wp\/v2\/product"}],"about":[{"href":"https:\/\/nueva.tododiabetes.co\/en\/wp-json\/wp\/v2\/types\/product"}],"replies":[{"embeddable":true,"href":"https:\/\/nueva.tododiabetes.co\/en\/wp-json\/wp\/v2\/comments?post=5799"}],"version-history":[{"count":1,"href":"https:\/\/nueva.tododiabetes.co\/en\/wp-json\/wp\/v2\/product\/5799\/revisions"}],"predecessor-version":[{"id":6008,"href":"https:\/\/nueva.tododiabetes.co\/en\/wp-json\/wp\/v2\/product\/5799\/revisions\/6008"}],"wp:featuredmedia":[{"embeddable":true,"href":"https:\/\/nueva.tododiabetes.co\/en\/wp-json\/wp\/v2\/media\/6007"}],"wp:attachment":[{"href":"https:\/\/nueva.tododiabetes.co\/en\/wp-json\/wp\/v2\/media?parent=5799"}],"wp:term":[{"taxonomy":"product_brand","embeddable":true,"href":"https:\/\/nueva.tododiabetes.co\/en\/wp-json\/wp\/v2\/product_brand?post=5799"},{"taxonomy":"product_cat","embeddable":true,"href":"https:\/\/nueva.tododiabetes.co\/en\/wp-json\/wp\/v2\/product_cat?post=5799"},{"taxonomy":"product_tag","embeddable":true,"href":"https:\/\/nueva.tododiabetes.co\/en\/wp-json\/wp\/v2\/product_tag?post=5799"}],"curies":[{"name":"wp","href":"https:\/\/api.w.org\/{rel}","templated":true}]}}