{"id":5796,"date":"2026-02-27T14:54:40","date_gmt":"2026-02-27T14:54:40","guid":{"rendered":"https:\/\/nueva.tododiabetes.co\/?post_type=product&#038;p=5796"},"modified":"2026-02-27T14:56:10","modified_gmt":"2026-02-27T14:56:10","slug":"tiras-accu-chek-active-x-50","status":"publish","type":"product","link":"https:\/\/nueva.tododiabetes.co\/en\/product\/tiras-accu-chek-active-x-50\/","title":{"rendered":"TIRAS ACCU-CHEK ACTIVE X 50"},"content":{"rendered":"<ul>\n<li><strong>TIRAS REACTIVAS ACCU-CHEK ACTIVE X 50 UND<\/strong>\n<p>Las tiras reactivas Accu-Chek\u00ae Active cambian a un chip negro, en cada tubo, que reemplazar\u00e1 al chip verde, no lo deseche. Cuentan con comprobaci\u00f3n visual de niveles y estado de las tiras a trav\u00e9s de bloques de color en la etiqueta. La zona de dosificaci\u00f3n tiene una malla protectora verde.<\/p>\n<p><strong>Beneficios:<\/strong><\/p>\n<p>&#8211; Resultados confiables en 5 segundos.<\/p>\n<p>&#8211; M\u00ednimo volumen de la muestra, solo 2 \u00b5l.<\/p>\n<p>&#8211; Permite utilizaci\u00f3n de sangre capilar, venosa, arterial tratada con heparina y neonatal poniendo la muestra fuera del medidor.<\/p>\n<p><strong>Modo de uso:<\/strong><\/p>\n<p>&#8211; Inserte la tira reactiva Accu-Chek\u00ae Active en el monitor.<\/p>\n<p>&#8211; Puncione el lateral de su dedo con Accu-Chek\u00ae Softclix e incline el dedo hacia abajo.<\/p>\n<p>&#8211; Toque cuidadosamente la gota de sangre con el campo verde de la tira reactiva.<\/p>\n<p>&#8211; Lea el resultado de la prueba. la verificaci\u00f3n visual de color se realiza dentro de 30 a 60 segundos despu\u00e9s de la aplicaci\u00f3n.<\/p>\n<p><strong>Registro sanitario: 2013RD-0002502<\/strong><\/li>\n<\/ul>","protected":false},"excerpt":{"rendered":"<ul>\n<li>Envase con 50 tiras reactivas<br \/>\n<strong>\u00a0<\/strong><\/li>\n<\/ul>\n<p><strong>\u00a0 \u00a0 \u00a0 \u00a0 \u00a0 Invima: 2013RD-0002502<\/strong><\/p>","protected":false},"featured_media":5928,"comment_status":"closed","ping_status":"closed","template":"","meta":[],"product_brand":[74,73],"product_cat":[72],"product_tag":[],"class_list":{"0":"post-5796","1":"product","2":"type-product","3":"status-publish","4":"has-post-thumbnail","6":"product_brand-accu-chek","7":"product_brand-roche","8":"product_cat-glucometros-y-tiras","10":"first","11":"instock","12":"taxable","13":"shipping-taxable","14":"purchasable","15":"product-type-simple"},"yoast_head":"<!-- This site is optimized with the Yoast SEO plugin v27.2 - https:\/\/yoast.com\/product\/yoast-seo-wordpress\/ -->\n<title>TIRAS ACCU-CHEK ACTIVE X 50 - Tododiabetes \u2764\ufe0f<\/title>\n<meta name=\"description\" content=\"TIRAS REACTIVAS ACCU-CHEK ACTIVE X 50 UND\" \/>\n<meta name=\"robots\" content=\"noindex, follow, max-snippet:-1, max-image-preview:large, max-video-preview:-1\" \/>\n<meta property=\"og:locale\" content=\"en_US\" \/>\n<meta property=\"og:type\" content=\"article\" \/>\n<meta property=\"og:title\" content=\"TIRAS ACCU-CHEK ACTIVE X 50 - Tododiabetes \u2764\ufe0f\" \/>\n<meta property=\"og:description\" content=\"TIRAS REACTIVAS ACCU-CHEK ACTIVE X 50 UND\" \/>\n<meta property=\"og:url\" content=\"https:\/\/nueva.tododiabetes.co\/en\/product\/tiras-accu-chek-active-x-50\/\" \/>\n<meta property=\"og:site_name\" content=\"Tododiabetes \u2764\ufe0f\" \/>\n<meta property=\"article:modified_time\" content=\"2026-02-27T14:56:10+00:00\" \/>\n<meta property=\"og:image\" content=\"https:\/\/nueva.tododiabetes.co\/wp-content\/uploads\/2026\/02\/Sin-titulo-1-1.png\" \/>\n\t<meta property=\"og:image:width\" content=\"600\" \/>\n\t<meta property=\"og:image:height\" content=\"600\" \/>\n\t<meta property=\"og:image:type\" content=\"image\/png\" \/>\n<meta name=\"twitter:card\" content=\"summary_large_image\" \/>\n<meta name=\"twitter:label1\" content=\"Est. reading time\" \/>\n\t<meta name=\"twitter:data1\" content=\"1 minute\" \/>\n<script type=\"application\/ld+json\" class=\"yoast-schema-graph\">{\"@context\":\"https:\/\/schema.org\",\"@graph\":[{\"@type\":\"WebPage\",\"@id\":\"https:\/\/nueva.tododiabetes.co\/product\/tiras-accu-chek-active-x-50\/\",\"url\":\"https:\/\/nueva.tododiabetes.co\/product\/tiras-accu-chek-active-x-50\/\",\"name\":\"TIRAS ACCU-CHEK ACTIVE X 50 - Tododiabetes \u2764\ufe0f\",\"isPartOf\":{\"@id\":\"https:\/\/nueva.tododiabetes.co\/#website\"},\"primaryImageOfPage\":{\"@id\":\"https:\/\/nueva.tododiabetes.co\/product\/tiras-accu-chek-active-x-50\/#primaryimage\"},\"image\":{\"@id\":\"https:\/\/nueva.tododiabetes.co\/product\/tiras-accu-chek-active-x-50\/#primaryimage\"},\"thumbnailUrl\":\"https:\/\/nueva.tododiabetes.co\/wp-content\/uploads\/2026\/02\/Sin-titulo-1-1.png\",\"datePublished\":\"2026-02-27T14:54:40+00:00\",\"dateModified\":\"2026-02-27T14:56:10+00:00\",\"description\":\"TIRAS REACTIVAS ACCU-CHEK ACTIVE X 50 UND\",\"breadcrumb\":{\"@id\":\"https:\/\/nueva.tododiabetes.co\/product\/tiras-accu-chek-active-x-50\/#breadcrumb\"},\"inLanguage\":\"en-US\",\"potentialAction\":[{\"@type\":\"ReadAction\",\"target\":[\"https:\/\/nueva.tododiabetes.co\/product\/tiras-accu-chek-active-x-50\/\"]}]},{\"@type\":\"ImageObject\",\"inLanguage\":\"en-US\",\"@id\":\"https:\/\/nueva.tododiabetes.co\/product\/tiras-accu-chek-active-x-50\/#primaryimage\",\"url\":\"https:\/\/nueva.tododiabetes.co\/wp-content\/uploads\/2026\/02\/Sin-titulo-1-1.png\",\"contentUrl\":\"https:\/\/nueva.tododiabetes.co\/wp-content\/uploads\/2026\/02\/Sin-titulo-1-1.png\",\"width\":600,\"height\":600},{\"@type\":\"BreadcrumbList\",\"@id\":\"https:\/\/nueva.tododiabetes.co\/product\/tiras-accu-chek-active-x-50\/#breadcrumb\",\"itemListElement\":[{\"@type\":\"ListItem\",\"position\":1,\"name\":\"Home\",\"item\":\"https:\/\/nueva.tododiabetes.co\/\"},{\"@type\":\"ListItem\",\"position\":2,\"name\":\"Tienda\",\"item\":\"https:\/\/nueva.tododiabetes.co\/tienda\/\"},{\"@type\":\"ListItem\",\"position\":3,\"name\":\"TIRAS ACCU-CHEK ACTIVE X 50\"}]},{\"@type\":\"WebSite\",\"@id\":\"https:\/\/nueva.tododiabetes.co\/#website\",\"url\":\"https:\/\/nueva.tododiabetes.co\/\",\"name\":\"Tododiabetes \u2764\ufe0f\",\"description\":\"Tienda de productos para Diabetes e Hipertensi\u00f3n \u260e\ufe0f 6019195560\",\"publisher\":{\"@id\":\"https:\/\/nueva.tododiabetes.co\/#organization\"},\"potentialAction\":[{\"@type\":\"SearchAction\",\"target\":{\"@type\":\"EntryPoint\",\"urlTemplate\":\"https:\/\/nueva.tododiabetes.co\/?s={search_term_string}\"},\"query-input\":{\"@type\":\"PropertyValueSpecification\",\"valueRequired\":true,\"valueName\":\"search_term_string\"}}],\"inLanguage\":\"en-US\"},{\"@type\":\"Organization\",\"@id\":\"https:\/\/nueva.tododiabetes.co\/#organization\",\"name\":\"Tododiabetes \u2764\ufe0f\",\"url\":\"https:\/\/nueva.tododiabetes.co\/\",\"logo\":{\"@type\":\"ImageObject\",\"inLanguage\":\"en-US\",\"@id\":\"https:\/\/nueva.tododiabetes.co\/#\/schema\/logo\/image\/\",\"url\":\"https:\/\/nueva.tododiabetes.co\/wp-content\/uploads\/2021\/02\/Logo-tododiabetes.webp\",\"contentUrl\":\"https:\/\/nueva.tododiabetes.co\/wp-content\/uploads\/2021\/02\/Logo-tododiabetes.webp\",\"width\":1024,\"height\":137,\"caption\":\"Tododiabetes \u2764\ufe0f\"},\"image\":{\"@id\":\"https:\/\/nueva.tododiabetes.co\/#\/schema\/logo\/image\/\"}}]}<\/script>\n<!-- \/ Yoast SEO plugin. -->","yoast_head_json":{"title":"TIRAS ACCU-CHEK ACTIVE X 50 - Tododiabetes \u2764\ufe0f","description":"TIRAS REACTIVAS ACCU-CHEK ACTIVE X 50 UND","robots":{"index":"noindex","follow":"follow","max-snippet":"max-snippet:-1","max-image-preview":"max-image-preview:large","max-video-preview":"max-video-preview:-1"},"og_locale":"en_US","og_type":"article","og_title":"TIRAS ACCU-CHEK ACTIVE X 50 - Tododiabetes \u2764\ufe0f","og_description":"TIRAS REACTIVAS ACCU-CHEK ACTIVE X 50 UND","og_url":"https:\/\/nueva.tododiabetes.co\/en\/product\/tiras-accu-chek-active-x-50\/","og_site_name":"Tododiabetes \u2764\ufe0f","article_modified_time":"2026-02-27T14:56:10+00:00","og_image":[{"width":600,"height":600,"url":"https:\/\/nueva.tododiabetes.co\/wp-content\/uploads\/2026\/02\/Sin-titulo-1-1.png","type":"image\/png"}],"twitter_card":"summary_large_image","twitter_misc":{"Est. reading time":"1 minute"},"schema":{"@context":"https:\/\/schema.org","@graph":[{"@type":"WebPage","@id":"https:\/\/nueva.tododiabetes.co\/product\/tiras-accu-chek-active-x-50\/","url":"https:\/\/nueva.tododiabetes.co\/product\/tiras-accu-chek-active-x-50\/","name":"TIRAS ACCU-CHEK ACTIVE X 50 - Tododiabetes \u2764\ufe0f","isPartOf":{"@id":"https:\/\/nueva.tododiabetes.co\/#website"},"primaryImageOfPage":{"@id":"https:\/\/nueva.tododiabetes.co\/product\/tiras-accu-chek-active-x-50\/#primaryimage"},"image":{"@id":"https:\/\/nueva.tododiabetes.co\/product\/tiras-accu-chek-active-x-50\/#primaryimage"},"thumbnailUrl":"https:\/\/nueva.tododiabetes.co\/wp-content\/uploads\/2026\/02\/Sin-titulo-1-1.png","datePublished":"2026-02-27T14:54:40+00:00","dateModified":"2026-02-27T14:56:10+00:00","description":"TIRAS REACTIVAS ACCU-CHEK ACTIVE X 50 UND","breadcrumb":{"@id":"https:\/\/nueva.tododiabetes.co\/product\/tiras-accu-chek-active-x-50\/#breadcrumb"},"inLanguage":"en-US","potentialAction":[{"@type":"ReadAction","target":["https:\/\/nueva.tododiabetes.co\/product\/tiras-accu-chek-active-x-50\/"]}]},{"@type":"ImageObject","inLanguage":"en-US","@id":"https:\/\/nueva.tododiabetes.co\/product\/tiras-accu-chek-active-x-50\/#primaryimage","url":"https:\/\/nueva.tododiabetes.co\/wp-content\/uploads\/2026\/02\/Sin-titulo-1-1.png","contentUrl":"https:\/\/nueva.tododiabetes.co\/wp-content\/uploads\/2026\/02\/Sin-titulo-1-1.png","width":600,"height":600},{"@type":"BreadcrumbList","@id":"https:\/\/nueva.tododiabetes.co\/product\/tiras-accu-chek-active-x-50\/#breadcrumb","itemListElement":[{"@type":"ListItem","position":1,"name":"Home","item":"https:\/\/nueva.tododiabetes.co\/"},{"@type":"ListItem","position":2,"name":"Tienda","item":"https:\/\/nueva.tododiabetes.co\/tienda\/"},{"@type":"ListItem","position":3,"name":"TIRAS ACCU-CHEK ACTIVE X 50"}]},{"@type":"WebSite","@id":"https:\/\/nueva.tododiabetes.co\/#website","url":"https:\/\/nueva.tododiabetes.co\/","name":"Tododiabetes \u2764\ufe0f","description":"Tienda de productos para Diabetes e Hipertensi\u00f3n \u260e\ufe0f 6019195560","publisher":{"@id":"https:\/\/nueva.tododiabetes.co\/#organization"},"potentialAction":[{"@type":"SearchAction","target":{"@type":"EntryPoint","urlTemplate":"https:\/\/nueva.tododiabetes.co\/?s={search_term_string}"},"query-input":{"@type":"PropertyValueSpecification","valueRequired":true,"valueName":"search_term_string"}}],"inLanguage":"en-US"},{"@type":"Organization","@id":"https:\/\/nueva.tododiabetes.co\/#organization","name":"Tododiabetes \u2764\ufe0f","url":"https:\/\/nueva.tododiabetes.co\/","logo":{"@type":"ImageObject","inLanguage":"en-US","@id":"https:\/\/nueva.tododiabetes.co\/#\/schema\/logo\/image\/","url":"https:\/\/nueva.tododiabetes.co\/wp-content\/uploads\/2021\/02\/Logo-tododiabetes.webp","contentUrl":"https:\/\/nueva.tododiabetes.co\/wp-content\/uploads\/2021\/02\/Logo-tododiabetes.webp","width":1024,"height":137,"caption":"Tododiabetes \u2764\ufe0f"},"image":{"@id":"https:\/\/nueva.tododiabetes.co\/#\/schema\/logo\/image\/"}}]}},"_links":{"self":[{"href":"https:\/\/nueva.tododiabetes.co\/en\/wp-json\/wp\/v2\/product\/5796","targetHints":{"allow":["GET"]}}],"collection":[{"href":"https:\/\/nueva.tododiabetes.co\/en\/wp-json\/wp\/v2\/product"}],"about":[{"href":"https:\/\/nueva.tododiabetes.co\/en\/wp-json\/wp\/v2\/types\/product"}],"replies":[{"embeddable":true,"href":"https:\/\/nueva.tododiabetes.co\/en\/wp-json\/wp\/v2\/comments?post=5796"}],"version-history":[{"count":1,"href":"https:\/\/nueva.tododiabetes.co\/en\/wp-json\/wp\/v2\/product\/5796\/revisions"}],"predecessor-version":[{"id":5929,"href":"https:\/\/nueva.tododiabetes.co\/en\/wp-json\/wp\/v2\/product\/5796\/revisions\/5929"}],"wp:featuredmedia":[{"embeddable":true,"href":"https:\/\/nueva.tododiabetes.co\/en\/wp-json\/wp\/v2\/media\/5928"}],"wp:attachment":[{"href":"https:\/\/nueva.tododiabetes.co\/en\/wp-json\/wp\/v2\/media?parent=5796"}],"wp:term":[{"taxonomy":"product_brand","embeddable":true,"href":"https:\/\/nueva.tododiabetes.co\/en\/wp-json\/wp\/v2\/product_brand?post=5796"},{"taxonomy":"product_cat","embeddable":true,"href":"https:\/\/nueva.tododiabetes.co\/en\/wp-json\/wp\/v2\/product_cat?post=5796"},{"taxonomy":"product_tag","embeddable":true,"href":"https:\/\/nueva.tododiabetes.co\/en\/wp-json\/wp\/v2\/product_tag?post=5796"}],"curies":[{"name":"wp","href":"https:\/\/api.w.org\/{rel}","templated":true}]}}