{"id":5792,"date":"2026-02-27T14:54:40","date_gmt":"2026-02-27T14:54:40","guid":{"rendered":"https:\/\/nueva.tododiabetes.co\/?post_type=product&#038;p=5792"},"modified":"2026-02-27T14:57:54","modified_gmt":"2026-02-27T14:57:54","slug":"tensiometro-de-brazo-digital-automatico-modelo-bp369a","status":"publish","type":"product","link":"https:\/\/nueva.tododiabetes.co\/en\/product\/tensiometro-de-brazo-digital-automatico-modelo-bp369a\/","title":{"rendered":"Tensi\u00f3metro de brazo digital autom\u00e1tico modelo BP369A"},"content":{"rendered":"<div class=\"avatar-gutter ng-tns-c1726836380-124 ng-star-inserted\">\n<div class=\"resize-observable\"><strong>Pantalla:<\/strong><\/div>\n<\/div>\n<div class=\"response-container-content ng-tns-c1726836380-124\">\n<div class=\"response-content ng-tns-c1726836380-124\">\n<div class=\"markdown markdown-main-panel\" dir=\"ltr\">\n<ul data-sourcepos=\"5:1-6:0\">\n<li data-sourcepos=\"5:1-6:0\">Display digital LCD<\/li>\n<\/ul>\n<p data-sourcepos=\"7:1-7:26\">\n<p data-sourcepos=\"7:1-7:26\"><strong>Principio de medici\u00f3n:<\/strong><\/p>\n<ul data-sourcepos=\"9:1-9:22\">\n<li data-sourcepos=\"9:1-9:22\">M\u00e9todo oscilom\u00e9trico<\/li>\n<\/ul>\n<p data-sourcepos=\"11:1-11:25\">\n<p data-sourcepos=\"11:1-11:25\"><strong>Lugar de la medici\u00f3n:<\/strong><\/p>\n<ul data-sourcepos=\"13:1-14:0\">\n<li data-sourcepos=\"13:1-14:0\">Parte superior del brazo<\/li>\n<\/ul>\n<p data-sourcepos=\"15:1-15:22\">\n<p data-sourcepos=\"15:1-15:22\"><strong>Rango de medici\u00f3n:<\/strong><\/p>\n<p>Presi\u00f3n: 30-280mmHg (4-37.3kPa)<\/p>\n<ul data-sourcepos=\"17:1-17:21\">\n<li data-sourcepos=\"18:1-19:0\">Pulso: 40-199 pulsos\/min<\/li>\n<\/ul>\n<p data-sourcepos=\"20:1-20:14\">\n<p data-sourcepos=\"20:1-20:14\"><strong>Exactitud:<\/strong><\/p>\n<ul data-sourcepos=\"22:1-24:0\">\n<li data-sourcepos=\"22:1-22:28\">Presi\u00f3n: \u00b13mmHg (\u00b10,4 kPa)<\/li>\n<li data-sourcepos=\"23:1-24:0\">Pulso: \u00b15% de la lectura<\/li>\n<\/ul>\n<p data-sourcepos=\"25:1-25:19\">\n<p data-sourcepos=\"25:1-25:19\"><strong>Indicaci\u00f3n LCD:<\/strong><\/p>\n<ul data-sourcepos=\"27:1-27:1\">\n<li data-sourcepos=\"27:1-27:1\">Presi\u00f3n: Display de 3 d\u00edgitos de mmHg<\/li>\n<li data-sourcepos=\"28:1-28:29\">Pulso: Display de 3 d\u00edgitos<\/li>\n<li data-sourcepos=\"29:1-30:0\">S\u00edmbolo: Memoria \/ latido \/ bater\u00eda baja<\/li>\n<\/ul>\n<p data-sourcepos=\"31:1-31:23\">\n<p data-sourcepos=\"31:1-31:23\"><strong>Funci\u00f3n de memoria:<\/strong><\/p>\n<ul data-sourcepos=\"33:1-34:0\">\n<li data-sourcepos=\"33:1-34:0\">2 conjuntos x 120 de valores de memoria<\/li>\n<\/ul>\n<p data-sourcepos=\"35:1-35:27\">\n<p data-sourcepos=\"35:1-35:27\"><strong>Fuente de alimentaci\u00f3n:<\/strong><\/p>\n<ul data-sourcepos=\"37:1-38:0\">\n<li data-sourcepos=\"37:1-38:0\">4 bater\u00edas alcalinas AA o adaptador AC\/DC (6 V)<\/li>\n<\/ul>\n<p data-sourcepos=\"39:1-39:23\">\n<p data-sourcepos=\"39:1-39:23\"><strong>Apagado autom\u00e1tico:<\/strong><\/p>\n<ul data-sourcepos=\"41:1-42:0\">\n<li data-sourcepos=\"41:1-42:0\">A los 3 minutos<\/li>\n<\/ul>\n<p data-sourcepos=\"43:1-43:32\">\n<p data-sourcepos=\"43:1-43:32\"><strong>Peso de la unidad principal:<\/strong><\/p>\n<ul data-sourcepos=\"45:1-46:0\">\n<li data-sourcepos=\"45:1-46:0\">Aprox. 345g (sin la bater\u00eda)<\/li>\n<\/ul>\n<p data-sourcepos=\"47:1-47:34\">\n<p data-sourcepos=\"47:1-47:34\"><strong>Tama\u00f1o de la unidad principal:<\/strong><\/p>\n<ul data-sourcepos=\"49:1-49:13\">\n<li data-sourcepos=\"49:1-49:13\">L130mm<em>W108mm<\/em>H56mm<\/li>\n<\/ul>\n<p data-sourcepos=\"51:1-51:37\">\n<p data-sourcepos=\"51:1-51:37\"><strong>Vida \u00fatil de la unidad principal:<\/strong><\/p>\n<ul data-sourcepos=\"53:1-54:0\">\n<li data-sourcepos=\"53:1-54:0\">5 a\u00f1os bajo uso normal<\/li>\n<\/ul>\n<p data-sourcepos=\"55:1-55:27\">\n<p data-sourcepos=\"55:1-55:27\"><strong>Duraci\u00f3n de la bater\u00eda:<\/strong><\/p>\n<ul data-sourcepos=\"57:1-58:0\">\n<li data-sourcepos=\"57:1-58:0\">Se puede usar 300 veces en condiciones normales<\/li>\n<\/ul>\n<p data-sourcepos=\"59:1-59:15\">\n<p data-sourcepos=\"59:1-59:15\"><strong>Accesorios:<\/strong><\/p>\n<ul data-sourcepos=\"61:1-63:0\">\n<li data-sourcepos=\"61:1-61:11\">Brazalete<\/li>\n<li data-sourcepos=\"62:1-63:0\">Manual de instrucciones<\/li>\n<\/ul>\n<p data-sourcepos=\"64:1-64:22\">\n<p data-sourcepos=\"64:1-64:22\"><strong>Entorno operativo:<\/strong><\/p>\n<ul data-sourcepos=\"66:1-69:0\">\n<li data-sourcepos=\"66:1-66:21\">Temperatura: 5-40\u00b0C<\/li>\n<li data-sourcepos=\"67:1-67:21\">Humedad: 15%-85% RH<\/li>\n<li data-sourcepos=\"68:1-69:0\">Presi\u00f3n: 86kPa-106kPa<\/li>\n<\/ul>\n<p data-sourcepos=\"70:1-70:30\">\n<p data-sourcepos=\"70:1-70:30\"><strong>Entorno de almacenamiento:<\/strong><\/p>\n<ul data-sourcepos=\"72:1-74:0\">\n<li data-sourcepos=\"72:1-72:43\">Temperatura: -20\u00b0C-55\u00b0C; humedad: 10%-85%<\/li>\n<li data-sourcepos=\"73:1-74:0\">Evitar choques, exposiciones solares o lluvia durante el transporte<\/li>\n<\/ul>\n<p data-sourcepos=\"75:1-75:17\">\n<p data-sourcepos=\"75:1-75:17\"><strong>Puntos clave:<\/strong><\/p>\n<ul data-sourcepos=\"77:1-81:0\">\n<li data-sourcepos=\"77:1-77:85\">Este tensiometro autom\u00e1tico tipo brazo es f\u00e1cil de usar y tiene una alta precisi\u00f3n.<\/li>\n<li data-sourcepos=\"78:1-78:74\">Cuenta con una memoria de 2 conjuntos x 120 para almacenar tus lecturas.<\/li>\n<li data-sourcepos=\"79:1-79:57\">Se puede usar con bater\u00edas o con un adaptador de CA\/CC.<\/li>\n<li data-sourcepos=\"80:1-81:0\">Viene con un brazalete y un manual de instrucciones.<\/li>\n<\/ul>\n<p>&nbsp;<\/p>\n<p data-sourcepos=\"82:1-82:43\"><strong>Este tensi\u00f3metro es una buena opci\u00f3n para personas que necesitan controlar su presi\u00f3n arterial en casa.<\/strong><\/p>\n<p data-sourcepos=\"84:1-84:78\"><strong>Si tienes alguna pregunta sobre este tensi\u00f3metro, no dudes en contactarme.<\/strong><\/p>\n<\/div>\n<\/div>\n<\/div>\n<p>&nbsp;<\/p>","protected":false},"excerpt":{"rendered":"<p><strong>Incluye:<\/strong><\/p>\n<ul>\n<li>1 Tensi\u00f3metro,<\/li>\n<li>1 Brazalete<\/li>\n<li>1 adaptador ACT<\/li>\n<\/ul>\n<p>&nbsp;<\/p>\n<p><strong>Caracteristicas:<\/strong><\/p>\n<ul>\n<li>Operaci\u00f3n con un bot\u00f3n.<\/li>\n<li>Medici\u00f3n de presi\u00f3n arterial y pulso.<\/li>\n<li>Inflado y desinflado autom\u00e1ticos.<\/li>\n<li>2\u00d7120 conjuntos de memoria.<\/li>\n<li>Gran pantalla LCD.<\/li>\n<li>Apagado autom\u00e1tico.<\/li>\n<li>Comprobaci\u00f3n de bater\u00eda baja.<\/li>\n<li>M\u00e9todo de medici\u00f3n oscilom\u00e9trico.<\/li>\n<li>Alta exactitud.<\/li>\n<\/ul>","protected":false},"featured_media":6130,"comment_status":"open","ping_status":"closed","template":"","meta":[],"product_brand":[],"product_cat":[80,93],"product_tag":[],"class_list":{"0":"post-5792","1":"product","2":"type-product","3":"status-publish","4":"has-post-thumbnail","6":"product_cat-ofertas","7":"product_cat-tensiometros-oximetros-dispositivos-medicos","9":"first","10":"outofstock","11":"taxable","12":"shipping-taxable","13":"purchasable","14":"product-type-simple"},"yoast_head":"<!-- This site is optimized with the Yoast SEO plugin v27.2 - https:\/\/yoast.com\/product\/yoast-seo-wordpress\/ -->\n<title>Tensi\u00f3metro de brazo digital autom\u00e1tico modelo BP369A - Tododiabetes \u2764\ufe0f<\/title>\n<meta name=\"description\" content=\"Monitor de presi\u00f3n sangu\u00ednea autom\u00e1tico para la medici\u00f3n de la presi\u00f3n arterial sist\u00f3lica, diast\u00f3lica y la frecuencia de pulso card\u00edaco. \u260e\ufe0f 3009293084.\" \/>\n<meta name=\"robots\" content=\"noindex, follow, max-snippet:-1, max-image-preview:large, max-video-preview:-1\" \/>\n<meta property=\"og:locale\" content=\"en_US\" \/>\n<meta property=\"og:type\" content=\"article\" \/>\n<meta property=\"og:title\" content=\"Tensi\u00f3metro de brazo digital autom\u00e1tico modelo BP369A - Tododiabetes \u2764\ufe0f\" \/>\n<meta property=\"og:description\" content=\"Monitor de presi\u00f3n sangu\u00ednea autom\u00e1tico para la medici\u00f3n de la presi\u00f3n arterial sist\u00f3lica, diast\u00f3lica y la frecuencia de pulso card\u00edaco. \u260e\ufe0f 3009293084.\" \/>\n<meta property=\"og:url\" content=\"https:\/\/nueva.tododiabetes.co\/en\/product\/tensiometro-de-brazo-digital-automatico-modelo-bp369a\/\" \/>\n<meta property=\"og:site_name\" content=\"Tododiabetes \u2764\ufe0f\" \/>\n<meta property=\"article:modified_time\" content=\"2026-02-27T14:57:54+00:00\" \/>\n<meta property=\"og:image\" content=\"https:\/\/nueva.tododiabetes.co\/wp-content\/uploads\/2026\/02\/TENSIOMETRO-DE-BRAZO-DIGITAL-AUTOMATICO-MODELO-BP369A-1200x1200-px-768x768-1.png\" \/>\n\t<meta property=\"og:image:width\" content=\"768\" \/>\n\t<meta property=\"og:image:height\" content=\"768\" \/>\n\t<meta property=\"og:image:type\" content=\"image\/png\" \/>\n<meta name=\"twitter:card\" content=\"summary_large_image\" \/>\n<meta name=\"twitter:label1\" content=\"Est. reading time\" \/>\n\t<meta name=\"twitter:data1\" content=\"2 minutes\" \/>\n<script type=\"application\/ld+json\" class=\"yoast-schema-graph\">{\"@context\":\"https:\/\/schema.org\",\"@graph\":[{\"@type\":\"WebPage\",\"@id\":\"https:\/\/nueva.tododiabetes.co\/product\/tensiometro-de-brazo-digital-automatico-modelo-bp369a\/\",\"url\":\"https:\/\/nueva.tododiabetes.co\/product\/tensiometro-de-brazo-digital-automatico-modelo-bp369a\/\",\"name\":\"Tensi\u00f3metro de brazo digital autom\u00e1tico modelo BP369A - Tododiabetes \u2764\ufe0f\",\"isPartOf\":{\"@id\":\"https:\/\/nueva.tododiabetes.co\/#website\"},\"primaryImageOfPage\":{\"@id\":\"https:\/\/nueva.tododiabetes.co\/product\/tensiometro-de-brazo-digital-automatico-modelo-bp369a\/#primaryimage\"},\"image\":{\"@id\":\"https:\/\/nueva.tododiabetes.co\/product\/tensiometro-de-brazo-digital-automatico-modelo-bp369a\/#primaryimage\"},\"thumbnailUrl\":\"https:\/\/nueva.tododiabetes.co\/wp-content\/uploads\/2026\/02\/TENSIOMETRO-DE-BRAZO-DIGITAL-AUTOMATICO-MODELO-BP369A-1200x1200-px-768x768-1.png\",\"datePublished\":\"2026-02-27T14:54:40+00:00\",\"dateModified\":\"2026-02-27T14:57:54+00:00\",\"description\":\"Monitor de presi\u00f3n sangu\u00ednea autom\u00e1tico para la medici\u00f3n de la presi\u00f3n arterial sist\u00f3lica, diast\u00f3lica y la frecuencia de pulso card\u00edaco. \u260e\ufe0f 3009293084.\",\"breadcrumb\":{\"@id\":\"https:\/\/nueva.tododiabetes.co\/product\/tensiometro-de-brazo-digital-automatico-modelo-bp369a\/#breadcrumb\"},\"inLanguage\":\"en-US\",\"potentialAction\":[{\"@type\":\"ReadAction\",\"target\":[\"https:\/\/nueva.tododiabetes.co\/product\/tensiometro-de-brazo-digital-automatico-modelo-bp369a\/\"]}]},{\"@type\":\"ImageObject\",\"inLanguage\":\"en-US\",\"@id\":\"https:\/\/nueva.tododiabetes.co\/product\/tensiometro-de-brazo-digital-automatico-modelo-bp369a\/#primaryimage\",\"url\":\"https:\/\/nueva.tododiabetes.co\/wp-content\/uploads\/2026\/02\/TENSIOMETRO-DE-BRAZO-DIGITAL-AUTOMATICO-MODELO-BP369A-1200x1200-px-768x768-1.png\",\"contentUrl\":\"https:\/\/nueva.tododiabetes.co\/wp-content\/uploads\/2026\/02\/TENSIOMETRO-DE-BRAZO-DIGITAL-AUTOMATICO-MODELO-BP369A-1200x1200-px-768x768-1.png\",\"width\":768,\"height\":768},{\"@type\":\"BreadcrumbList\",\"@id\":\"https:\/\/nueva.tododiabetes.co\/product\/tensiometro-de-brazo-digital-automatico-modelo-bp369a\/#breadcrumb\",\"itemListElement\":[{\"@type\":\"ListItem\",\"position\":1,\"name\":\"Home\",\"item\":\"https:\/\/nueva.tododiabetes.co\/\"},{\"@type\":\"ListItem\",\"position\":2,\"name\":\"Tienda\",\"item\":\"https:\/\/nueva.tododiabetes.co\/tienda\/\"},{\"@type\":\"ListItem\",\"position\":3,\"name\":\"Tensi\u00f3metro de brazo digital autom\u00e1tico modelo BP369A\"}]},{\"@type\":\"WebSite\",\"@id\":\"https:\/\/nueva.tododiabetes.co\/#website\",\"url\":\"https:\/\/nueva.tododiabetes.co\/\",\"name\":\"Tododiabetes \u2764\ufe0f\",\"description\":\"Tienda de productos para Diabetes e Hipertensi\u00f3n \u260e\ufe0f 6019195560\",\"publisher\":{\"@id\":\"https:\/\/nueva.tododiabetes.co\/#organization\"},\"potentialAction\":[{\"@type\":\"SearchAction\",\"target\":{\"@type\":\"EntryPoint\",\"urlTemplate\":\"https:\/\/nueva.tododiabetes.co\/?s={search_term_string}\"},\"query-input\":{\"@type\":\"PropertyValueSpecification\",\"valueRequired\":true,\"valueName\":\"search_term_string\"}}],\"inLanguage\":\"en-US\"},{\"@type\":\"Organization\",\"@id\":\"https:\/\/nueva.tododiabetes.co\/#organization\",\"name\":\"Tododiabetes \u2764\ufe0f\",\"url\":\"https:\/\/nueva.tododiabetes.co\/\",\"logo\":{\"@type\":\"ImageObject\",\"inLanguage\":\"en-US\",\"@id\":\"https:\/\/nueva.tododiabetes.co\/#\/schema\/logo\/image\/\",\"url\":\"https:\/\/nueva.tododiabetes.co\/wp-content\/uploads\/2021\/02\/Logo-tododiabetes.webp\",\"contentUrl\":\"https:\/\/nueva.tododiabetes.co\/wp-content\/uploads\/2021\/02\/Logo-tododiabetes.webp\",\"width\":1024,\"height\":137,\"caption\":\"Tododiabetes \u2764\ufe0f\"},\"image\":{\"@id\":\"https:\/\/nueva.tododiabetes.co\/#\/schema\/logo\/image\/\"}}]}<\/script>\n<!-- \/ Yoast SEO plugin. -->","yoast_head_json":{"title":"Tensi\u00f3metro de brazo digital autom\u00e1tico modelo BP369A - Tododiabetes \u2764\ufe0f","description":"Monitor de presi\u00f3n sangu\u00ednea autom\u00e1tico para la medici\u00f3n de la presi\u00f3n arterial sist\u00f3lica, diast\u00f3lica y la frecuencia de pulso card\u00edaco. \u260e\ufe0f 3009293084.","robots":{"index":"noindex","follow":"follow","max-snippet":"max-snippet:-1","max-image-preview":"max-image-preview:large","max-video-preview":"max-video-preview:-1"},"og_locale":"en_US","og_type":"article","og_title":"Tensi\u00f3metro de brazo digital autom\u00e1tico modelo BP369A - Tododiabetes \u2764\ufe0f","og_description":"Monitor de presi\u00f3n sangu\u00ednea autom\u00e1tico para la medici\u00f3n de la presi\u00f3n arterial sist\u00f3lica, diast\u00f3lica y la frecuencia de pulso card\u00edaco. \u260e\ufe0f 3009293084.","og_url":"https:\/\/nueva.tododiabetes.co\/en\/product\/tensiometro-de-brazo-digital-automatico-modelo-bp369a\/","og_site_name":"Tododiabetes \u2764\ufe0f","article_modified_time":"2026-02-27T14:57:54+00:00","og_image":[{"width":768,"height":768,"url":"https:\/\/nueva.tododiabetes.co\/wp-content\/uploads\/2026\/02\/TENSIOMETRO-DE-BRAZO-DIGITAL-AUTOMATICO-MODELO-BP369A-1200x1200-px-768x768-1.png","type":"image\/png"}],"twitter_card":"summary_large_image","twitter_misc":{"Est. reading time":"2 minutes"},"schema":{"@context":"https:\/\/schema.org","@graph":[{"@type":"WebPage","@id":"https:\/\/nueva.tododiabetes.co\/product\/tensiometro-de-brazo-digital-automatico-modelo-bp369a\/","url":"https:\/\/nueva.tododiabetes.co\/product\/tensiometro-de-brazo-digital-automatico-modelo-bp369a\/","name":"Tensi\u00f3metro de brazo digital autom\u00e1tico modelo BP369A - Tododiabetes \u2764\ufe0f","isPartOf":{"@id":"https:\/\/nueva.tododiabetes.co\/#website"},"primaryImageOfPage":{"@id":"https:\/\/nueva.tododiabetes.co\/product\/tensiometro-de-brazo-digital-automatico-modelo-bp369a\/#primaryimage"},"image":{"@id":"https:\/\/nueva.tododiabetes.co\/product\/tensiometro-de-brazo-digital-automatico-modelo-bp369a\/#primaryimage"},"thumbnailUrl":"https:\/\/nueva.tododiabetes.co\/wp-content\/uploads\/2026\/02\/TENSIOMETRO-DE-BRAZO-DIGITAL-AUTOMATICO-MODELO-BP369A-1200x1200-px-768x768-1.png","datePublished":"2026-02-27T14:54:40+00:00","dateModified":"2026-02-27T14:57:54+00:00","description":"Monitor de presi\u00f3n sangu\u00ednea autom\u00e1tico para la medici\u00f3n de la presi\u00f3n arterial sist\u00f3lica, diast\u00f3lica y la frecuencia de pulso card\u00edaco. \u260e\ufe0f 3009293084.","breadcrumb":{"@id":"https:\/\/nueva.tododiabetes.co\/product\/tensiometro-de-brazo-digital-automatico-modelo-bp369a\/#breadcrumb"},"inLanguage":"en-US","potentialAction":[{"@type":"ReadAction","target":["https:\/\/nueva.tododiabetes.co\/product\/tensiometro-de-brazo-digital-automatico-modelo-bp369a\/"]}]},{"@type":"ImageObject","inLanguage":"en-US","@id":"https:\/\/nueva.tododiabetes.co\/product\/tensiometro-de-brazo-digital-automatico-modelo-bp369a\/#primaryimage","url":"https:\/\/nueva.tododiabetes.co\/wp-content\/uploads\/2026\/02\/TENSIOMETRO-DE-BRAZO-DIGITAL-AUTOMATICO-MODELO-BP369A-1200x1200-px-768x768-1.png","contentUrl":"https:\/\/nueva.tododiabetes.co\/wp-content\/uploads\/2026\/02\/TENSIOMETRO-DE-BRAZO-DIGITAL-AUTOMATICO-MODELO-BP369A-1200x1200-px-768x768-1.png","width":768,"height":768},{"@type":"BreadcrumbList","@id":"https:\/\/nueva.tododiabetes.co\/product\/tensiometro-de-brazo-digital-automatico-modelo-bp369a\/#breadcrumb","itemListElement":[{"@type":"ListItem","position":1,"name":"Home","item":"https:\/\/nueva.tododiabetes.co\/"},{"@type":"ListItem","position":2,"name":"Tienda","item":"https:\/\/nueva.tododiabetes.co\/tienda\/"},{"@type":"ListItem","position":3,"name":"Tensi\u00f3metro de brazo digital autom\u00e1tico modelo BP369A"}]},{"@type":"WebSite","@id":"https:\/\/nueva.tododiabetes.co\/#website","url":"https:\/\/nueva.tododiabetes.co\/","name":"Tododiabetes \u2764\ufe0f","description":"Tienda de productos para Diabetes e Hipertensi\u00f3n \u260e\ufe0f 6019195560","publisher":{"@id":"https:\/\/nueva.tododiabetes.co\/#organization"},"potentialAction":[{"@type":"SearchAction","target":{"@type":"EntryPoint","urlTemplate":"https:\/\/nueva.tododiabetes.co\/?s={search_term_string}"},"query-input":{"@type":"PropertyValueSpecification","valueRequired":true,"valueName":"search_term_string"}}],"inLanguage":"en-US"},{"@type":"Organization","@id":"https:\/\/nueva.tododiabetes.co\/#organization","name":"Tododiabetes \u2764\ufe0f","url":"https:\/\/nueva.tododiabetes.co\/","logo":{"@type":"ImageObject","inLanguage":"en-US","@id":"https:\/\/nueva.tododiabetes.co\/#\/schema\/logo\/image\/","url":"https:\/\/nueva.tododiabetes.co\/wp-content\/uploads\/2021\/02\/Logo-tododiabetes.webp","contentUrl":"https:\/\/nueva.tododiabetes.co\/wp-content\/uploads\/2021\/02\/Logo-tododiabetes.webp","width":1024,"height":137,"caption":"Tododiabetes \u2764\ufe0f"},"image":{"@id":"https:\/\/nueva.tododiabetes.co\/#\/schema\/logo\/image\/"}}]}},"_links":{"self":[{"href":"https:\/\/nueva.tododiabetes.co\/en\/wp-json\/wp\/v2\/product\/5792","targetHints":{"allow":["GET"]}}],"collection":[{"href":"https:\/\/nueva.tododiabetes.co\/en\/wp-json\/wp\/v2\/product"}],"about":[{"href":"https:\/\/nueva.tododiabetes.co\/en\/wp-json\/wp\/v2\/types\/product"}],"replies":[{"embeddable":true,"href":"https:\/\/nueva.tododiabetes.co\/en\/wp-json\/wp\/v2\/comments?post=5792"}],"version-history":[{"count":1,"href":"https:\/\/nueva.tododiabetes.co\/en\/wp-json\/wp\/v2\/product\/5792\/revisions"}],"predecessor-version":[{"id":6131,"href":"https:\/\/nueva.tododiabetes.co\/en\/wp-json\/wp\/v2\/product\/5792\/revisions\/6131"}],"wp:featuredmedia":[{"embeddable":true,"href":"https:\/\/nueva.tododiabetes.co\/en\/wp-json\/wp\/v2\/media\/6130"}],"wp:attachment":[{"href":"https:\/\/nueva.tododiabetes.co\/en\/wp-json\/wp\/v2\/media?parent=5792"}],"wp:term":[{"taxonomy":"product_brand","embeddable":true,"href":"https:\/\/nueva.tododiabetes.co\/en\/wp-json\/wp\/v2\/product_brand?post=5792"},{"taxonomy":"product_cat","embeddable":true,"href":"https:\/\/nueva.tododiabetes.co\/en\/wp-json\/wp\/v2\/product_cat?post=5792"},{"taxonomy":"product_tag","embeddable":true,"href":"https:\/\/nueva.tododiabetes.co\/en\/wp-json\/wp\/v2\/product_tag?post=5792"}],"curies":[{"name":"wp","href":"https:\/\/api.w.org\/{rel}","templated":true}]}}