{"id":5781,"date":"2026-02-27T14:54:39","date_gmt":"2026-02-27T14:54:39","guid":{"rendered":"https:\/\/nueva.tododiabetes.co\/?post_type=product&#038;p=5781"},"modified":"2026-03-25T15:04:25","modified_gmt":"2026-03-25T20:04:25","slug":"glucometro-glucoquick-g30a-50-tiras-50-lancetas","status":"publish","type":"product","link":"https:\/\/nueva.tododiabetes.co\/en\/product\/glucometro-glucoquick-g30a-50-tiras-50-lancetas\/","title":{"rendered":"Glucometro GlucoQuick G30a + 50 Tiras + 50 Lancetas"},"content":{"rendered":"<div class=\"video-responsivo-contenedor\">\n    <iframe src=\"https:\/\/www.youtube.com\/embed\/zD2yk3XUzqQ\" frameborder=\"0\" allow=\"accelerometer; autoplay; clipboard-write; encrypted-media; gyroscope; picture-in-picture\" allowfullscreen><\/iframe>\n<\/div>\n<style>\n.video-responsivo-contenedor {\n    position: relative;\n    padding-bottom: 56.25%; \/* Relaci\u00f3n de aspecto 16:9 *\/\n    height: 0;\n    overflow: hidden;\n    max-width: 100%;\n    margin-bottom: 20px;\n}\n.video-responsivo-contenedor iframe {\n    position: absolute;\n    top: 0;\n    left: 0;\n    width: 100%;\n    height: 100%;\n    border: 0;\n}\n<\/style>\n<p>Gluc\u00f3metro GlucoQuick G30a es un sistema de monitoreo de glucosa en sangre f\u00e1cil de usar que <strong>ofrece resultados confiables y mayor respaldo.<\/strong><\/p>\n<ul>\n<li>Eyector de tiras<\/li>\n<li>Pantalla y caracteres grandes<\/li>\n<li>Almacena 450 resultados, universal tone<\/li>\n<li>\u00danico bot\u00f3n de operaci\u00f3n<\/li>\n<li>Resultados r\u00e1pidos en menos de 5 seg.<\/li>\n<li>Peque\u00f1a muestra de sangre 0.5\u03bcL<\/li>\n<li>No requieren codificaci\u00f3n<\/li>\n<li>Tecnolog\u00eda de r\u00e1pida absorci\u00f3n<\/li>\n<li>Enzima glucosa oxidasa<\/li>\n<\/ul>\n<p>&nbsp;<\/p>\n<p>INVIMA 2011DM-0007698 + INVIMA 2011RD-0002052 + INVIMA 2019DM-0020625<\/p>\n<h1><\/h1>","protected":false},"excerpt":{"rendered":"<div class=\"elementor-element elementor-element-2a376d29 elementor-align-left elementor-widget elementor-widget-shopengine-product-title\" data-id=\"2a376d29\" data-element_type=\"widget\" data-widget_type=\"shopengine-product-title.default\">\n<div class=\"elementor-widget-container\">\n<div class=\"shopengine shopengine-widget\">\n<div class=\"shopengine-product-title\">\n<p>&nbsp;<\/p>\n<p>Glucometro GlucoQuick G30a + 50 Tiras + 50 Lancetas<\/p>\n<p><span style=\"font-size: 16px;\">Incluye:<\/span><\/p>\n<ul>\n<li>1 Glucometro Glucoquick G30a.<\/li>\n<li>1 Caja de tiras x 50 Gluocoquick G30a.<\/li>\n<li>1 Caja de lancetas x 50 Gluocoquick.<\/li>\n<\/ul>\n<p>&nbsp;<\/p>\n<p>Glucometro GlucoQuick G30a es un sistema de monitoreo de glucosa en sangre f\u00e1cil de usar que <strong>ofrece resultados confiables y mayor respaldo.<\/strong><\/p>\n<\/div>\n<\/div>\n<\/div>\n<\/div>\n<pre><\/pre>","protected":false},"featured_media":6031,"comment_status":"open","ping_status":"closed","template":"","meta":[],"product_brand":[76,77,90],"product_cat":[72,247,80],"product_tag":[85,81,123,106,124,125,86,96,127,87,89],"class_list":{"0":"post-5781","1":"product","2":"type-product","3":"status-publish","4":"has-post-thumbnail","6":"product_brand-diabetrics","7":"product_brand-glucoquick","8":"product_brand-procaps","9":"product_cat-glucometros-y-tiras","10":"product_cat-glucoquick-g30a","11":"product_cat-ofertas","12":"product_tag-descuentos","13":"product_tag-diabetes","14":"product_tag-dispositivos-medicos","15":"product_tag-glucometro","16":"product_tag-glucometros","17":"product_tag-glucoquick","18":"product_tag-glucoquick-g30a","19":"product_tag-oferta-de-temporada","20":"product_tag-oferta-glucometro","21":"product_tag-ofertas","22":"product_tag-tiras","24":"first","25":"instock","26":"sale","27":"featured","28":"purchasable","29":"product-type-simple"},"yoast_head":"<!-- This site is optimized with the Yoast SEO plugin v27.2 - https:\/\/yoast.com\/product\/yoast-seo-wordpress\/ -->\n<title>Glucometro GlucoQuick G30a + 50 Tiras + 50 Lancetas - Tododiabetes \u2764\ufe0f<\/title>\n<meta name=\"description\" content=\"Gratis un gluc\u00f3metro Glucoquick G30 por la compra de las tiras reactivas. Las mejores ofertas para el cuidado de diabetes en casa.\" \/>\n<meta name=\"robots\" content=\"noindex, follow, max-snippet:-1, max-image-preview:large, max-video-preview:-1\" \/>\n<meta property=\"og:locale\" content=\"en_US\" \/>\n<meta property=\"og:type\" content=\"article\" \/>\n<meta property=\"og:title\" content=\"Glucometro GlucoQuick G30a + 50 Tiras + 50 Lancetas - Tododiabetes \u2764\ufe0f\" \/>\n<meta property=\"og:description\" content=\"Gratis un gluc\u00f3metro Glucoquick G30 por la compra de las tiras reactivas. Las mejores ofertas para el cuidado de diabetes en casa.\" \/>\n<meta property=\"og:url\" content=\"https:\/\/nueva.tododiabetes.co\/en\/product\/glucometro-glucoquick-g30a-50-tiras-50-lancetas\/\" \/>\n<meta property=\"og:site_name\" content=\"Tododiabetes \u2764\ufe0f\" \/>\n<meta property=\"article:modified_time\" content=\"2026-03-25T20:04:25+00:00\" \/>\n<meta property=\"og:image\" content=\"https:\/\/nueva.tododiabetes.co\/wp-content\/uploads\/2026\/02\/oferta-combo-glucoquick-g30a.png\" \/>\n\t<meta property=\"og:image:width\" content=\"600\" \/>\n\t<meta property=\"og:image:height\" content=\"600\" \/>\n\t<meta property=\"og:image:type\" content=\"image\/png\" \/>\n<meta name=\"twitter:card\" content=\"summary_large_image\" \/>\n<meta name=\"twitter:label1\" content=\"Est. reading time\" \/>\n\t<meta name=\"twitter:data1\" content=\"1 minute\" \/>\n<script type=\"application\/ld+json\" class=\"yoast-schema-graph\">{\"@context\":\"https:\/\/schema.org\",\"@graph\":[{\"@type\":\"WebPage\",\"@id\":\"https:\/\/nueva.tododiabetes.co\/product\/glucometro-glucoquick-g30a-50-tiras-50-lancetas\/\",\"url\":\"https:\/\/nueva.tododiabetes.co\/product\/glucometro-glucoquick-g30a-50-tiras-50-lancetas\/\",\"name\":\"Glucometro GlucoQuick G30a + 50 Tiras + 50 Lancetas - Tododiabetes \u2764\ufe0f\",\"isPartOf\":{\"@id\":\"https:\/\/nueva.tododiabetes.co\/#website\"},\"primaryImageOfPage\":{\"@id\":\"https:\/\/nueva.tododiabetes.co\/product\/glucometro-glucoquick-g30a-50-tiras-50-lancetas\/#primaryimage\"},\"image\":{\"@id\":\"https:\/\/nueva.tododiabetes.co\/product\/glucometro-glucoquick-g30a-50-tiras-50-lancetas\/#primaryimage\"},\"thumbnailUrl\":\"https:\/\/nueva.tododiabetes.co\/wp-content\/uploads\/2026\/02\/oferta-combo-glucoquick-g30a.png\",\"datePublished\":\"2026-02-27T14:54:39+00:00\",\"dateModified\":\"2026-03-25T20:04:25+00:00\",\"description\":\"Gratis un gluc\u00f3metro Glucoquick G30 por la compra de las tiras reactivas. Las mejores ofertas para el cuidado de diabetes en casa.\",\"breadcrumb\":{\"@id\":\"https:\/\/nueva.tododiabetes.co\/product\/glucometro-glucoquick-g30a-50-tiras-50-lancetas\/#breadcrumb\"},\"inLanguage\":\"en-US\",\"potentialAction\":[{\"@type\":\"ReadAction\",\"target\":[\"https:\/\/nueva.tododiabetes.co\/product\/glucometro-glucoquick-g30a-50-tiras-50-lancetas\/\"]}]},{\"@type\":\"ImageObject\",\"inLanguage\":\"en-US\",\"@id\":\"https:\/\/nueva.tododiabetes.co\/product\/glucometro-glucoquick-g30a-50-tiras-50-lancetas\/#primaryimage\",\"url\":\"https:\/\/nueva.tododiabetes.co\/wp-content\/uploads\/2026\/02\/oferta-combo-glucoquick-g30a.png\",\"contentUrl\":\"https:\/\/nueva.tododiabetes.co\/wp-content\/uploads\/2026\/02\/oferta-combo-glucoquick-g30a.png\",\"width\":600,\"height\":600},{\"@type\":\"BreadcrumbList\",\"@id\":\"https:\/\/nueva.tododiabetes.co\/product\/glucometro-glucoquick-g30a-50-tiras-50-lancetas\/#breadcrumb\",\"itemListElement\":[{\"@type\":\"ListItem\",\"position\":1,\"name\":\"Home\",\"item\":\"https:\/\/nueva.tododiabetes.co\/\"},{\"@type\":\"ListItem\",\"position\":2,\"name\":\"Tienda\",\"item\":\"https:\/\/nueva.tododiabetes.co\/tienda\/\"},{\"@type\":\"ListItem\",\"position\":3,\"name\":\"Glucometro GlucoQuick G30a + 50 Tiras + 50 Lancetas\"}]},{\"@type\":\"WebSite\",\"@id\":\"https:\/\/nueva.tododiabetes.co\/#website\",\"url\":\"https:\/\/nueva.tododiabetes.co\/\",\"name\":\"Tododiabetes \u2764\ufe0f\",\"description\":\"Tienda de productos para Diabetes e Hipertensi\u00f3n \u260e\ufe0f 6019195560\",\"publisher\":{\"@id\":\"https:\/\/nueva.tododiabetes.co\/#organization\"},\"potentialAction\":[{\"@type\":\"SearchAction\",\"target\":{\"@type\":\"EntryPoint\",\"urlTemplate\":\"https:\/\/nueva.tododiabetes.co\/?s={search_term_string}\"},\"query-input\":{\"@type\":\"PropertyValueSpecification\",\"valueRequired\":true,\"valueName\":\"search_term_string\"}}],\"inLanguage\":\"en-US\"},{\"@type\":\"Organization\",\"@id\":\"https:\/\/nueva.tododiabetes.co\/#organization\",\"name\":\"Tododiabetes \u2764\ufe0f\",\"url\":\"https:\/\/nueva.tododiabetes.co\/\",\"logo\":{\"@type\":\"ImageObject\",\"inLanguage\":\"en-US\",\"@id\":\"https:\/\/nueva.tododiabetes.co\/#\/schema\/logo\/image\/\",\"url\":\"https:\/\/nueva.tododiabetes.co\/wp-content\/uploads\/2021\/02\/Logo-tododiabetes.webp\",\"contentUrl\":\"https:\/\/nueva.tododiabetes.co\/wp-content\/uploads\/2021\/02\/Logo-tododiabetes.webp\",\"width\":1024,\"height\":137,\"caption\":\"Tododiabetes \u2764\ufe0f\"},\"image\":{\"@id\":\"https:\/\/nueva.tododiabetes.co\/#\/schema\/logo\/image\/\"}}]}<\/script>\n<!-- \/ Yoast SEO plugin. -->","yoast_head_json":{"title":"Glucometro GlucoQuick G30a + 50 Tiras + 50 Lancetas - Tododiabetes \u2764\ufe0f","description":"Gratis un gluc\u00f3metro Glucoquick G30 por la compra de las tiras reactivas. Las mejores ofertas para el cuidado de diabetes en casa.","robots":{"index":"noindex","follow":"follow","max-snippet":"max-snippet:-1","max-image-preview":"max-image-preview:large","max-video-preview":"max-video-preview:-1"},"og_locale":"en_US","og_type":"article","og_title":"Glucometro GlucoQuick G30a + 50 Tiras + 50 Lancetas - Tododiabetes \u2764\ufe0f","og_description":"Gratis un gluc\u00f3metro Glucoquick G30 por la compra de las tiras reactivas. Las mejores ofertas para el cuidado de diabetes en casa.","og_url":"https:\/\/nueva.tododiabetes.co\/en\/product\/glucometro-glucoquick-g30a-50-tiras-50-lancetas\/","og_site_name":"Tododiabetes \u2764\ufe0f","article_modified_time":"2026-03-25T20:04:25+00:00","og_image":[{"width":600,"height":600,"url":"https:\/\/nueva.tododiabetes.co\/wp-content\/uploads\/2026\/02\/oferta-combo-glucoquick-g30a.png","type":"image\/png"}],"twitter_card":"summary_large_image","twitter_misc":{"Est. reading time":"1 minute"},"schema":{"@context":"https:\/\/schema.org","@graph":[{"@type":"WebPage","@id":"https:\/\/nueva.tododiabetes.co\/product\/glucometro-glucoquick-g30a-50-tiras-50-lancetas\/","url":"https:\/\/nueva.tododiabetes.co\/product\/glucometro-glucoquick-g30a-50-tiras-50-lancetas\/","name":"Glucometro GlucoQuick G30a + 50 Tiras + 50 Lancetas - Tododiabetes \u2764\ufe0f","isPartOf":{"@id":"https:\/\/nueva.tododiabetes.co\/#website"},"primaryImageOfPage":{"@id":"https:\/\/nueva.tododiabetes.co\/product\/glucometro-glucoquick-g30a-50-tiras-50-lancetas\/#primaryimage"},"image":{"@id":"https:\/\/nueva.tododiabetes.co\/product\/glucometro-glucoquick-g30a-50-tiras-50-lancetas\/#primaryimage"},"thumbnailUrl":"https:\/\/nueva.tododiabetes.co\/wp-content\/uploads\/2026\/02\/oferta-combo-glucoquick-g30a.png","datePublished":"2026-02-27T14:54:39+00:00","dateModified":"2026-03-25T20:04:25+00:00","description":"Gratis un gluc\u00f3metro Glucoquick G30 por la compra de las tiras reactivas. Las mejores ofertas para el cuidado de diabetes en casa.","breadcrumb":{"@id":"https:\/\/nueva.tododiabetes.co\/product\/glucometro-glucoquick-g30a-50-tiras-50-lancetas\/#breadcrumb"},"inLanguage":"en-US","potentialAction":[{"@type":"ReadAction","target":["https:\/\/nueva.tododiabetes.co\/product\/glucometro-glucoquick-g30a-50-tiras-50-lancetas\/"]}]},{"@type":"ImageObject","inLanguage":"en-US","@id":"https:\/\/nueva.tododiabetes.co\/product\/glucometro-glucoquick-g30a-50-tiras-50-lancetas\/#primaryimage","url":"https:\/\/nueva.tododiabetes.co\/wp-content\/uploads\/2026\/02\/oferta-combo-glucoquick-g30a.png","contentUrl":"https:\/\/nueva.tododiabetes.co\/wp-content\/uploads\/2026\/02\/oferta-combo-glucoquick-g30a.png","width":600,"height":600},{"@type":"BreadcrumbList","@id":"https:\/\/nueva.tododiabetes.co\/product\/glucometro-glucoquick-g30a-50-tiras-50-lancetas\/#breadcrumb","itemListElement":[{"@type":"ListItem","position":1,"name":"Home","item":"https:\/\/nueva.tododiabetes.co\/"},{"@type":"ListItem","position":2,"name":"Tienda","item":"https:\/\/nueva.tododiabetes.co\/tienda\/"},{"@type":"ListItem","position":3,"name":"Glucometro GlucoQuick G30a + 50 Tiras + 50 Lancetas"}]},{"@type":"WebSite","@id":"https:\/\/nueva.tododiabetes.co\/#website","url":"https:\/\/nueva.tododiabetes.co\/","name":"Tododiabetes \u2764\ufe0f","description":"Tienda de productos para Diabetes e Hipertensi\u00f3n \u260e\ufe0f 6019195560","publisher":{"@id":"https:\/\/nueva.tododiabetes.co\/#organization"},"potentialAction":[{"@type":"SearchAction","target":{"@type":"EntryPoint","urlTemplate":"https:\/\/nueva.tododiabetes.co\/?s={search_term_string}"},"query-input":{"@type":"PropertyValueSpecification","valueRequired":true,"valueName":"search_term_string"}}],"inLanguage":"en-US"},{"@type":"Organization","@id":"https:\/\/nueva.tododiabetes.co\/#organization","name":"Tododiabetes \u2764\ufe0f","url":"https:\/\/nueva.tododiabetes.co\/","logo":{"@type":"ImageObject","inLanguage":"en-US","@id":"https:\/\/nueva.tododiabetes.co\/#\/schema\/logo\/image\/","url":"https:\/\/nueva.tododiabetes.co\/wp-content\/uploads\/2021\/02\/Logo-tododiabetes.webp","contentUrl":"https:\/\/nueva.tododiabetes.co\/wp-content\/uploads\/2021\/02\/Logo-tododiabetes.webp","width":1024,"height":137,"caption":"Tododiabetes \u2764\ufe0f"},"image":{"@id":"https:\/\/nueva.tododiabetes.co\/#\/schema\/logo\/image\/"}}]}},"_links":{"self":[{"href":"https:\/\/nueva.tododiabetes.co\/en\/wp-json\/wp\/v2\/product\/5781","targetHints":{"allow":["GET"]}}],"collection":[{"href":"https:\/\/nueva.tododiabetes.co\/en\/wp-json\/wp\/v2\/product"}],"about":[{"href":"https:\/\/nueva.tododiabetes.co\/en\/wp-json\/wp\/v2\/types\/product"}],"replies":[{"embeddable":true,"href":"https:\/\/nueva.tododiabetes.co\/en\/wp-json\/wp\/v2\/comments?post=5781"}],"version-history":[{"count":8,"href":"https:\/\/nueva.tododiabetes.co\/en\/wp-json\/wp\/v2\/product\/5781\/revisions"}],"predecessor-version":[{"id":30809,"href":"https:\/\/nueva.tododiabetes.co\/en\/wp-json\/wp\/v2\/product\/5781\/revisions\/30809"}],"wp:featuredmedia":[{"embeddable":true,"href":"https:\/\/nueva.tododiabetes.co\/en\/wp-json\/wp\/v2\/media\/6031"}],"wp:attachment":[{"href":"https:\/\/nueva.tododiabetes.co\/en\/wp-json\/wp\/v2\/media?parent=5781"}],"wp:term":[{"taxonomy":"product_brand","embeddable":true,"href":"https:\/\/nueva.tododiabetes.co\/en\/wp-json\/wp\/v2\/product_brand?post=5781"},{"taxonomy":"product_cat","embeddable":true,"href":"https:\/\/nueva.tododiabetes.co\/en\/wp-json\/wp\/v2\/product_cat?post=5781"},{"taxonomy":"product_tag","embeddable":true,"href":"https:\/\/nueva.tododiabetes.co\/en\/wp-json\/wp\/v2\/product_tag?post=5781"}],"curies":[{"name":"wp","href":"https:\/\/api.w.org\/{rel}","templated":true}]}}