{"id":5776,"date":"2026-02-27T14:54:38","date_gmt":"2026-02-27T14:54:38","guid":{"rendered":"https:\/\/nueva.tododiabetes.co\/?post_type=product&#038;p=5776"},"modified":"2026-02-27T14:56:28","modified_gmt":"2026-02-27T14:56:28","slug":"termometro-infrarrojo-yi-100c","status":"publish","type":"product","link":"https:\/\/nueva.tododiabetes.co\/en\/product\/termometro-infrarrojo-yi-100c\/","title":{"rendered":"TERM\u00d3METRO INFRARROJO YI-100C"},"content":{"rendered":"","protected":false},"excerpt":{"rendered":"<p>&nbsp;<\/p>\n<p>Dispositivo m\u00e9dico no invasivo utilizado para la medici\u00f3n de la temperatura sin contacto a trav\u00e9s de la radiaci\u00f3n infraroja de un cuerpo u objeto. Doble Sonda incorporada en el term\u00f3metro para generar una lectura m\u00e1s confiable y mucho m\u00e1s precisa.<\/p>\n<p>&nbsp;<\/p>\n<ul>\n<li>-Term\u00f3metro infra-rojo no contacto modelo YI 100 C.<\/li>\n<li>Adecuado para ni\u00f1os, infantes y adultos.<\/li>\n<li>Medici\u00f3n precisa.<\/li>\n<li>Modo de temperatura corporal.<\/li>\n<li>Modo de temperatura objeto.<\/li>\n<li>Pantalla LED.<\/li>\n<li>Sensor infrarojo.<\/li>\n<li>Icono de bater\u00eda.<\/li>\n<li>Term\u00f3metro digital infrarrojo dise\u00f1ado para medir la temperatura de la piel mediante infrarrojo en todo tipo de pacientes.<\/li>\n<li>Para uso y cuidado en casa (home care).<\/li>\n<li>Para uso en ambientes hospitalarios como cl\u00ednicas, hospitales, consultorios m\u00e9dicos.<\/li>\n<li>Garant\u00eda de 1 a\u00f1o.<\/li>\n<\/ul>\n<p>&nbsp;<\/p>\n<p>REGISTRO INVIMA 2017DM-0017193<\/p>","protected":false},"featured_media":5972,"comment_status":"closed","ping_status":"closed","template":"","meta":[],"product_brand":[140],"product_cat":[80,93],"product_tag":[139],"class_list":{"0":"post-5776","1":"product","2":"type-product","3":"status-publish","4":"has-post-thumbnail","6":"product_brand-otros","7":"product_cat-ofertas","8":"product_cat-tensiometros-oximetros-dispositivos-medicos","9":"product_tag-termometros-infrarrojos","11":"first","12":"instock","13":"sale","14":"taxable","15":"shipping-taxable","16":"purchasable","17":"product-type-simple"},"yoast_head":"<!-- This site is optimized with the Yoast SEO plugin v27.2 - https:\/\/yoast.com\/product\/yoast-seo-wordpress\/ -->\n<title>TERM\u00d3METRO INFRARROJO YI-100C - Tododiabetes \u2764\ufe0f<\/title>\n<meta name=\"robots\" content=\"noindex, follow, max-snippet:-1, max-image-preview:large, max-video-preview:-1\" \/>\n<meta property=\"og:locale\" content=\"en_US\" \/>\n<meta property=\"og:type\" content=\"article\" \/>\n<meta property=\"og:title\" content=\"TERM\u00d3METRO INFRARROJO YI-100C - Tododiabetes \u2764\ufe0f\" \/>\n<meta property=\"og:description\" content=\"&nbsp;  Dispositivo m\u00e9dico no invasivo utilizado para la medici\u00f3n de la temperatura sin contacto a trav\u00e9s de la radiaci\u00f3n infraroja de un cuerpo u objeto. Doble Sonda incorporada en el term\u00f3metro para generar una lectura m\u00e1s confiable y mucho m\u00e1s precisa.  &nbsp;   -Term\u00f3metro infra-rojo no contacto modelo YI 100 C.  Adecuado para ni\u00f1os, infantes y adultos.  Medici\u00f3n precisa.  Modo de temperatura corporal.  Modo de temperatura objeto.  Pantalla LED.  Sensor infrarojo.  Icono de bater\u00eda.  Term\u00f3metro digital infrarrojo dise\u00f1ado para medir la temperatura de la piel mediante infrarrojo en todo tipo de pacientes.  Para uso y cuidado en casa (home care).  Para uso en ambientes hospitalarios como cl\u00ednicas, hospitales, consultorios m\u00e9dicos.  Garant\u00eda de 1 a\u00f1o.  &nbsp;  REGISTRO INVIMA 2017DM-0017193\" \/>\n<meta property=\"og:url\" content=\"https:\/\/nueva.tododiabetes.co\/en\/product\/termometro-infrarrojo-yi-100c\/\" \/>\n<meta property=\"og:site_name\" content=\"Tododiabetes \u2764\ufe0f\" \/>\n<meta property=\"article:modified_time\" content=\"2026-02-27T14:56:28+00:00\" \/>\n<meta property=\"og:image\" content=\"https:\/\/nueva.tododiabetes.co\/wp-content\/uploads\/2026\/02\/TERMOMETRO-INFRARROJO-YI-100C-1.jpg\" \/>\n\t<meta property=\"og:image:width\" content=\"600\" \/>\n\t<meta property=\"og:image:height\" content=\"600\" \/>\n\t<meta property=\"og:image:type\" content=\"image\/jpeg\" \/>\n<meta name=\"twitter:card\" content=\"summary_large_image\" \/>\n<script type=\"application\/ld+json\" class=\"yoast-schema-graph\">{\"@context\":\"https:\/\/schema.org\",\"@graph\":[{\"@type\":\"WebPage\",\"@id\":\"https:\/\/nueva.tododiabetes.co\/product\/termometro-infrarrojo-yi-100c\/\",\"url\":\"https:\/\/nueva.tododiabetes.co\/product\/termometro-infrarrojo-yi-100c\/\",\"name\":\"TERM\u00d3METRO INFRARROJO YI-100C - Tododiabetes \u2764\ufe0f\",\"isPartOf\":{\"@id\":\"https:\/\/nueva.tododiabetes.co\/#website\"},\"primaryImageOfPage\":{\"@id\":\"https:\/\/nueva.tododiabetes.co\/product\/termometro-infrarrojo-yi-100c\/#primaryimage\"},\"image\":{\"@id\":\"https:\/\/nueva.tododiabetes.co\/product\/termometro-infrarrojo-yi-100c\/#primaryimage\"},\"thumbnailUrl\":\"https:\/\/nueva.tododiabetes.co\/wp-content\/uploads\/2026\/02\/TERMOMETRO-INFRARROJO-YI-100C-1.jpg\",\"datePublished\":\"2026-02-27T14:54:38+00:00\",\"dateModified\":\"2026-02-27T14:56:28+00:00\",\"breadcrumb\":{\"@id\":\"https:\/\/nueva.tododiabetes.co\/product\/termometro-infrarrojo-yi-100c\/#breadcrumb\"},\"inLanguage\":\"en-US\",\"potentialAction\":[{\"@type\":\"ReadAction\",\"target\":[\"https:\/\/nueva.tododiabetes.co\/product\/termometro-infrarrojo-yi-100c\/\"]}]},{\"@type\":\"ImageObject\",\"inLanguage\":\"en-US\",\"@id\":\"https:\/\/nueva.tododiabetes.co\/product\/termometro-infrarrojo-yi-100c\/#primaryimage\",\"url\":\"https:\/\/nueva.tododiabetes.co\/wp-content\/uploads\/2026\/02\/TERMOMETRO-INFRARROJO-YI-100C-1.jpg\",\"contentUrl\":\"https:\/\/nueva.tododiabetes.co\/wp-content\/uploads\/2026\/02\/TERMOMETRO-INFRARROJO-YI-100C-1.jpg\",\"width\":600,\"height\":600},{\"@type\":\"BreadcrumbList\",\"@id\":\"https:\/\/nueva.tododiabetes.co\/product\/termometro-infrarrojo-yi-100c\/#breadcrumb\",\"itemListElement\":[{\"@type\":\"ListItem\",\"position\":1,\"name\":\"Home\",\"item\":\"https:\/\/nueva.tododiabetes.co\/\"},{\"@type\":\"ListItem\",\"position\":2,\"name\":\"Tienda\",\"item\":\"https:\/\/nueva.tododiabetes.co\/tienda\/\"},{\"@type\":\"ListItem\",\"position\":3,\"name\":\"TERM\u00d3METRO INFRARROJO YI-100C\"}]},{\"@type\":\"WebSite\",\"@id\":\"https:\/\/nueva.tododiabetes.co\/#website\",\"url\":\"https:\/\/nueva.tododiabetes.co\/\",\"name\":\"Tododiabetes \u2764\ufe0f\",\"description\":\"Tienda de productos para Diabetes e Hipertensi\u00f3n \u260e\ufe0f 6019195560\",\"publisher\":{\"@id\":\"https:\/\/nueva.tododiabetes.co\/#organization\"},\"potentialAction\":[{\"@type\":\"SearchAction\",\"target\":{\"@type\":\"EntryPoint\",\"urlTemplate\":\"https:\/\/nueva.tododiabetes.co\/?s={search_term_string}\"},\"query-input\":{\"@type\":\"PropertyValueSpecification\",\"valueRequired\":true,\"valueName\":\"search_term_string\"}}],\"inLanguage\":\"en-US\"},{\"@type\":\"Organization\",\"@id\":\"https:\/\/nueva.tododiabetes.co\/#organization\",\"name\":\"Tododiabetes \u2764\ufe0f\",\"url\":\"https:\/\/nueva.tododiabetes.co\/\",\"logo\":{\"@type\":\"ImageObject\",\"inLanguage\":\"en-US\",\"@id\":\"https:\/\/nueva.tododiabetes.co\/#\/schema\/logo\/image\/\",\"url\":\"https:\/\/nueva.tododiabetes.co\/wp-content\/uploads\/2021\/02\/Logo-tododiabetes.webp\",\"contentUrl\":\"https:\/\/nueva.tododiabetes.co\/wp-content\/uploads\/2021\/02\/Logo-tododiabetes.webp\",\"width\":1024,\"height\":137,\"caption\":\"Tododiabetes \u2764\ufe0f\"},\"image\":{\"@id\":\"https:\/\/nueva.tododiabetes.co\/#\/schema\/logo\/image\/\"}}]}<\/script>\n<!-- \/ Yoast SEO plugin. -->","yoast_head_json":{"title":"TERM\u00d3METRO INFRARROJO YI-100C - Tododiabetes \u2764\ufe0f","robots":{"index":"noindex","follow":"follow","max-snippet":"max-snippet:-1","max-image-preview":"max-image-preview:large","max-video-preview":"max-video-preview:-1"},"og_locale":"en_US","og_type":"article","og_title":"TERM\u00d3METRO INFRARROJO YI-100C - Tododiabetes \u2764\ufe0f","og_description":"&nbsp;  Dispositivo m\u00e9dico no invasivo utilizado para la medici\u00f3n de la temperatura sin contacto a trav\u00e9s de la radiaci\u00f3n infraroja de un cuerpo u objeto. Doble Sonda incorporada en el term\u00f3metro para generar una lectura m\u00e1s confiable y mucho m\u00e1s precisa.  &nbsp;   -Term\u00f3metro infra-rojo no contacto modelo YI 100 C.  Adecuado para ni\u00f1os, infantes y adultos.  Medici\u00f3n precisa.  Modo de temperatura corporal.  Modo de temperatura objeto.  Pantalla LED.  Sensor infrarojo.  Icono de bater\u00eda.  Term\u00f3metro digital infrarrojo dise\u00f1ado para medir la temperatura de la piel mediante infrarrojo en todo tipo de pacientes.  Para uso y cuidado en casa (home care).  Para uso en ambientes hospitalarios como cl\u00ednicas, hospitales, consultorios m\u00e9dicos.  Garant\u00eda de 1 a\u00f1o.  &nbsp;  REGISTRO INVIMA 2017DM-0017193","og_url":"https:\/\/nueva.tododiabetes.co\/en\/product\/termometro-infrarrojo-yi-100c\/","og_site_name":"Tododiabetes \u2764\ufe0f","article_modified_time":"2026-02-27T14:56:28+00:00","og_image":[{"width":600,"height":600,"url":"https:\/\/nueva.tododiabetes.co\/wp-content\/uploads\/2026\/02\/TERMOMETRO-INFRARROJO-YI-100C-1.jpg","type":"image\/jpeg"}],"twitter_card":"summary_large_image","schema":{"@context":"https:\/\/schema.org","@graph":[{"@type":"WebPage","@id":"https:\/\/nueva.tododiabetes.co\/product\/termometro-infrarrojo-yi-100c\/","url":"https:\/\/nueva.tododiabetes.co\/product\/termometro-infrarrojo-yi-100c\/","name":"TERM\u00d3METRO INFRARROJO YI-100C - Tododiabetes \u2764\ufe0f","isPartOf":{"@id":"https:\/\/nueva.tododiabetes.co\/#website"},"primaryImageOfPage":{"@id":"https:\/\/nueva.tododiabetes.co\/product\/termometro-infrarrojo-yi-100c\/#primaryimage"},"image":{"@id":"https:\/\/nueva.tododiabetes.co\/product\/termometro-infrarrojo-yi-100c\/#primaryimage"},"thumbnailUrl":"https:\/\/nueva.tododiabetes.co\/wp-content\/uploads\/2026\/02\/TERMOMETRO-INFRARROJO-YI-100C-1.jpg","datePublished":"2026-02-27T14:54:38+00:00","dateModified":"2026-02-27T14:56:28+00:00","breadcrumb":{"@id":"https:\/\/nueva.tododiabetes.co\/product\/termometro-infrarrojo-yi-100c\/#breadcrumb"},"inLanguage":"en-US","potentialAction":[{"@type":"ReadAction","target":["https:\/\/nueva.tododiabetes.co\/product\/termometro-infrarrojo-yi-100c\/"]}]},{"@type":"ImageObject","inLanguage":"en-US","@id":"https:\/\/nueva.tododiabetes.co\/product\/termometro-infrarrojo-yi-100c\/#primaryimage","url":"https:\/\/nueva.tododiabetes.co\/wp-content\/uploads\/2026\/02\/TERMOMETRO-INFRARROJO-YI-100C-1.jpg","contentUrl":"https:\/\/nueva.tododiabetes.co\/wp-content\/uploads\/2026\/02\/TERMOMETRO-INFRARROJO-YI-100C-1.jpg","width":600,"height":600},{"@type":"BreadcrumbList","@id":"https:\/\/nueva.tododiabetes.co\/product\/termometro-infrarrojo-yi-100c\/#breadcrumb","itemListElement":[{"@type":"ListItem","position":1,"name":"Home","item":"https:\/\/nueva.tododiabetes.co\/"},{"@type":"ListItem","position":2,"name":"Tienda","item":"https:\/\/nueva.tododiabetes.co\/tienda\/"},{"@type":"ListItem","position":3,"name":"TERM\u00d3METRO INFRARROJO YI-100C"}]},{"@type":"WebSite","@id":"https:\/\/nueva.tododiabetes.co\/#website","url":"https:\/\/nueva.tododiabetes.co\/","name":"Tododiabetes \u2764\ufe0f","description":"Tienda de productos para Diabetes e Hipertensi\u00f3n \u260e\ufe0f 6019195560","publisher":{"@id":"https:\/\/nueva.tododiabetes.co\/#organization"},"potentialAction":[{"@type":"SearchAction","target":{"@type":"EntryPoint","urlTemplate":"https:\/\/nueva.tododiabetes.co\/?s={search_term_string}"},"query-input":{"@type":"PropertyValueSpecification","valueRequired":true,"valueName":"search_term_string"}}],"inLanguage":"en-US"},{"@type":"Organization","@id":"https:\/\/nueva.tododiabetes.co\/#organization","name":"Tododiabetes \u2764\ufe0f","url":"https:\/\/nueva.tododiabetes.co\/","logo":{"@type":"ImageObject","inLanguage":"en-US","@id":"https:\/\/nueva.tododiabetes.co\/#\/schema\/logo\/image\/","url":"https:\/\/nueva.tododiabetes.co\/wp-content\/uploads\/2021\/02\/Logo-tododiabetes.webp","contentUrl":"https:\/\/nueva.tododiabetes.co\/wp-content\/uploads\/2021\/02\/Logo-tododiabetes.webp","width":1024,"height":137,"caption":"Tododiabetes \u2764\ufe0f"},"image":{"@id":"https:\/\/nueva.tododiabetes.co\/#\/schema\/logo\/image\/"}}]}},"_links":{"self":[{"href":"https:\/\/nueva.tododiabetes.co\/en\/wp-json\/wp\/v2\/product\/5776","targetHints":{"allow":["GET"]}}],"collection":[{"href":"https:\/\/nueva.tododiabetes.co\/en\/wp-json\/wp\/v2\/product"}],"about":[{"href":"https:\/\/nueva.tododiabetes.co\/en\/wp-json\/wp\/v2\/types\/product"}],"replies":[{"embeddable":true,"href":"https:\/\/nueva.tododiabetes.co\/en\/wp-json\/wp\/v2\/comments?post=5776"}],"version-history":[{"count":1,"href":"https:\/\/nueva.tododiabetes.co\/en\/wp-json\/wp\/v2\/product\/5776\/revisions"}],"predecessor-version":[{"id":5973,"href":"https:\/\/nueva.tododiabetes.co\/en\/wp-json\/wp\/v2\/product\/5776\/revisions\/5973"}],"wp:featuredmedia":[{"embeddable":true,"href":"https:\/\/nueva.tododiabetes.co\/en\/wp-json\/wp\/v2\/media\/5972"}],"wp:attachment":[{"href":"https:\/\/nueva.tododiabetes.co\/en\/wp-json\/wp\/v2\/media?parent=5776"}],"wp:term":[{"taxonomy":"product_brand","embeddable":true,"href":"https:\/\/nueva.tododiabetes.co\/en\/wp-json\/wp\/v2\/product_brand?post=5776"},{"taxonomy":"product_cat","embeddable":true,"href":"https:\/\/nueva.tododiabetes.co\/en\/wp-json\/wp\/v2\/product_cat?post=5776"},{"taxonomy":"product_tag","embeddable":true,"href":"https:\/\/nueva.tododiabetes.co\/en\/wp-json\/wp\/v2\/product_tag?post=5776"}],"curies":[{"name":"wp","href":"https:\/\/api.w.org\/{rel}","templated":true}]}}