{"id":5775,"date":"2026-02-27T14:54:38","date_gmt":"2026-02-27T14:54:38","guid":{"rendered":"https:\/\/nueva.tododiabetes.co\/?post_type=product&#038;p=5775"},"modified":"2026-02-27T14:57:02","modified_gmt":"2026-02-27T14:57:02","slug":"termometro-infrarrojo-tp5000","status":"publish","type":"product","link":"https:\/\/nueva.tododiabetes.co\/en\/product\/termometro-infrarrojo-tp5000\/","title":{"rendered":"TERM\u00d3METRO INFRARROJO TP5000"},"content":{"rendered":"<p>Es un instrumento m\u00e9dico digital para la medici\u00f3n precisa de la temperatura sin contacto.<\/p>\n<ul>\n<li>5 a\u00f1os de vida \u00fatil us\u00e1ndolo aproximadamente 2.000 veces por d\u00eda teniendo m\u00e1s de 3 millones de mediciones.<\/li>\n<li>Garant\u00eda de 1 a\u00f1o.<\/li>\n<li>Equipo con registro vigente VINVIMA-20-0036293.<\/li>\n<li>Mide a trav\u00e9s de la radiaci\u00f3n infrarroja de un cuerpo u objeto, proporciona el resultado de medici\u00f3n en menos de 1 segundo.<\/li>\n<li>No incluye pilas<\/li>\n<\/ul>\n<p>&nbsp;<\/p>\n<table class=\"woocommerce-product-attributes shop_attributes\">\n<tbody>\n<tr class=\"woocommerce-product-attributes-item woocommerce-product-attributes-item--attribute_modelo\">\n<th class=\"woocommerce-product-attributes-item__label\">Modelo<\/th>\n<td class=\"woocommerce-product-attributes-item__value\">TP 500<\/td>\n<\/tr>\n<tr class=\"woocommerce-product-attributes-item woocommerce-product-attributes-item--attribute_uso\">\n<th class=\"woocommerce-product-attributes-item__label\">Uso<\/th>\n<td class=\"woocommerce-product-attributes-item__value\">Adultos y pedi\u00e1trico<\/td>\n<\/tr>\n<tr class=\"woocommerce-product-attributes-item woocommerce-product-attributes-item--attribute_medici%c3%b3n\">\n<th class=\"woocommerce-product-attributes-item__label\">Medici\u00f3n<\/th>\n<td class=\"woocommerce-product-attributes-item__value\">Temperatura corporal de una persona u objeto<\/td>\n<\/tr>\n<tr class=\"woocommerce-product-attributes-item woocommerce-product-attributes-item--attribute_m%c3%a9todo-de-medici%c3%b3n\">\n<th class=\"woocommerce-product-attributes-item__label\">M\u00e9todo de medici\u00f3n<\/th>\n<td class=\"woocommerce-product-attributes-item__value\">Fahrenheit o Celsius en menos de 1 segundo<\/td>\n<\/tr>\n<tr class=\"woocommerce-product-attributes-item woocommerce-product-attributes-item--attribute_indicador\">\n<th class=\"woocommerce-product-attributes-item__label\">Indicador<\/th>\n<td class=\"woocommerce-product-attributes-item__value\">temperatura alta pantalla roja(Hi) o baja pantalla naranja (Lo) y temperatura normal pantalla azul<\/td>\n<\/tr>\n<tr class=\"woocommerce-product-attributes-item woocommerce-product-attributes-item--attribute_pantalla\">\n<th class=\"woocommerce-product-attributes-item__label\">Pantalla<\/th>\n<td class=\"woocommerce-product-attributes-item__value\">LCD (pantalla de cristal l\u00edquido)<\/td>\n<\/tr>\n<tr class=\"woocommerce-product-attributes-item woocommerce-product-attributes-item--attribute_rangos-de-medici%c3%b3n\">\n<th class=\"woocommerce-product-attributes-item__label\">Rangos de medici\u00f3n<\/th>\n<td class=\"woocommerce-product-attributes-item__value\">32.0\u2103\uff0d42.9\u2103 (90.0\u2109-109.9\u2109)<\/td>\n<\/tr>\n<tr class=\"woocommerce-product-attributes-item woocommerce-product-attributes-item--attribute_precisi%c3%b3n-de-medici%c3%b3n\">\n<th class=\"woocommerce-product-attributes-item__label\">Precisi\u00f3n de medici\u00f3n<\/th>\n<td class=\"woocommerce-product-attributes-item__value\">\u2103: +\/- 0.2 \u2013 \u2109: +\/- 0.4<\/td>\n<\/tr>\n<tr class=\"woocommerce-product-attributes-item woocommerce-product-attributes-item--attribute_funci%c3%b3n\">\n<th class=\"woocommerce-product-attributes-item__label\">Funci\u00f3n<\/th>\n<td class=\"woocommerce-product-attributes-item__value\">Almacena 30 memorias, sonido.<\/td>\n<\/tr>\n<tr class=\"woocommerce-product-attributes-item woocommerce-product-attributes-item--attribute_apagado\">\n<th class=\"woocommerce-product-attributes-item__label\">Apagado<\/th>\n<td class=\"woocommerce-product-attributes-item__value\">Autom\u00e1tico<\/td>\n<\/tr>\n<tr class=\"woocommerce-product-attributes-item woocommerce-product-attributes-item--attribute_fuente-de-poder\">\n<th class=\"woocommerce-product-attributes-item__label\">Fuente de poder<\/th>\n<td class=\"woocommerce-product-attributes-item__value\">2 bater\u00edas triple AAA (No Incluidas)<\/td>\n<\/tr>\n<tr class=\"woocommerce-product-attributes-item woocommerce-product-attributes-item--attribute_peso\">\n<th class=\"woocommerce-product-attributes-item__label\">Peso<\/th>\n<td class=\"woocommerce-product-attributes-item__value\">Aprox 130 g<\/td>\n<\/tr>\n<tr class=\"woocommerce-product-attributes-item woocommerce-product-attributes-item--attribute_dimensi%c3%b3n\">\n<th class=\"woocommerce-product-attributes-item__label\">Dimensi\u00f3n<\/th>\n<td class=\"woocommerce-product-attributes-item__value\">Aprox 14x8x2cm (L x A x A)<\/td>\n<\/tr>\n<tr class=\"woocommerce-product-attributes-item woocommerce-product-attributes-item--attribute_compatibilidad-electromagn%c3%a9tica\">\n<th class=\"woocommerce-product-attributes-item__label\">Compatibilidad Electromagn\u00e9tica<\/th>\n<td class=\"woocommerce-product-attributes-item__value\">Tipo BF<\/td>\n<\/tr>\n<tr class=\"woocommerce-product-attributes-item woocommerce-product-attributes-item--attribute_clasificaci%c3%b3n-ip\">\n<th class=\"woocommerce-product-attributes-item__label\">Clasificaci\u00f3n IP<\/th>\n<td class=\"woocommerce-product-attributes-item__value\">IPX0 (protecci\u00f3n contra penetraci\u00f3n de l\u00edquido)<\/td>\n<\/tr>\n<tr class=\"woocommerce-product-attributes-item woocommerce-product-attributes-item--attribute_garant%c3%ada\">\n<th class=\"woocommerce-product-attributes-item__label\">Garant\u00eda<\/th>\n<td class=\"woocommerce-product-attributes-item__value\">1 a\u00f1o<\/td>\n<\/tr>\n<tr class=\"woocommerce-product-attributes-item woocommerce-product-attributes-item--attribute_registro-invima\">\n<th class=\"woocommerce-product-attributes-item__label\">Registro INVIMA<\/th>\n<td class=\"woocommerce-product-attributes-item__value\">vigente VINVIMA-20-0036293<\/td>\n<\/tr>\n<tr class=\"woocommerce-product-attributes-item woocommerce-product-attributes-item--attribute_contenido\">\n<th class=\"woocommerce-product-attributes-item__label\">Contenido<\/th>\n<td class=\"woocommerce-product-attributes-item__value\">Caja de empaque, term\u00f3metro, pl\u00e1stico de almacenamiento, certificado de calibraci\u00f3n y manual.<\/td>\n<\/tr>\n<\/tbody>\n<\/table>","protected":false},"excerpt":{"rendered":"<p>&nbsp;<\/p>\n<p>Para la medicio\u0301n de la temperatura sin contacto. EL termo\u0301metro infrarrojo sin contacto mide a trave\u0301s de la radiacio\u0301n infrarroja de un cuerpo u objeto, proporciona el resultado de medicio\u0301n en aprox 2 segundos.<\/p>\n<p>Ubicar el termo\u0301metro en el centro de la frente de 2 a 3 centi\u0301metros de distancia, oprima el boto\u0301n de start y no lo remueva hasta escuchar el bip final.<\/p>\n<p>Termo\u0301metro de no contacto: lectura ra\u0301pida y fa\u0301cil<\/p>\n<p>Sitio de medicio\u0301n: frente (modo frente)<\/p>\n<div class=\"page\" title=\"Page 1\">\n<div class=\"layoutArea\">\n<div class=\"column\">\n<ul>\n<li>Exactitud modo de frente: \u00b1 0.3 \u00b0C<\/li>\n<li>Unidad de temperatura: Centi\u0301grados (\u00b0C) \/ Fahrenheit (\u00b0F)<\/li>\n<li>Rango de temperatura: 32 \u00b0C ~ 42.9 \u00b0C<\/li>\n<li>Resolucio\u0301n: 0.1 \u00b0C \u00b1 0.2 \u00b0C<\/li>\n<li>Modo de visualizacio\u0301n: pantalla LCD<\/li>\n<li>Datos de memoria: 30 grupos<\/li>\n<li>Fuente de alimentacio\u0301n: DC3V (2 bateri\u0301as AAA)<\/li>\n<li>Duracio\u0301n de uso: 5 an\u0303os.<\/li>\n<li>Peso: alrededor de 130 g<\/li>\n<\/ul>\n<p>&nbsp;<\/p>\n<div class=\"page\" title=\"Page 1\">\n<div class=\"layoutArea\">\n<div class=\"column\">\n<p><strong>Contenido:<\/strong> \u00a0Caja de empaque, term\u00f3metro, pl\u00e1stico de almacenamiento, certificado de calibraci\u00f3n y manual.<\/p>\n<\/div>\n<\/div>\n<\/div>\n<\/div>\n<\/div>\n<\/div>","protected":false},"featured_media":6009,"comment_status":"closed","ping_status":"closed","template":"","meta":[],"product_brand":[101],"product_cat":[80,93],"product_tag":[139],"class_list":{"0":"post-5775","1":"product","2":"type-product","3":"status-publish","4":"has-post-thumbnail","6":"product_brand-homelife","7":"product_cat-ofertas","8":"product_cat-tensiometros-oximetros-dispositivos-medicos","9":"product_tag-termometros-infrarrojos","11":"first","12":"instock","13":"taxable","14":"shipping-taxable","15":"purchasable","16":"product-type-simple"},"yoast_head":"<!-- This site is optimized with the Yoast SEO plugin v27.2 - https:\/\/yoast.com\/product\/yoast-seo-wordpress\/ -->\n<title>TERM\u00d3METRO INFRARROJO TP5000 - Tododiabetes \u2764\ufe0f<\/title>\n<meta name=\"description\" content=\"Nuestro term\u00f3metro infrarrojo sin contacto mide a trav\u00e9s de la radiaci\u00f3n infrarroja, da el resultado de medici\u00f3n en menos de 1 segundo. \u260e\ufe0f 3009293084.\" \/>\n<meta name=\"robots\" content=\"noindex, follow, max-snippet:-1, max-image-preview:large, max-video-preview:-1\" \/>\n<meta property=\"og:locale\" content=\"en_US\" \/>\n<meta property=\"og:type\" content=\"article\" \/>\n<meta property=\"og:title\" content=\"TERM\u00d3METRO INFRARROJO TP5000 - Tododiabetes \u2764\ufe0f\" \/>\n<meta property=\"og:description\" content=\"Nuestro term\u00f3metro infrarrojo sin contacto mide a trav\u00e9s de la radiaci\u00f3n infrarroja, da el resultado de medici\u00f3n en menos de 1 segundo. \u260e\ufe0f 3009293084.\" \/>\n<meta property=\"og:url\" content=\"https:\/\/nueva.tododiabetes.co\/en\/product\/termometro-infrarrojo-tp5000\/\" \/>\n<meta property=\"og:site_name\" content=\"Tododiabetes \u2764\ufe0f\" \/>\n<meta property=\"article:modified_time\" content=\"2026-02-27T14:57:02+00:00\" \/>\n<meta property=\"og:image\" content=\"https:\/\/nueva.tododiabetes.co\/wp-content\/uploads\/2026\/02\/TERMOMETRO-INFRARROJO-YI-100C-LT202004-1.jpg\" \/>\n\t<meta property=\"og:image:width\" content=\"600\" \/>\n\t<meta property=\"og:image:height\" content=\"600\" \/>\n\t<meta property=\"og:image:type\" content=\"image\/jpeg\" \/>\n<meta name=\"twitter:card\" content=\"summary_large_image\" \/>\n<meta name=\"twitter:label1\" content=\"Est. reading time\" \/>\n\t<meta name=\"twitter:data1\" content=\"2 minutes\" \/>\n<script type=\"application\/ld+json\" class=\"yoast-schema-graph\">{\"@context\":\"https:\/\/schema.org\",\"@graph\":[{\"@type\":\"WebPage\",\"@id\":\"https:\/\/nueva.tododiabetes.co\/product\/termometro-infrarrojo-tp5000\/\",\"url\":\"https:\/\/nueva.tododiabetes.co\/product\/termometro-infrarrojo-tp5000\/\",\"name\":\"TERM\u00d3METRO INFRARROJO TP5000 - Tododiabetes \u2764\ufe0f\",\"isPartOf\":{\"@id\":\"https:\/\/nueva.tododiabetes.co\/#website\"},\"primaryImageOfPage\":{\"@id\":\"https:\/\/nueva.tododiabetes.co\/product\/termometro-infrarrojo-tp5000\/#primaryimage\"},\"image\":{\"@id\":\"https:\/\/nueva.tododiabetes.co\/product\/termometro-infrarrojo-tp5000\/#primaryimage\"},\"thumbnailUrl\":\"https:\/\/nueva.tododiabetes.co\/wp-content\/uploads\/2026\/02\/TERMOMETRO-INFRARROJO-YI-100C-LT202004-1.jpg\",\"datePublished\":\"2026-02-27T14:54:38+00:00\",\"dateModified\":\"2026-02-27T14:57:02+00:00\",\"description\":\"Nuestro term\u00f3metro infrarrojo sin contacto mide a trav\u00e9s de la radiaci\u00f3n infrarroja, da el resultado de medici\u00f3n en menos de 1 segundo. \u260e\ufe0f 3009293084.\",\"breadcrumb\":{\"@id\":\"https:\/\/nueva.tododiabetes.co\/product\/termometro-infrarrojo-tp5000\/#breadcrumb\"},\"inLanguage\":\"en-US\",\"potentialAction\":[{\"@type\":\"ReadAction\",\"target\":[\"https:\/\/nueva.tododiabetes.co\/product\/termometro-infrarrojo-tp5000\/\"]}]},{\"@type\":\"ImageObject\",\"inLanguage\":\"en-US\",\"@id\":\"https:\/\/nueva.tododiabetes.co\/product\/termometro-infrarrojo-tp5000\/#primaryimage\",\"url\":\"https:\/\/nueva.tododiabetes.co\/wp-content\/uploads\/2026\/02\/TERMOMETRO-INFRARROJO-YI-100C-LT202004-1.jpg\",\"contentUrl\":\"https:\/\/nueva.tododiabetes.co\/wp-content\/uploads\/2026\/02\/TERMOMETRO-INFRARROJO-YI-100C-LT202004-1.jpg\",\"width\":600,\"height\":600},{\"@type\":\"BreadcrumbList\",\"@id\":\"https:\/\/nueva.tododiabetes.co\/product\/termometro-infrarrojo-tp5000\/#breadcrumb\",\"itemListElement\":[{\"@type\":\"ListItem\",\"position\":1,\"name\":\"Home\",\"item\":\"https:\/\/nueva.tododiabetes.co\/\"},{\"@type\":\"ListItem\",\"position\":2,\"name\":\"Tienda\",\"item\":\"https:\/\/nueva.tododiabetes.co\/tienda\/\"},{\"@type\":\"ListItem\",\"position\":3,\"name\":\"TERM\u00d3METRO INFRARROJO TP5000\"}]},{\"@type\":\"WebSite\",\"@id\":\"https:\/\/nueva.tododiabetes.co\/#website\",\"url\":\"https:\/\/nueva.tododiabetes.co\/\",\"name\":\"Tododiabetes \u2764\ufe0f\",\"description\":\"Tienda de productos para Diabetes e Hipertensi\u00f3n \u260e\ufe0f 6019195560\",\"publisher\":{\"@id\":\"https:\/\/nueva.tododiabetes.co\/#organization\"},\"potentialAction\":[{\"@type\":\"SearchAction\",\"target\":{\"@type\":\"EntryPoint\",\"urlTemplate\":\"https:\/\/nueva.tododiabetes.co\/?s={search_term_string}\"},\"query-input\":{\"@type\":\"PropertyValueSpecification\",\"valueRequired\":true,\"valueName\":\"search_term_string\"}}],\"inLanguage\":\"en-US\"},{\"@type\":\"Organization\",\"@id\":\"https:\/\/nueva.tododiabetes.co\/#organization\",\"name\":\"Tododiabetes \u2764\ufe0f\",\"url\":\"https:\/\/nueva.tododiabetes.co\/\",\"logo\":{\"@type\":\"ImageObject\",\"inLanguage\":\"en-US\",\"@id\":\"https:\/\/nueva.tododiabetes.co\/#\/schema\/logo\/image\/\",\"url\":\"https:\/\/nueva.tododiabetes.co\/wp-content\/uploads\/2021\/02\/Logo-tododiabetes.webp\",\"contentUrl\":\"https:\/\/nueva.tododiabetes.co\/wp-content\/uploads\/2021\/02\/Logo-tododiabetes.webp\",\"width\":1024,\"height\":137,\"caption\":\"Tododiabetes \u2764\ufe0f\"},\"image\":{\"@id\":\"https:\/\/nueva.tododiabetes.co\/#\/schema\/logo\/image\/\"}}]}<\/script>\n<!-- \/ Yoast SEO plugin. -->","yoast_head_json":{"title":"TERM\u00d3METRO INFRARROJO TP5000 - Tododiabetes \u2764\ufe0f","description":"Nuestro term\u00f3metro infrarrojo sin contacto mide a trav\u00e9s de la radiaci\u00f3n infrarroja, da el resultado de medici\u00f3n en menos de 1 segundo. \u260e\ufe0f 3009293084.","robots":{"index":"noindex","follow":"follow","max-snippet":"max-snippet:-1","max-image-preview":"max-image-preview:large","max-video-preview":"max-video-preview:-1"},"og_locale":"en_US","og_type":"article","og_title":"TERM\u00d3METRO INFRARROJO TP5000 - Tododiabetes \u2764\ufe0f","og_description":"Nuestro term\u00f3metro infrarrojo sin contacto mide a trav\u00e9s de la radiaci\u00f3n infrarroja, da el resultado de medici\u00f3n en menos de 1 segundo. \u260e\ufe0f 3009293084.","og_url":"https:\/\/nueva.tododiabetes.co\/en\/product\/termometro-infrarrojo-tp5000\/","og_site_name":"Tododiabetes \u2764\ufe0f","article_modified_time":"2026-02-27T14:57:02+00:00","og_image":[{"width":600,"height":600,"url":"https:\/\/nueva.tododiabetes.co\/wp-content\/uploads\/2026\/02\/TERMOMETRO-INFRARROJO-YI-100C-LT202004-1.jpg","type":"image\/jpeg"}],"twitter_card":"summary_large_image","twitter_misc":{"Est. reading time":"2 minutes"},"schema":{"@context":"https:\/\/schema.org","@graph":[{"@type":"WebPage","@id":"https:\/\/nueva.tododiabetes.co\/product\/termometro-infrarrojo-tp5000\/","url":"https:\/\/nueva.tododiabetes.co\/product\/termometro-infrarrojo-tp5000\/","name":"TERM\u00d3METRO INFRARROJO TP5000 - Tododiabetes \u2764\ufe0f","isPartOf":{"@id":"https:\/\/nueva.tododiabetes.co\/#website"},"primaryImageOfPage":{"@id":"https:\/\/nueva.tododiabetes.co\/product\/termometro-infrarrojo-tp5000\/#primaryimage"},"image":{"@id":"https:\/\/nueva.tododiabetes.co\/product\/termometro-infrarrojo-tp5000\/#primaryimage"},"thumbnailUrl":"https:\/\/nueva.tododiabetes.co\/wp-content\/uploads\/2026\/02\/TERMOMETRO-INFRARROJO-YI-100C-LT202004-1.jpg","datePublished":"2026-02-27T14:54:38+00:00","dateModified":"2026-02-27T14:57:02+00:00","description":"Nuestro term\u00f3metro infrarrojo sin contacto mide a trav\u00e9s de la radiaci\u00f3n infrarroja, da el resultado de medici\u00f3n en menos de 1 segundo. \u260e\ufe0f 3009293084.","breadcrumb":{"@id":"https:\/\/nueva.tododiabetes.co\/product\/termometro-infrarrojo-tp5000\/#breadcrumb"},"inLanguage":"en-US","potentialAction":[{"@type":"ReadAction","target":["https:\/\/nueva.tododiabetes.co\/product\/termometro-infrarrojo-tp5000\/"]}]},{"@type":"ImageObject","inLanguage":"en-US","@id":"https:\/\/nueva.tododiabetes.co\/product\/termometro-infrarrojo-tp5000\/#primaryimage","url":"https:\/\/nueva.tododiabetes.co\/wp-content\/uploads\/2026\/02\/TERMOMETRO-INFRARROJO-YI-100C-LT202004-1.jpg","contentUrl":"https:\/\/nueva.tododiabetes.co\/wp-content\/uploads\/2026\/02\/TERMOMETRO-INFRARROJO-YI-100C-LT202004-1.jpg","width":600,"height":600},{"@type":"BreadcrumbList","@id":"https:\/\/nueva.tododiabetes.co\/product\/termometro-infrarrojo-tp5000\/#breadcrumb","itemListElement":[{"@type":"ListItem","position":1,"name":"Home","item":"https:\/\/nueva.tododiabetes.co\/"},{"@type":"ListItem","position":2,"name":"Tienda","item":"https:\/\/nueva.tododiabetes.co\/tienda\/"},{"@type":"ListItem","position":3,"name":"TERM\u00d3METRO INFRARROJO TP5000"}]},{"@type":"WebSite","@id":"https:\/\/nueva.tododiabetes.co\/#website","url":"https:\/\/nueva.tododiabetes.co\/","name":"Tododiabetes \u2764\ufe0f","description":"Tienda de productos para Diabetes e Hipertensi\u00f3n \u260e\ufe0f 6019195560","publisher":{"@id":"https:\/\/nueva.tododiabetes.co\/#organization"},"potentialAction":[{"@type":"SearchAction","target":{"@type":"EntryPoint","urlTemplate":"https:\/\/nueva.tododiabetes.co\/?s={search_term_string}"},"query-input":{"@type":"PropertyValueSpecification","valueRequired":true,"valueName":"search_term_string"}}],"inLanguage":"en-US"},{"@type":"Organization","@id":"https:\/\/nueva.tododiabetes.co\/#organization","name":"Tododiabetes \u2764\ufe0f","url":"https:\/\/nueva.tododiabetes.co\/","logo":{"@type":"ImageObject","inLanguage":"en-US","@id":"https:\/\/nueva.tododiabetes.co\/#\/schema\/logo\/image\/","url":"https:\/\/nueva.tododiabetes.co\/wp-content\/uploads\/2021\/02\/Logo-tododiabetes.webp","contentUrl":"https:\/\/nueva.tododiabetes.co\/wp-content\/uploads\/2021\/02\/Logo-tododiabetes.webp","width":1024,"height":137,"caption":"Tododiabetes \u2764\ufe0f"},"image":{"@id":"https:\/\/nueva.tododiabetes.co\/#\/schema\/logo\/image\/"}}]}},"_links":{"self":[{"href":"https:\/\/nueva.tododiabetes.co\/en\/wp-json\/wp\/v2\/product\/5775","targetHints":{"allow":["GET"]}}],"collection":[{"href":"https:\/\/nueva.tododiabetes.co\/en\/wp-json\/wp\/v2\/product"}],"about":[{"href":"https:\/\/nueva.tododiabetes.co\/en\/wp-json\/wp\/v2\/types\/product"}],"replies":[{"embeddable":true,"href":"https:\/\/nueva.tododiabetes.co\/en\/wp-json\/wp\/v2\/comments?post=5775"}],"version-history":[{"count":1,"href":"https:\/\/nueva.tododiabetes.co\/en\/wp-json\/wp\/v2\/product\/5775\/revisions"}],"predecessor-version":[{"id":6010,"href":"https:\/\/nueva.tododiabetes.co\/en\/wp-json\/wp\/v2\/product\/5775\/revisions\/6010"}],"wp:featuredmedia":[{"embeddable":true,"href":"https:\/\/nueva.tododiabetes.co\/en\/wp-json\/wp\/v2\/media\/6009"}],"wp:attachment":[{"href":"https:\/\/nueva.tododiabetes.co\/en\/wp-json\/wp\/v2\/media?parent=5775"}],"wp:term":[{"taxonomy":"product_brand","embeddable":true,"href":"https:\/\/nueva.tododiabetes.co\/en\/wp-json\/wp\/v2\/product_brand?post=5775"},{"taxonomy":"product_cat","embeddable":true,"href":"https:\/\/nueva.tododiabetes.co\/en\/wp-json\/wp\/v2\/product_cat?post=5775"},{"taxonomy":"product_tag","embeddable":true,"href":"https:\/\/nueva.tododiabetes.co\/en\/wp-json\/wp\/v2\/product_tag?post=5775"}],"curies":[{"name":"wp","href":"https:\/\/api.w.org\/{rel}","templated":true}]}}