{"id":5766,"date":"2026-02-27T14:54:38","date_gmt":"2026-02-27T14:54:38","guid":{"rendered":"https:\/\/nueva.tododiabetes.co\/?post_type=product&#038;p=5766"},"modified":"2026-02-27T14:54:43","modified_gmt":"2026-02-27T14:54:43","slug":"tiras-accu-chek-instant-x-50","status":"publish","type":"product","link":"https:\/\/nueva.tododiabetes.co\/en\/product\/tiras-accu-chek-instant-x-50\/","title":{"rendered":"Tiras Accu-Chek Instant X 50"},"content":{"rendered":"<p><span class=\"benefits\"><strong>Caracter\u00edsticas y especificaciones<\/strong><\/span><\/p>\n<div>\n<ul>\n<li>M\u00ednima cantidad de sangre<\/li>\n<li>Borde amplio para f\u00e1cil dosificaci\u00f3n<\/li>\n<li>Llenado f\u00e1cil y r\u00e1pido, resultados en 4 segundos<\/li>\n<li>Fecha de caducidad m\u00e1s visible<\/li>\n<li>Resultados exactos<\/li>\n<li>Tubo con cierre herm\u00e9tico que ayuda a conservar en buen estado las tiras reactivas<\/li>\n<\/ul>\n<\/div>\n<ul>\n<li>Tiempo de medici\u00f3n: Aprox. 4 segundos<\/li>\n<li>Volumen de la muestra: 0.4 \u00b5l (una gota de sangre)<\/li>\n<li>Tecnolog\u00eda de medici\u00f3n: Enzim\u00e1tico electroqu\u00edmico<\/li>\n<li>Prueba en sitio alternativo: Capilares (en dedos). Para uso hospitalario: venosas (en las venas) arteriales (en las arterias) neonatales (para reci\u00e9n nacido)<\/li>\n<\/ul>\n<p>&nbsp;<\/p>\n<p><strong>Estabilidad de las tiras reactivas: <\/strong>Las tiras reactivas se mantienen estables hasta la fecha de vencimiento que est\u00e1 impresa en el tubo, incluso una vez abierto. Recuerde mantener cerrado herm\u00e9ticamente luego de retirar una tira reactiva con sus manos limpias y secas, para mantener su integridad qu\u00edmica y la obtenci\u00f3n de resultados confiables. Deseche las tiras reactivas pasada su fecha de caducidad.<\/p>\n<p>&nbsp;<\/p>\n<p><strong>Almacenamiento y temperatura de uso: <\/strong>Almacene las tiras reactivas a temperaturas de entre 4 y 30 \u00b0C. No congele las tiras reactivas. Use las tiras reactivas a temperaturas de entre 4 y 45 \u00b0C.<\/p>\n<p>&nbsp;<\/p>\n<p><strong>C\u00f3mo usar las Tiras Accu-Chek Instant\u00ae con el medidor Instant<\/strong><\/p>\n<ul>\n<li>Use \u00fanicamente tiras reactivas\u00a0Accu-Chek\u00a0Instant.<\/li>\n<li>Use la tira reactiva inmediatamente despu\u00e9s de retirarla del tubo de tiras reactivas.<\/li>\n<li>No aplique sangre o soluci\u00f3n de control a la tira reactiva antes de insertarla en el medidor.<\/li>\n<\/ul>\n<p>&nbsp;<\/p>\n<p><strong>Proceso de uso:<\/strong><\/p>\n<ul>\n<li>Inserte el extremo met\u00e1lico de la tira reactiva en el medidor. El medidor se enciende.<\/li>\n<li>Cuando aparezca el s\u00edmbolo de una gota parpadeando, efect\u00fae una punci\u00f3n en la yema del dedo con el dispositivo de punci\u00f3n.<\/li>\n<li>Apri\u00e9tese ligeramente el dedo para estimular el flujo de sangre. Esto le ayuda a obtener una gota de sangre.<\/li>\n<li>Roce el borde amarillo de la tira reactiva con la gota de sangre. Retire el dedo de la tira reactiva cuando aparezca el s\u00edmbolo de un reloj de arena parpadeando. No aplique sangre encima de la tira reactiva.<\/li>\n<li>El resultado de glucemia aparece junto con una flecha. La flecha indica si el resultado de medici\u00f3n est\u00e1 por encima, por debajo o dentro del intervalo ideal.* El intervalo ideal est\u00e1 representado por la zona verde del indicador de intervalo ideal. La flecha parpadear\u00e1 si el resultado de medici\u00f3n est\u00e1 por encima o por debajo de dicho intervalo.<\/li>\n<li>Retire y deseche la tira reactiva usada.<\/li>\n<\/ul>\n<p>&nbsp;<\/p>\n<p>*El intervalo ideal ajustado de modo predeterminado es de 70\u2013160 mg\/dL (3,9\u20138,9 mmol\/L). Para cambiar el intervalo ideal, sincronice el medidor con un dispositivo m\u00f3vil o con\u00e9ctelo a un ordenador que tenga instalado un software para el tratamiento de la diabetes. P\u00f3ngase en contacto con el personal sanitario que le atiende antes de cambiar el intervalo ideal.<\/p>\n<p>&nbsp;<\/p>\n<p>Consulte a su m\u00e9dico. Lea las instrucciones de uso. Prevenci\u00f3n es salud. (Manual de uso, p\u00e1g. 15).<\/p>\n<p><strong>Invima M-2008Rd-0000752<\/strong><\/p>","protected":false},"excerpt":{"rendered":"<p><strong>Incluye:<\/strong><\/p>\n<ul>\n<li>1 caja de tiras Accu-chek Instant x 5o<\/li>\n<\/ul>\n<p>&nbsp;<\/p>\n<p><span class=\"benefits\"><strong>Caracter\u00edsticas y especificaciones<\/strong><\/span><\/p>\n<div>\n<ul>\n<li>M\u00ednima cantidad de sangre<\/li>\n<li>Borde amplio para f\u00e1cil dosificaci\u00f3n<\/li>\n<li>Llenado f\u00e1cil y r\u00e1pido, resultados en 4 segundos<\/li>\n<li>Fecha de caducidad m\u00e1s visible<\/li>\n<li>Resultados exactos<\/li>\n<li>Tubo con cierre herm\u00e9tico que ayuda a conservar en buen estado las tiras reactivas<\/li>\n<li><strong>Invima M-2008Rd-0000752<\/strong><\/li>\n<\/ul>\n<\/div>","protected":false},"featured_media":5815,"comment_status":"closed","ping_status":"closed","template":"","meta":[],"product_brand":[74,73],"product_cat":[72],"product_tag":[],"class_list":{"0":"post-5766","1":"product","2":"type-product","3":"status-publish","4":"has-post-thumbnail","6":"product_brand-accu-chek","7":"product_brand-roche","8":"product_cat-glucometros-y-tiras","10":"first","11":"instock","12":"taxable","13":"shipping-taxable","14":"purchasable","15":"product-type-simple"},"yoast_head":"<!-- This site is optimized with the Yoast SEO plugin v27.2 - https:\/\/yoast.com\/product\/yoast-seo-wordpress\/ -->\n<title>Tiras Accu-Chek Instant X 50 - Tododiabetes \u2764\ufe0f<\/title>\n<meta name=\"description\" content=\"Las tiras Accu-Chek Instant te ofrecen resultados precisos y confiables en sus medici\u00f3nes, permiti\u00e9ndote controlar tu diabetes. \u260e\ufe0f 3009293084\" \/>\n<meta name=\"robots\" content=\"noindex, follow, max-snippet:-1, max-image-preview:large, max-video-preview:-1\" \/>\n<meta property=\"og:locale\" content=\"en_US\" \/>\n<meta property=\"og:type\" content=\"article\" \/>\n<meta property=\"og:title\" content=\"Tiras Accu-Chek Instant X 50 - Tododiabetes \u2764\ufe0f\" \/>\n<meta property=\"og:description\" content=\"Las tiras Accu-Chek Instant te ofrecen resultados precisos y confiables en sus medici\u00f3nes, permiti\u00e9ndote controlar tu diabetes. \u260e\ufe0f 3009293084\" \/>\n<meta property=\"og:url\" content=\"https:\/\/nueva.tododiabetes.co\/en\/product\/tiras-accu-chek-instant-x-50\/\" \/>\n<meta property=\"og:site_name\" content=\"Tododiabetes \u2764\ufe0f\" \/>\n<meta property=\"article:modified_time\" content=\"2026-02-27T14:54:43+00:00\" \/>\n<meta property=\"og:image\" content=\"https:\/\/nueva.tododiabetes.co\/wp-content\/uploads\/2026\/02\/tira-reactiva-accu-check-instant-1-2.jpg\" \/>\n\t<meta property=\"og:image:width\" content=\"225\" \/>\n\t<meta property=\"og:image:height\" content=\"225\" \/>\n\t<meta property=\"og:image:type\" content=\"image\/jpeg\" \/>\n<meta name=\"twitter:card\" content=\"summary_large_image\" \/>\n<meta name=\"twitter:label1\" content=\"Est. reading time\" \/>\n\t<meta name=\"twitter:data1\" content=\"3 minutes\" \/>\n<script type=\"application\/ld+json\" class=\"yoast-schema-graph\">{\"@context\":\"https:\/\/schema.org\",\"@graph\":[{\"@type\":\"WebPage\",\"@id\":\"https:\/\/nueva.tododiabetes.co\/product\/tiras-accu-chek-instant-x-50\/\",\"url\":\"https:\/\/nueva.tododiabetes.co\/product\/tiras-accu-chek-instant-x-50\/\",\"name\":\"Tiras Accu-Chek Instant X 50 - Tododiabetes \u2764\ufe0f\",\"isPartOf\":{\"@id\":\"https:\/\/nueva.tododiabetes.co\/#website\"},\"primaryImageOfPage\":{\"@id\":\"https:\/\/nueva.tododiabetes.co\/product\/tiras-accu-chek-instant-x-50\/#primaryimage\"},\"image\":{\"@id\":\"https:\/\/nueva.tododiabetes.co\/product\/tiras-accu-chek-instant-x-50\/#primaryimage\"},\"thumbnailUrl\":\"https:\/\/nueva.tododiabetes.co\/wp-content\/uploads\/2026\/02\/tira-reactiva-accu-check-instant-1-2.jpg\",\"datePublished\":\"2026-02-27T14:54:38+00:00\",\"dateModified\":\"2026-02-27T14:54:43+00:00\",\"description\":\"Las tiras Accu-Chek Instant te ofrecen resultados precisos y confiables en sus medici\u00f3nes, permiti\u00e9ndote controlar tu diabetes. \u260e\ufe0f 3009293084\",\"breadcrumb\":{\"@id\":\"https:\/\/nueva.tododiabetes.co\/product\/tiras-accu-chek-instant-x-50\/#breadcrumb\"},\"inLanguage\":\"en-US\",\"potentialAction\":[{\"@type\":\"ReadAction\",\"target\":[\"https:\/\/nueva.tododiabetes.co\/product\/tiras-accu-chek-instant-x-50\/\"]}]},{\"@type\":\"ImageObject\",\"inLanguage\":\"en-US\",\"@id\":\"https:\/\/nueva.tododiabetes.co\/product\/tiras-accu-chek-instant-x-50\/#primaryimage\",\"url\":\"https:\/\/nueva.tododiabetes.co\/wp-content\/uploads\/2026\/02\/tira-reactiva-accu-check-instant-1-2.jpg\",\"contentUrl\":\"https:\/\/nueva.tododiabetes.co\/wp-content\/uploads\/2026\/02\/tira-reactiva-accu-check-instant-1-2.jpg\",\"width\":225,\"height\":225},{\"@type\":\"BreadcrumbList\",\"@id\":\"https:\/\/nueva.tododiabetes.co\/product\/tiras-accu-chek-instant-x-50\/#breadcrumb\",\"itemListElement\":[{\"@type\":\"ListItem\",\"position\":1,\"name\":\"Home\",\"item\":\"https:\/\/nueva.tododiabetes.co\/\"},{\"@type\":\"ListItem\",\"position\":2,\"name\":\"Tienda\",\"item\":\"https:\/\/nueva.tododiabetes.co\/tienda\/\"},{\"@type\":\"ListItem\",\"position\":3,\"name\":\"Tiras Accu-Chek Instant X 50\"}]},{\"@type\":\"WebSite\",\"@id\":\"https:\/\/nueva.tododiabetes.co\/#website\",\"url\":\"https:\/\/nueva.tododiabetes.co\/\",\"name\":\"Tododiabetes \u2764\ufe0f\",\"description\":\"Tienda de productos para Diabetes e Hipertensi\u00f3n \u260e\ufe0f 6019195560\",\"publisher\":{\"@id\":\"https:\/\/nueva.tododiabetes.co\/#organization\"},\"potentialAction\":[{\"@type\":\"SearchAction\",\"target\":{\"@type\":\"EntryPoint\",\"urlTemplate\":\"https:\/\/nueva.tododiabetes.co\/?s={search_term_string}\"},\"query-input\":{\"@type\":\"PropertyValueSpecification\",\"valueRequired\":true,\"valueName\":\"search_term_string\"}}],\"inLanguage\":\"en-US\"},{\"@type\":\"Organization\",\"@id\":\"https:\/\/nueva.tododiabetes.co\/#organization\",\"name\":\"Tododiabetes \u2764\ufe0f\",\"url\":\"https:\/\/nueva.tododiabetes.co\/\",\"logo\":{\"@type\":\"ImageObject\",\"inLanguage\":\"en-US\",\"@id\":\"https:\/\/nueva.tododiabetes.co\/#\/schema\/logo\/image\/\",\"url\":\"https:\/\/nueva.tododiabetes.co\/wp-content\/uploads\/2021\/02\/Logo-tododiabetes.webp\",\"contentUrl\":\"https:\/\/nueva.tododiabetes.co\/wp-content\/uploads\/2021\/02\/Logo-tododiabetes.webp\",\"width\":1024,\"height\":137,\"caption\":\"Tododiabetes \u2764\ufe0f\"},\"image\":{\"@id\":\"https:\/\/nueva.tododiabetes.co\/#\/schema\/logo\/image\/\"}}]}<\/script>\n<!-- \/ Yoast SEO plugin. -->","yoast_head_json":{"title":"Tiras Accu-Chek Instant X 50 - Tododiabetes \u2764\ufe0f","description":"Las tiras Accu-Chek Instant te ofrecen resultados precisos y confiables en sus medici\u00f3nes, permiti\u00e9ndote controlar tu diabetes. \u260e\ufe0f 3009293084","robots":{"index":"noindex","follow":"follow","max-snippet":"max-snippet:-1","max-image-preview":"max-image-preview:large","max-video-preview":"max-video-preview:-1"},"og_locale":"en_US","og_type":"article","og_title":"Tiras Accu-Chek Instant X 50 - Tododiabetes \u2764\ufe0f","og_description":"Las tiras Accu-Chek Instant te ofrecen resultados precisos y confiables en sus medici\u00f3nes, permiti\u00e9ndote controlar tu diabetes. \u260e\ufe0f 3009293084","og_url":"https:\/\/nueva.tododiabetes.co\/en\/product\/tiras-accu-chek-instant-x-50\/","og_site_name":"Tododiabetes \u2764\ufe0f","article_modified_time":"2026-02-27T14:54:43+00:00","og_image":[{"width":225,"height":225,"url":"https:\/\/nueva.tododiabetes.co\/wp-content\/uploads\/2026\/02\/tira-reactiva-accu-check-instant-1-2.jpg","type":"image\/jpeg"}],"twitter_card":"summary_large_image","twitter_misc":{"Est. reading time":"3 minutes"},"schema":{"@context":"https:\/\/schema.org","@graph":[{"@type":"WebPage","@id":"https:\/\/nueva.tododiabetes.co\/product\/tiras-accu-chek-instant-x-50\/","url":"https:\/\/nueva.tododiabetes.co\/product\/tiras-accu-chek-instant-x-50\/","name":"Tiras Accu-Chek Instant X 50 - Tododiabetes \u2764\ufe0f","isPartOf":{"@id":"https:\/\/nueva.tododiabetes.co\/#website"},"primaryImageOfPage":{"@id":"https:\/\/nueva.tododiabetes.co\/product\/tiras-accu-chek-instant-x-50\/#primaryimage"},"image":{"@id":"https:\/\/nueva.tododiabetes.co\/product\/tiras-accu-chek-instant-x-50\/#primaryimage"},"thumbnailUrl":"https:\/\/nueva.tododiabetes.co\/wp-content\/uploads\/2026\/02\/tira-reactiva-accu-check-instant-1-2.jpg","datePublished":"2026-02-27T14:54:38+00:00","dateModified":"2026-02-27T14:54:43+00:00","description":"Las tiras Accu-Chek Instant te ofrecen resultados precisos y confiables en sus medici\u00f3nes, permiti\u00e9ndote controlar tu diabetes. \u260e\ufe0f 3009293084","breadcrumb":{"@id":"https:\/\/nueva.tododiabetes.co\/product\/tiras-accu-chek-instant-x-50\/#breadcrumb"},"inLanguage":"en-US","potentialAction":[{"@type":"ReadAction","target":["https:\/\/nueva.tododiabetes.co\/product\/tiras-accu-chek-instant-x-50\/"]}]},{"@type":"ImageObject","inLanguage":"en-US","@id":"https:\/\/nueva.tododiabetes.co\/product\/tiras-accu-chek-instant-x-50\/#primaryimage","url":"https:\/\/nueva.tododiabetes.co\/wp-content\/uploads\/2026\/02\/tira-reactiva-accu-check-instant-1-2.jpg","contentUrl":"https:\/\/nueva.tododiabetes.co\/wp-content\/uploads\/2026\/02\/tira-reactiva-accu-check-instant-1-2.jpg","width":225,"height":225},{"@type":"BreadcrumbList","@id":"https:\/\/nueva.tododiabetes.co\/product\/tiras-accu-chek-instant-x-50\/#breadcrumb","itemListElement":[{"@type":"ListItem","position":1,"name":"Home","item":"https:\/\/nueva.tododiabetes.co\/"},{"@type":"ListItem","position":2,"name":"Tienda","item":"https:\/\/nueva.tododiabetes.co\/tienda\/"},{"@type":"ListItem","position":3,"name":"Tiras Accu-Chek Instant X 50"}]},{"@type":"WebSite","@id":"https:\/\/nueva.tododiabetes.co\/#website","url":"https:\/\/nueva.tododiabetes.co\/","name":"Tododiabetes \u2764\ufe0f","description":"Tienda de productos para Diabetes e Hipertensi\u00f3n \u260e\ufe0f 6019195560","publisher":{"@id":"https:\/\/nueva.tododiabetes.co\/#organization"},"potentialAction":[{"@type":"SearchAction","target":{"@type":"EntryPoint","urlTemplate":"https:\/\/nueva.tododiabetes.co\/?s={search_term_string}"},"query-input":{"@type":"PropertyValueSpecification","valueRequired":true,"valueName":"search_term_string"}}],"inLanguage":"en-US"},{"@type":"Organization","@id":"https:\/\/nueva.tododiabetes.co\/#organization","name":"Tododiabetes \u2764\ufe0f","url":"https:\/\/nueva.tododiabetes.co\/","logo":{"@type":"ImageObject","inLanguage":"en-US","@id":"https:\/\/nueva.tododiabetes.co\/#\/schema\/logo\/image\/","url":"https:\/\/nueva.tododiabetes.co\/wp-content\/uploads\/2021\/02\/Logo-tododiabetes.webp","contentUrl":"https:\/\/nueva.tododiabetes.co\/wp-content\/uploads\/2021\/02\/Logo-tododiabetes.webp","width":1024,"height":137,"caption":"Tododiabetes \u2764\ufe0f"},"image":{"@id":"https:\/\/nueva.tododiabetes.co\/#\/schema\/logo\/image\/"}}]}},"_links":{"self":[{"href":"https:\/\/nueva.tododiabetes.co\/en\/wp-json\/wp\/v2\/product\/5766","targetHints":{"allow":["GET"]}}],"collection":[{"href":"https:\/\/nueva.tododiabetes.co\/en\/wp-json\/wp\/v2\/product"}],"about":[{"href":"https:\/\/nueva.tododiabetes.co\/en\/wp-json\/wp\/v2\/types\/product"}],"replies":[{"embeddable":true,"href":"https:\/\/nueva.tododiabetes.co\/en\/wp-json\/wp\/v2\/comments?post=5766"}],"version-history":[{"count":1,"href":"https:\/\/nueva.tododiabetes.co\/en\/wp-json\/wp\/v2\/product\/5766\/revisions"}],"predecessor-version":[{"id":5816,"href":"https:\/\/nueva.tododiabetes.co\/en\/wp-json\/wp\/v2\/product\/5766\/revisions\/5816"}],"wp:featuredmedia":[{"embeddable":true,"href":"https:\/\/nueva.tododiabetes.co\/en\/wp-json\/wp\/v2\/media\/5815"}],"wp:attachment":[{"href":"https:\/\/nueva.tododiabetes.co\/en\/wp-json\/wp\/v2\/media?parent=5766"}],"wp:term":[{"taxonomy":"product_brand","embeddable":true,"href":"https:\/\/nueva.tododiabetes.co\/en\/wp-json\/wp\/v2\/product_brand?post=5766"},{"taxonomy":"product_cat","embeddable":true,"href":"https:\/\/nueva.tododiabetes.co\/en\/wp-json\/wp\/v2\/product_cat?post=5766"},{"taxonomy":"product_tag","embeddable":true,"href":"https:\/\/nueva.tododiabetes.co\/en\/wp-json\/wp\/v2\/product_tag?post=5766"}],"curies":[{"name":"wp","href":"https:\/\/api.w.org\/{rel}","templated":true}]}}